{"id":654,"date":"2025-11-13T11:10:54","date_gmt":"2025-11-13T11:10:54","guid":{"rendered":"https:\/\/longplaymusicfilmfestival.com\/?page_id=654"},"modified":"2025-11-13T12:27:28","modified_gmt":"2025-11-13T12:27:28","slug":"velox-album-release-documentary","status":"publish","type":"page","link":"https:\/\/longplaymusicfilmfestival.com\/en\/velox-album-release-documentary\/","title":{"rendered":"VELOX: ALBUM RELEASE DOCUMENTARY"},"content":{"rendered":"<div class=\"row\"  id=\"row-1154192846\">\n\n\n\t<div id=\"col-1997033933\" class=\"col small-12 large-12\"  >\n\t\t\t\t<div class=\"col-inner\"  >\n\t\t\t\n\t\t\t\n\n\n\t\t<\/div>\n\t\t\t\t\t<\/div>\n\n\t\n\n<\/div>\n<div class=\"container section-title-container\" ><h1 class=\"section-title section-title-center\"><b><\/b><span class=\"section-title-main\" style=\"color:rgb(0, 0, 0);\">VELOX: ALBUM RELEASE  DOCUMENTARY<\/span><b><\/b><\/h1><\/div>\n\n<div class=\"row\"  id=\"row-915410144\">\n\n\n\t<div id=\"col-878857942\" class=\"col medium-4 small-12 large-4\"  >\n\t\t\t\t<div class=\"col-inner\"  >\n\t\t\t\n\t\t\t\n\n\t<div class=\"img has-hover x md-x lg-x y md-y lg-y\" id=\"image_833218836\">\n\t\t\t\t\t\t\t\t<div class=\"img-inner dark\" >\n\t\t\t<img loading=\"lazy\" decoding=\"async\" width=\"600\" height=\"800\" src=\"https:\/\/longplaymusicfilmfestival.com\/wp-content\/uploads\/2025\/11\/FILM-AFIS-2.jpg\" class=\"attachment-large size-large\" alt=\"\" srcset=\"https:\/\/longplaymusicfilmfestival.com\/wp-content\/uploads\/2025\/11\/FILM-AFIS-2.jpg 600w, https:\/\/longplaymusicfilmfestival.com\/wp-content\/uploads\/2025\/11\/FILM-AFIS-2-300x400.jpg 300w, https:\/\/longplaymusicfilmfestival.com\/wp-content\/uploads\/2025\/11\/FILM-AFIS-2-9x12.jpg 9w\" sizes=\"auto, (max-width: 600px) 100vw, 600px\" \/>\t\t\t\t\t\t\n\t\t\t\t\t<\/div>\n\t\t\t\t\t\t\t\t\n<style>\n#image_833218836 {\n  width: 100%;\n}\n<\/style>\n\t<\/div>\n\t\n\n\n\t\t<\/div>\n\t\t\t\t\t<\/div>\n\n\t\n\n\t<div id=\"col-1745133031\" class=\"col medium-8 small-12 large-8\"  >\n\t\t\t\t<div class=\"col-inner\"  >\n\t\t\t\n\t\t\t\n\n<p><strong>Year of Production<\/strong>: 2025<\/p>\n<p><strong>Country<\/strong>: T\u00fcrkiye\u00a0<\/p>\n<p><strong>Project Type<\/strong>: Documentary<\/p>\n<p><strong>Duration<\/strong>: 11m<\/p>\n<p><strong>Director<\/strong>: \u00c7a\u011fatay Y\u0130\u011e\u0130T<\/p>\n\n\t\t<\/div>\n\t\t\t\t\t<\/div>\n\n\t\n\n<\/div>\n\n  \n    <div class=\"row large-columns-4 medium-columns-3 small-columns-2 slider row-slider slider-nav-reveal\"  data-flickity-options='{\"imagesLoaded\": true, \"groupCells\": \"100%\", \"dragThreshold\" : 5, \"cellAlign\": \"left\",\"wrapAround\": true,\"prevNextButtons\": true,\"percentPosition\": true,\"pageDots\": false, \"rightToLeft\": false, \"autoPlay\" : false}'>\n\n  <div class=\"gallery-col col\" >\n          <div class=\"col-inner\">\n            <a class=\"image-lightbox lightbox-gallery\" href=\"https:\/\/longplaymusicfilmfestival.com\/wp-content\/uploads\/2025\/11\/Photo-8-VELOX_2-1067x800.jpg\" title=\"\">            <div class=\"box has-hover gallery-box box-overlay dark\">\n              <div class=\"box-image image-cover\" style=\"padding-top:100%;\">\n                <img loading=\"lazy\" decoding=\"async\" width=\"533\" height=\"400\" src=\"https:\/\/longplaymusicfilmfestival.com\/wp-content\/uploads\/2025\/11\/Photo-8-VELOX_2-533x400.jpg\" class=\"attachment-medium size-medium\" alt=\"\" ids=\"657,658,659,660,661,662,663\" type=\"slider\" image_height=\"100%\" srcset=\"https:\/\/longplaymusicfilmfestival.com\/wp-content\/uploads\/2025\/11\/Photo-8-VELOX_2-533x400.jpg 533w, https:\/\/longplaymusicfilmfestival.com\/wp-content\/uploads\/2025\/11\/Photo-8-VELOX_2-1067x800.jpg 1067w, https:\/\/longplaymusicfilmfestival.com\/wp-content\/uploads\/2025\/11\/Photo-8-VELOX_2-768x576.jpg 768w, https:\/\/longplaymusicfilmfestival.com\/wp-content\/uploads\/2025\/11\/Photo-8-VELOX_2-16x12.jpg 16w, https:\/\/longplaymusicfilmfestival.com\/wp-content\/uploads\/2025\/11\/Photo-8-VELOX_2.jpg 1440w\" sizes=\"auto, (max-width: 533px) 100vw, 533px\" \/>                                  <div class=\"overlay fill\"\n                      style=\"background-color: rgba(0,0,0,.15)\">\n                  <\/div>\n                                                              <\/div>\n              <div class=\"box-text text-left\" >\n                 <p><\/p>\n              <\/div>\n            <\/div>\n            <\/a>          <\/div>\n         <\/div><div class=\"gallery-col col\" >\n          <div class=\"col-inner\">\n            <a class=\"image-lightbox lightbox-gallery\" href=\"https:\/\/longplaymusicfilmfestival.com\/wp-content\/uploads\/2025\/11\/Photo-7-VELOX_7-1067x800.jpg\" title=\"\">            <div class=\"box has-hover gallery-box box-overlay dark\">\n              <div class=\"box-image image-cover\" style=\"padding-top:100%;\">\n                <img loading=\"lazy\" decoding=\"async\" width=\"533\" height=\"400\" src=\"https:\/\/longplaymusicfilmfestival.com\/wp-content\/uploads\/2025\/11\/Photo-7-VELOX_7-533x400.jpg\" class=\"attachment-medium size-medium\" alt=\"\" ids=\"657,658,659,660,661,662,663\" type=\"slider\" image_height=\"100%\" srcset=\"https:\/\/longplaymusicfilmfestival.com\/wp-content\/uploads\/2025\/11\/Photo-7-VELOX_7-533x400.jpg 533w, https:\/\/longplaymusicfilmfestival.com\/wp-content\/uploads\/2025\/11\/Photo-7-VELOX_7-1067x800.jpg 1067w, https:\/\/longplaymusicfilmfestival.com\/wp-content\/uploads\/2025\/11\/Photo-7-VELOX_7-768x576.jpg 768w, https:\/\/longplaymusicfilmfestival.com\/wp-content\/uploads\/2025\/11\/Photo-7-VELOX_7-16x12.jpg 16w, https:\/\/longplaymusicfilmfestival.com\/wp-content\/uploads\/2025\/11\/Photo-7-VELOX_7.jpg 1440w\" sizes=\"auto, (max-width: 533px) 100vw, 533px\" \/>                                  <div class=\"overlay fill\"\n                      style=\"background-color: rgba(0,0,0,.15)\">\n                  <\/div>\n                                                              <\/div>\n              <div class=\"box-text text-left\" >\n                 <p><\/p>\n              <\/div>\n            <\/div>\n            <\/a>          <\/div>\n         <\/div><div class=\"gallery-col col\" >\n          <div class=\"col-inner\">\n            <a class=\"image-lightbox lightbox-gallery\" href=\"https:\/\/longplaymusicfilmfestival.com\/wp-content\/uploads\/2025\/11\/Photo-5-VELOX_8-1067x800.jpg\" title=\"\">            <div class=\"box has-hover gallery-box box-overlay dark\">\n              <div class=\"box-image image-cover\" style=\"padding-top:100%;\">\n                <img loading=\"lazy\" decoding=\"async\" width=\"533\" height=\"400\" src=\"https:\/\/longplaymusicfilmfestival.com\/wp-content\/uploads\/2025\/11\/Photo-5-VELOX_8-533x400.jpg\" class=\"attachment-medium size-medium\" alt=\"\" ids=\"657,658,659,660,661,662,663\" type=\"slider\" image_height=\"100%\" srcset=\"https:\/\/longplaymusicfilmfestival.com\/wp-content\/uploads\/2025\/11\/Photo-5-VELOX_8-533x400.jpg 533w, https:\/\/longplaymusicfilmfestival.com\/wp-content\/uploads\/2025\/11\/Photo-5-VELOX_8-1067x800.jpg 1067w, https:\/\/longplaymusicfilmfestival.com\/wp-content\/uploads\/2025\/11\/Photo-5-VELOX_8-768x576.jpg 768w, https:\/\/longplaymusicfilmfestival.com\/wp-content\/uploads\/2025\/11\/Photo-5-VELOX_8-16x12.jpg 16w, https:\/\/longplaymusicfilmfestival.com\/wp-content\/uploads\/2025\/11\/Photo-5-VELOX_8.jpg 1440w\" sizes=\"auto, (max-width: 533px) 100vw, 533px\" \/>                                  <div class=\"overlay fill\"\n                      style=\"background-color: rgba(0,0,0,.15)\">\n                  <\/div>\n                                                              <\/div>\n              <div class=\"box-text text-left\" >\n                 <p><\/p>\n              <\/div>\n            <\/div>\n            <\/a>          <\/div>\n         <\/div><div class=\"gallery-col col\" >\n          <div class=\"col-inner\">\n            <a class=\"image-lightbox lightbox-gallery\" href=\"https:\/\/longplaymusicfilmfestival.com\/wp-content\/uploads\/2025\/11\/Photo-4-VELOX_9-1067x800.jpg\" title=\"\">            <div class=\"box has-hover gallery-box box-overlay dark\">\n              <div class=\"box-image image-cover\" style=\"padding-top:100%;\">\n                <img loading=\"lazy\" decoding=\"async\" width=\"533\" height=\"400\" src=\"https:\/\/longplaymusicfilmfestival.com\/wp-content\/uploads\/2025\/11\/Photo-4-VELOX_9-533x400.jpg\" class=\"attachment-medium size-medium\" alt=\"\" ids=\"657,658,659,660,661,662,663\" type=\"slider\" image_height=\"100%\" srcset=\"https:\/\/longplaymusicfilmfestival.com\/wp-content\/uploads\/2025\/11\/Photo-4-VELOX_9-533x400.jpg 533w, https:\/\/longplaymusicfilmfestival.com\/wp-content\/uploads\/2025\/11\/Photo-4-VELOX_9-1067x800.jpg 1067w, https:\/\/longplaymusicfilmfestival.com\/wp-content\/uploads\/2025\/11\/Photo-4-VELOX_9-768x576.jpg 768w, https:\/\/longplaymusicfilmfestival.com\/wp-content\/uploads\/2025\/11\/Photo-4-VELOX_9-16x12.jpg 16w, https:\/\/longplaymusicfilmfestival.com\/wp-content\/uploads\/2025\/11\/Photo-4-VELOX_9.jpg 1440w\" sizes=\"auto, (max-width: 533px) 100vw, 533px\" \/>                                  <div class=\"overlay fill\"\n                      style=\"background-color: rgba(0,0,0,.15)\">\n                  <\/div>\n                                                              <\/div>\n              <div class=\"box-text text-left\" >\n                 <p><\/p>\n              <\/div>\n            <\/div>\n            <\/a>          <\/div>\n         <\/div><div class=\"gallery-col col\" >\n          <div class=\"col-inner\">\n            <a class=\"image-lightbox lightbox-gallery\" href=\"https:\/\/longplaymusicfilmfestival.com\/wp-content\/uploads\/2025\/11\/Photo-3-VELOX_3-1067x800.jpg\" title=\"\">            <div class=\"box has-hover gallery-box box-overlay dark\">\n              <div class=\"box-image image-cover\" style=\"padding-top:100%;\">\n                <img loading=\"lazy\" decoding=\"async\" width=\"533\" height=\"400\" src=\"https:\/\/longplaymusicfilmfestival.com\/wp-content\/uploads\/2025\/11\/Photo-3-VELOX_3-533x400.jpg\" class=\"attachment-medium size-medium\" alt=\"\" ids=\"657,658,659,660,661,662,663\" type=\"slider\" image_height=\"100%\" srcset=\"https:\/\/longplaymusicfilmfestival.com\/wp-content\/uploads\/2025\/11\/Photo-3-VELOX_3-533x400.jpg 533w, https:\/\/longplaymusicfilmfestival.com\/wp-content\/uploads\/2025\/11\/Photo-3-VELOX_3-1067x800.jpg 1067w, https:\/\/longplaymusicfilmfestival.com\/wp-content\/uploads\/2025\/11\/Photo-3-VELOX_3-768x576.jpg 768w, https:\/\/longplaymusicfilmfestival.com\/wp-content\/uploads\/2025\/11\/Photo-3-VELOX_3-16x12.jpg 16w, https:\/\/longplaymusicfilmfestival.com\/wp-content\/uploads\/2025\/11\/Photo-3-VELOX_3.jpg 1440w\" sizes=\"auto, (max-width: 533px) 100vw, 533px\" \/>                                  <div class=\"overlay fill\"\n                      style=\"background-color: rgba(0,0,0,.15)\">\n                  <\/div>\n                                                              <\/div>\n              <div class=\"box-text text-left\" >\n                 <p><\/p>\n              <\/div>\n            <\/div>\n            <\/a>          <\/div>\n         <\/div><div class=\"gallery-col col\" >\n          <div class=\"col-inner\">\n            <a class=\"image-lightbox lightbox-gallery\" href=\"https:\/\/longplaymusicfilmfestival.com\/wp-content\/uploads\/2025\/11\/Photo-2-VELOX_1-1067x800.jpg\" title=\"\">            <div class=\"box has-hover gallery-box box-overlay dark\">\n              <div class=\"box-image image-cover\" style=\"padding-top:100%;\">\n                <img loading=\"lazy\" decoding=\"async\" width=\"533\" height=\"400\" src=\"https:\/\/longplaymusicfilmfestival.com\/wp-content\/uploads\/2025\/11\/Photo-2-VELOX_1-533x400.jpg\" class=\"attachment-medium size-medium\" alt=\"\" ids=\"657,658,659,660,661,662,663\" type=\"slider\" image_height=\"100%\" srcset=\"https:\/\/longplaymusicfilmfestival.com\/wp-content\/uploads\/2025\/11\/Photo-2-VELOX_1-533x400.jpg 533w, https:\/\/longplaymusicfilmfestival.com\/wp-content\/uploads\/2025\/11\/Photo-2-VELOX_1-1067x800.jpg 1067w, https:\/\/longplaymusicfilmfestival.com\/wp-content\/uploads\/2025\/11\/Photo-2-VELOX_1-768x576.jpg 768w, https:\/\/longplaymusicfilmfestival.com\/wp-content\/uploads\/2025\/11\/Photo-2-VELOX_1-16x12.jpg 16w, https:\/\/longplaymusicfilmfestival.com\/wp-content\/uploads\/2025\/11\/Photo-2-VELOX_1.jpg 1440w\" sizes=\"auto, (max-width: 533px) 100vw, 533px\" \/>                                  <div class=\"overlay fill\"\n                      style=\"background-color: rgba(0,0,0,.15)\">\n                  <\/div>\n                                                              <\/div>\n              <div class=\"box-text text-left\" >\n                 <p><\/p>\n              <\/div>\n            <\/div>\n            <\/a>          <\/div>\n         <\/div><div class=\"gallery-col col\" >\n          <div class=\"col-inner\">\n            <a class=\"image-lightbox lightbox-gallery\" href=\"https:\/\/longplaymusicfilmfestival.com\/wp-content\/uploads\/2025\/11\/Photo-1-VELOX_4-1067x800.jpg\" title=\"\">            <div class=\"box has-hover gallery-box box-overlay dark\">\n              <div class=\"box-image image-cover\" style=\"padding-top:100%;\">\n                <img loading=\"lazy\" decoding=\"async\" width=\"533\" height=\"400\" src=\"https:\/\/longplaymusicfilmfestival.com\/wp-content\/uploads\/2025\/11\/Photo-1-VELOX_4-533x400.jpg\" class=\"attachment-medium size-medium\" alt=\"\" ids=\"657,658,659,660,661,662,663\" type=\"slider\" image_height=\"100%\" srcset=\"https:\/\/longplaymusicfilmfestival.com\/wp-content\/uploads\/2025\/11\/Photo-1-VELOX_4-533x400.jpg 533w, https:\/\/longplaymusicfilmfestival.com\/wp-content\/uploads\/2025\/11\/Photo-1-VELOX_4-1067x800.jpg 1067w, https:\/\/longplaymusicfilmfestival.com\/wp-content\/uploads\/2025\/11\/Photo-1-VELOX_4-768x576.jpg 768w, https:\/\/longplaymusicfilmfestival.com\/wp-content\/uploads\/2025\/11\/Photo-1-VELOX_4-16x12.jpg 16w, https:\/\/longplaymusicfilmfestival.com\/wp-content\/uploads\/2025\/11\/Photo-1-VELOX_4.jpg 1440w\" sizes=\"auto, (max-width: 533px) 100vw, 533px\" \/>                                  <div class=\"overlay fill\"\n                      style=\"background-color: rgba(0,0,0,.15)\">\n                  <\/div>\n                                                              <\/div>\n              <div class=\"box-text text-left\" >\n                 <p><\/p>\n              <\/div>\n            <\/div>\n            <\/a>          <\/div>\n         <\/div><\/div>","protected":false},"excerpt":{"rendered":"","protected":false},"author":1,"featured_media":0,"parent":0,"menu_order":0,"comment_status":"closed","ping_status":"closed","template":"","meta":{"footnotes":""},"class_list":["post-654","page","type-page","status-publish","hentry"],"yoast_head":"<!-- This site is optimized with the Yoast SEO plugin v25.4 - https:\/\/yoast.com\/wordpress\/plugins\/seo\/ -->\n<title>VELOX: ALBUM RELEASE DOCUMENTARY - Long Play Music Films Festival<\/title>\n<meta name=\"robots\" content=\"index, follow, max-snippet:-1, max-image-preview:large, max-video-preview:-1\" \/>\n<link rel=\"canonical\" href=\"https:\/\/longplaymusicfilmfestival.com\/en\/velox-album-release-documentary\/\" \/>\n<meta property=\"og:locale\" content=\"en_US\" \/>\n<meta property=\"og:type\" content=\"article\" \/>\n<meta property=\"og:title\" content=\"VELOX: ALBUM RELEASE DOCUMENTARY - Long Play Music Films Festival\" \/>\n<meta property=\"og:url\" content=\"https:\/\/longplaymusicfilmfestival.com\/en\/velox-album-release-documentary\/\" \/>\n<meta property=\"og:site_name\" content=\"Long Play Music Films Festival\" \/>\n<meta property=\"article:modified_time\" content=\"2025-11-13T12:27:28+00:00\" \/>\n<meta property=\"og:image\" content=\"https:\/\/longplaymusicfilmfestival.com\/wp-content\/uploads\/2025\/11\/long-play-music-films-festival-op-image.jpg\" \/>\n\t<meta property=\"og:image:width\" content=\"1280\" \/>\n\t<meta property=\"og:image:height\" content=\"720\" \/>\n\t<meta property=\"og:image:type\" content=\"image\/jpeg\" \/>\n<meta name=\"twitter:card\" content=\"summary_large_image\" \/>\n<meta name=\"twitter:site\" content=\"@lpmusicfilmfest\" \/>\n<script type=\"application\/ld+json\" class=\"yoast-schema-graph\">{\"@context\":\"https:\/\/schema.org\",\"@graph\":[{\"@type\":\"WebPage\",\"@id\":\"https:\/\/longplaymusicfilmfestival.com\/velox-album-release-documentary\/\",\"url\":\"https:\/\/longplaymusicfilmfestival.com\/velox-album-release-documentary\/\",\"name\":\"VELOX: ALBUM RELEASE DOCUMENTARY - Long Play Music Films Festival\",\"isPartOf\":{\"@id\":\"https:\/\/longplaymusicfilmfestival.com\/#website\"},\"datePublished\":\"2025-11-13T11:10:54+00:00\",\"dateModified\":\"2025-11-13T12:27:28+00:00\",\"breadcrumb\":{\"@id\":\"https:\/\/longplaymusicfilmfestival.com\/velox-album-release-documentary\/#breadcrumb\"},\"inLanguage\":\"en-US\",\"potentialAction\":[{\"@type\":\"ReadAction\",\"target\":[\"https:\/\/longplaymusicfilmfestival.com\/velox-album-release-documentary\/\"]}]},{\"@type\":\"BreadcrumbList\",\"@id\":\"https:\/\/longplaymusicfilmfestival.com\/velox-album-release-documentary\/#breadcrumb\",\"itemListElement\":[{\"@type\":\"ListItem\",\"position\":1,\"name\":\"Anasayfa\",\"item\":\"https:\/\/longplaymusicfilmfestival.com\/\"},{\"@type\":\"ListItem\",\"position\":2,\"name\":\"VELOX: ALBUM RELEASE DOCUMENTARY\"}]},{\"@type\":\"WebSite\",\"@id\":\"https:\/\/longplaymusicfilmfestival.com\/#website\",\"url\":\"https:\/\/longplaymusicfilmfestival.com\/\",\"name\":\"Long Play Music Films Festival\",\"description\":\"Long Play Music Films Festival\",\"publisher\":{\"@id\":\"https:\/\/longplaymusicfilmfestival.com\/#organization\"},\"potentialAction\":[{\"@type\":\"SearchAction\",\"target\":{\"@type\":\"EntryPoint\",\"urlTemplate\":\"https:\/\/longplaymusicfilmfestival.com\/?s={search_term_string}\"},\"query-input\":{\"@type\":\"PropertyValueSpecification\",\"valueRequired\":true,\"valueName\":\"search_term_string\"}}],\"inLanguage\":\"en-US\"},{\"@type\":\"Organization\",\"@id\":\"https:\/\/longplaymusicfilmfestival.com\/#organization\",\"name\":\"Long Play Music Films Festival\",\"url\":\"https:\/\/longplaymusicfilmfestival.com\/\",\"logo\":{\"@type\":\"ImageObject\",\"inLanguage\":\"en-US\",\"@id\":\"https:\/\/longplaymusicfilmfestival.com\/#\/schema\/logo\/image\/\",\"url\":\"https:\/\/longplaymusicfilmfestival.com\/wp-content\/uploads\/2025\/05\/long-play-music-films-festival-logo.png\",\"contentUrl\":\"https:\/\/longplaymusicfilmfestival.com\/wp-content\/uploads\/2025\/05\/long-play-music-films-festival-logo.png\",\"width\":998,\"height\":298,\"caption\":\"Long Play Music Films Festival\"},\"image\":{\"@id\":\"https:\/\/longplaymusicfilmfestival.com\/#\/schema\/logo\/image\/\"},\"sameAs\":[\"https:\/\/x.com\/lpmusicfilmfest\"]}]}<\/script>\n<!-- \/ Yoast SEO plugin. -->","yoast_head_json":{"title":"VELOX: ALBUM RELEASE DOCUMENTARY - Long Play Music Films Festival","robots":{"index":"index","follow":"follow","max-snippet":"max-snippet:-1","max-image-preview":"max-image-preview:large","max-video-preview":"max-video-preview:-1"},"canonical":"https:\/\/longplaymusicfilmfestival.com\/en\/velox-album-release-documentary\/","og_locale":"en_US","og_type":"article","og_title":"VELOX: ALBUM RELEASE DOCUMENTARY - Long Play Music Films Festival","og_url":"https:\/\/longplaymusicfilmfestival.com\/en\/velox-album-release-documentary\/","og_site_name":"Long Play Music Films Festival","article_modified_time":"2025-11-13T12:27:28+00:00","og_image":[{"width":1280,"height":720,"url":"https:\/\/longplaymusicfilmfestival.com\/wp-content\/uploads\/2025\/11\/long-play-music-films-festival-op-image.jpg","type":"image\/jpeg"}],"twitter_card":"summary_large_image","twitter_site":"@lpmusicfilmfest","schema":{"@context":"https:\/\/schema.org","@graph":[{"@type":"WebPage","@id":"https:\/\/longplaymusicfilmfestival.com\/velox-album-release-documentary\/","url":"https:\/\/longplaymusicfilmfestival.com\/velox-album-release-documentary\/","name":"VELOX: ALBUM RELEASE DOCUMENTARY - Long Play Music Films Festival","isPartOf":{"@id":"https:\/\/longplaymusicfilmfestival.com\/#website"},"datePublished":"2025-11-13T11:10:54+00:00","dateModified":"2025-11-13T12:27:28+00:00","breadcrumb":{"@id":"https:\/\/longplaymusicfilmfestival.com\/velox-album-release-documentary\/#breadcrumb"},"inLanguage":"en-US","potentialAction":[{"@type":"ReadAction","target":["https:\/\/longplaymusicfilmfestival.com\/velox-album-release-documentary\/"]}]},{"@type":"BreadcrumbList","@id":"https:\/\/longplaymusicfilmfestival.com\/velox-album-release-documentary\/#breadcrumb","itemListElement":[{"@type":"ListItem","position":1,"name":"Anasayfa","item":"https:\/\/longplaymusicfilmfestival.com\/"},{"@type":"ListItem","position":2,"name":"VELOX: ALBUM RELEASE DOCUMENTARY"}]},{"@type":"WebSite","@id":"https:\/\/longplaymusicfilmfestival.com\/#website","url":"https:\/\/longplaymusicfilmfestival.com\/","name":"Long Play Music Films Festival","description":"Long Play Music Films Festival","publisher":{"@id":"https:\/\/longplaymusicfilmfestival.com\/#organization"},"potentialAction":[{"@type":"SearchAction","target":{"@type":"EntryPoint","urlTemplate":"https:\/\/longplaymusicfilmfestival.com\/?s={search_term_string}"},"query-input":{"@type":"PropertyValueSpecification","valueRequired":true,"valueName":"search_term_string"}}],"inLanguage":"en-US"},{"@type":"Organization","@id":"https:\/\/longplaymusicfilmfestival.com\/#organization","name":"Long Play Music Films Festival","url":"https:\/\/longplaymusicfilmfestival.com\/","logo":{"@type":"ImageObject","inLanguage":"en-US","@id":"https:\/\/longplaymusicfilmfestival.com\/#\/schema\/logo\/image\/","url":"https:\/\/longplaymusicfilmfestival.com\/wp-content\/uploads\/2025\/05\/long-play-music-films-festival-logo.png","contentUrl":"https:\/\/longplaymusicfilmfestival.com\/wp-content\/uploads\/2025\/05\/long-play-music-films-festival-logo.png","width":998,"height":298,"caption":"Long Play Music Films Festival"},"image":{"@id":"https:\/\/longplaymusicfilmfestival.com\/#\/schema\/logo\/image\/"},"sameAs":["https:\/\/x.com\/lpmusicfilmfest"]}]}},"_links":{"self":[{"href":"https:\/\/longplaymusicfilmfestival.com\/en\/wp-json\/wp\/v2\/pages\/654","targetHints":{"allow":["GET"]}}],"collection":[{"href":"https:\/\/longplaymusicfilmfestival.com\/en\/wp-json\/wp\/v2\/pages"}],"about":[{"href":"https:\/\/longplaymusicfilmfestival.com\/en\/wp-json\/wp\/v2\/types\/page"}],"author":[{"embeddable":true,"href":"https:\/\/longplaymusicfilmfestival.com\/en\/wp-json\/wp\/v2\/users\/1"}],"replies":[{"embeddable":true,"href":"https:\/\/longplaymusicfilmfestival.com\/en\/wp-json\/wp\/v2\/comments?post=654"}],"version-history":[{"count":4,"href":"https:\/\/longplaymusicfilmfestival.com\/en\/wp-json\/wp\/v2\/pages\/654\/revisions"}],"predecessor-version":[{"id":670,"href":"https:\/\/longplaymusicfilmfestival.com\/en\/wp-json\/wp\/v2\/pages\/654\/revisions\/670"}],"wp:attachment":[{"href":"https:\/\/longplaymusicfilmfestival.com\/en\/wp-json\/wp\/v2\/media?parent=654"}],"curies":[{"name":"wp","href":"https:\/\/api.w.org\/{rel}","templated":true}]}}