{"id":596,"date":"2025-11-10T13:20:25","date_gmt":"2025-11-10T13:20:25","guid":{"rendered":"https:\/\/longplaymusicfilmfestival.com\/?page_id=596"},"modified":"2025-11-10T13:23:30","modified_gmt":"2025-11-10T13:23:30","slug":"neredesin-firuze","status":"publish","type":"page","link":"https:\/\/longplaymusicfilmfestival.com\/en\/neredesin-firuze\/","title":{"rendered":"NEREDES\u0130N F\u0130RUZE"},"content":{"rendered":"<div class=\"row\"  id=\"row-268401128\">\n\n\n\t<div id=\"col-2140626498\" class=\"col small-12 large-12\"  >\n\t\t\t\t<div class=\"col-inner\"  >\n\t\t\t\n\t\t\t\n\n\n\t\t<\/div>\n\t\t\t\t\t<\/div>\n\n\t\n\n<\/div>\n<div class=\"container section-title-container\" ><h1 class=\"section-title section-title-center\"><b><\/b><span class=\"section-title-main\" style=\"color:rgb(0, 0, 0);\">NEREDES\u0130N F\u0130RUZE<\/span><b><\/b><\/h1><\/div>\n\n<div class=\"row\"  id=\"row-1878435731\">\n\n\n\t<div id=\"col-1124778628\" class=\"col medium-4 small-12 large-4\"  >\n\t\t\t\t<div class=\"col-inner\"  >\n\t\t\t\n\t\t\t\n\n\t<div class=\"img has-hover x md-x lg-x y md-y lg-y\" id=\"image_2014601429\">\n\t\t\t\t\t\t\t\t<div class=\"img-inner dark\" >\n\t\t\t<img loading=\"lazy\" decoding=\"async\" width=\"600\" height=\"800\" src=\"https:\/\/longplaymusicfilmfestival.com\/wp-content\/uploads\/2025\/11\/NEREDESIN-FIRUZE-AFIS-600x800.webp\" class=\"attachment-large size-large\" alt=\"\" srcset=\"https:\/\/longplaymusicfilmfestival.com\/wp-content\/uploads\/2025\/11\/NEREDESIN-FIRUZE-AFIS-600x800.webp 600w, https:\/\/longplaymusicfilmfestival.com\/wp-content\/uploads\/2025\/11\/NEREDESIN-FIRUZE-AFIS-300x400.webp 300w, https:\/\/longplaymusicfilmfestival.com\/wp-content\/uploads\/2025\/11\/NEREDESIN-FIRUZE-AFIS-768x1024.webp 768w, https:\/\/longplaymusicfilmfestival.com\/wp-content\/uploads\/2025\/11\/NEREDESIN-FIRUZE-AFIS-1152x1536.webp 1152w, https:\/\/longplaymusicfilmfestival.com\/wp-content\/uploads\/2025\/11\/NEREDESIN-FIRUZE-AFIS-9x12.webp 9w, https:\/\/longplaymusicfilmfestival.com\/wp-content\/uploads\/2025\/11\/NEREDESIN-FIRUZE-AFIS.webp 1200w\" sizes=\"auto, (max-width: 600px) 100vw, 600px\" \/>\t\t\t\t\t\t\n\t\t\t\t\t<\/div>\n\t\t\t\t\t\t\t\t\n<style>\n#image_2014601429 {\n  width: 100%;\n}\n<\/style>\n\t<\/div>\n\t\n\n\n\t\t<\/div>\n\t\t\t\t\t<\/div>\n\n\t\n\n\t<div id=\"col-812765505\" class=\"col medium-8 small-12 large-8\"  >\n\t\t\t\t<div class=\"col-inner\"  >\n\t\t\t\n\t\t\t\n\n<p><strong>Year of Production<\/strong>: 2004<\/p>\n<p><strong>Country<\/strong>: T\u00fcrkiye\u00a0<\/p>\n<p><strong>Project Type<\/strong>: COMEDY-MUSIC<\/p>\n<p><strong>Duration<\/strong>: 128m<\/p>\n<p><strong>Director<\/strong>: Ezel AKAY<\/p>\n<p><strong>Screenwriter<\/strong>: Levent KAZAK, \u00d6zcan DEN\u0130Z, \u00d6zg\u00fc NAMAL<\/p>\n<p><strong>Actors<\/strong>: Haluk B\u0130LG\u0130NER, \u00d6zcan DEN\u0130Z, Demet AKBA\u011e, Rag\u0131p SAVA\u015e, Cem \u00d6ZER, Ruhi SARI, \u015eebnem D\u00d6NMEZ, Ata DEM\u0130RER\u2026<\/p>\n\n\t\t<\/div>\n\t\t\t\t\t<\/div>\n\n\t\n\n<\/div>\n\n  \n    <div class=\"row large-columns-4 medium-columns-3 small-columns-2 slider row-slider slider-nav-reveal\"  data-flickity-options='{\"imagesLoaded\": true, \"groupCells\": \"100%\", \"dragThreshold\" : 5, \"cellAlign\": \"left\",\"wrapAround\": true,\"prevNextButtons\": true,\"percentPosition\": true,\"pageDots\": false, \"rightToLeft\": false, \"autoPlay\" : false}'>\n\n  <div class=\"gallery-col col\" >\n          <div class=\"col-inner\">\n            <a class=\"image-lightbox lightbox-gallery\" href=\"https:\/\/longplaymusicfilmfestival.com\/wp-content\/uploads\/2025\/11\/3fb877ba5e12b692a8239b29d9846351e2be13bf5106bebd1f8277dc8f8905fe._SX1080_FMjpg_.jpg\" title=\"\">            <div class=\"box has-hover gallery-box box-overlay dark\">\n              <div class=\"box-image image-cover\" style=\"padding-top:100%;\">\n                <img loading=\"lazy\" decoding=\"async\" width=\"711\" height=\"400\" src=\"https:\/\/longplaymusicfilmfestival.com\/wp-content\/uploads\/2025\/11\/3fb877ba5e12b692a8239b29d9846351e2be13bf5106bebd1f8277dc8f8905fe._SX1080_FMjpg_-711x400.jpg\" class=\"attachment-medium size-medium\" alt=\"\" ids=\"599,600,601,602,603,604\" type=\"slider\" image_height=\"100%\" srcset=\"https:\/\/longplaymusicfilmfestival.com\/wp-content\/uploads\/2025\/11\/3fb877ba5e12b692a8239b29d9846351e2be13bf5106bebd1f8277dc8f8905fe._SX1080_FMjpg_-711x400.jpg 711w, https:\/\/longplaymusicfilmfestival.com\/wp-content\/uploads\/2025\/11\/3fb877ba5e12b692a8239b29d9846351e2be13bf5106bebd1f8277dc8f8905fe._SX1080_FMjpg_-768x432.jpg 768w, https:\/\/longplaymusicfilmfestival.com\/wp-content\/uploads\/2025\/11\/3fb877ba5e12b692a8239b29d9846351e2be13bf5106bebd1f8277dc8f8905fe._SX1080_FMjpg_-18x10.jpg 18w, https:\/\/longplaymusicfilmfestival.com\/wp-content\/uploads\/2025\/11\/3fb877ba5e12b692a8239b29d9846351e2be13bf5106bebd1f8277dc8f8905fe._SX1080_FMjpg_.jpg 1080w\" sizes=\"auto, (max-width: 711px) 100vw, 711px\" \/>                                  <div class=\"overlay fill\"\n                      style=\"background-color: rgba(0,0,0,.15)\">\n                  <\/div>\n                                                              <\/div>\n              <div class=\"box-text text-left\" >\n                 <p><\/p>\n              <\/div>\n            <\/div>\n            <\/a>          <\/div>\n         <\/div><div class=\"gallery-col col\" >\n          <div class=\"col-inner\">\n            <a class=\"image-lightbox lightbox-gallery\" href=\"https:\/\/longplaymusicfilmfestival.com\/wp-content\/uploads\/2025\/11\/1721907.webp\" title=\"\">            <div class=\"box has-hover gallery-box box-overlay dark\">\n              <div class=\"box-image image-cover\" style=\"padding-top:100%;\">\n                <img loading=\"lazy\" decoding=\"async\" width=\"711\" height=\"400\" src=\"https:\/\/longplaymusicfilmfestival.com\/wp-content\/uploads\/2025\/11\/1721907-711x400.webp\" class=\"attachment-medium size-medium\" alt=\"\" ids=\"599,600,601,602,603,604\" type=\"slider\" image_height=\"100%\" srcset=\"https:\/\/longplaymusicfilmfestival.com\/wp-content\/uploads\/2025\/11\/1721907-711x400.webp 711w, https:\/\/longplaymusicfilmfestival.com\/wp-content\/uploads\/2025\/11\/1721907-768x432.webp 768w, https:\/\/longplaymusicfilmfestival.com\/wp-content\/uploads\/2025\/11\/1721907-18x10.webp 18w, https:\/\/longplaymusicfilmfestival.com\/wp-content\/uploads\/2025\/11\/1721907.webp 1280w\" sizes=\"auto, (max-width: 711px) 100vw, 711px\" \/>                                  <div class=\"overlay fill\"\n                      style=\"background-color: rgba(0,0,0,.15)\">\n                  <\/div>\n                                                              <\/div>\n              <div class=\"box-text text-left\" >\n                 <p><\/p>\n              <\/div>\n            <\/div>\n            <\/a>          <\/div>\n         <\/div><div class=\"gallery-col col\" >\n          <div class=\"col-inner\">\n            <a class=\"image-lightbox lightbox-gallery\" href=\"https:\/\/longplaymusicfilmfestival.com\/wp-content\/uploads\/2025\/11\/1415958185603.jpg\" title=\"\">            <div class=\"box has-hover gallery-box box-overlay dark\">\n              <div class=\"box-image image-cover\" style=\"padding-top:100%;\">\n                <img loading=\"lazy\" decoding=\"async\" width=\"496\" height=\"256\" src=\"https:\/\/longplaymusicfilmfestival.com\/wp-content\/uploads\/2025\/11\/1415958185603.jpg\" class=\"attachment-medium size-medium\" alt=\"\" ids=\"599,600,601,602,603,604\" type=\"slider\" image_height=\"100%\" srcset=\"https:\/\/longplaymusicfilmfestival.com\/wp-content\/uploads\/2025\/11\/1415958185603.jpg 496w, https:\/\/longplaymusicfilmfestival.com\/wp-content\/uploads\/2025\/11\/1415958185603-18x9.jpg 18w\" sizes=\"auto, (max-width: 496px) 100vw, 496px\" \/>                                  <div class=\"overlay fill\"\n                      style=\"background-color: rgba(0,0,0,.15)\">\n                  <\/div>\n                                                              <\/div>\n              <div class=\"box-text text-left\" >\n                 <p><\/p>\n              <\/div>\n            <\/div>\n            <\/a>          <\/div>\n         <\/div><div class=\"gallery-col col\" >\n          <div class=\"col-inner\">\n            <a class=\"image-lightbox lightbox-gallery\" href=\"https:\/\/longplaymusicfilmfestival.com\/wp-content\/uploads\/2025\/11\/MV5BNDZkMzRlYTEtMGMxNC00YTNkLTgzZjEtZjAyOTdmZTMxYjE0XkEyXkFqcGc@._V1_.jpg\" title=\"\">            <div class=\"box has-hover gallery-box box-overlay dark\">\n              <div class=\"box-image image-cover\" style=\"padding-top:100%;\">\n                <img loading=\"lazy\" decoding=\"async\" width=\"651\" height=\"400\" src=\"https:\/\/longplaymusicfilmfestival.com\/wp-content\/uploads\/2025\/11\/MV5BNDZkMzRlYTEtMGMxNC00YTNkLTgzZjEtZjAyOTdmZTMxYjE0XkEyXkFqcGc@._V1_-651x400.jpg\" class=\"attachment-medium size-medium\" alt=\"\" ids=\"599,600,601,602,603,604\" type=\"slider\" image_height=\"100%\" srcset=\"https:\/\/longplaymusicfilmfestival.com\/wp-content\/uploads\/2025\/11\/MV5BNDZkMzRlYTEtMGMxNC00YTNkLTgzZjEtZjAyOTdmZTMxYjE0XkEyXkFqcGc@._V1_-651x400.jpg 651w, https:\/\/longplaymusicfilmfestival.com\/wp-content\/uploads\/2025\/11\/MV5BNDZkMzRlYTEtMGMxNC00YTNkLTgzZjEtZjAyOTdmZTMxYjE0XkEyXkFqcGc@._V1_-768x472.jpg 768w, https:\/\/longplaymusicfilmfestival.com\/wp-content\/uploads\/2025\/11\/MV5BNDZkMzRlYTEtMGMxNC00YTNkLTgzZjEtZjAyOTdmZTMxYjE0XkEyXkFqcGc@._V1_-18x12.jpg 18w, https:\/\/longplaymusicfilmfestival.com\/wp-content\/uploads\/2025\/11\/MV5BNDZkMzRlYTEtMGMxNC00YTNkLTgzZjEtZjAyOTdmZTMxYjE0XkEyXkFqcGc@._V1_.jpg 936w\" sizes=\"auto, (max-width: 651px) 100vw, 651px\" \/>                                  <div class=\"overlay fill\"\n                      style=\"background-color: rgba(0,0,0,.15)\">\n                  <\/div>\n                                                              <\/div>\n              <div class=\"box-text text-left\" >\n                 <p><\/p>\n              <\/div>\n            <\/div>\n            <\/a>          <\/div>\n         <\/div><div class=\"gallery-col col\" >\n          <div class=\"col-inner\">\n            <a class=\"image-lightbox lightbox-gallery\" href=\"https:\/\/longplaymusicfilmfestival.com\/wp-content\/uploads\/2025\/11\/MV5BY2ViYzZmYzEtNzVlZC00ZWJmLWEwMWEtMGE3ZmY3ZjNlZTA1XkEyXkFqcGc@._V1_.jpg\" title=\"\">            <div class=\"box has-hover gallery-box box-overlay dark\">\n              <div class=\"box-image image-cover\" style=\"padding-top:100%;\">\n                <img loading=\"lazy\" decoding=\"async\" width=\"636\" height=\"353\" src=\"https:\/\/longplaymusicfilmfestival.com\/wp-content\/uploads\/2025\/11\/MV5BY2ViYzZmYzEtNzVlZC00ZWJmLWEwMWEtMGE3ZmY3ZjNlZTA1XkEyXkFqcGc@._V1_.jpg\" class=\"attachment-medium size-medium\" alt=\"\" ids=\"599,600,601,602,603,604\" type=\"slider\" image_height=\"100%\" srcset=\"https:\/\/longplaymusicfilmfestival.com\/wp-content\/uploads\/2025\/11\/MV5BY2ViYzZmYzEtNzVlZC00ZWJmLWEwMWEtMGE3ZmY3ZjNlZTA1XkEyXkFqcGc@._V1_.jpg 636w, https:\/\/longplaymusicfilmfestival.com\/wp-content\/uploads\/2025\/11\/MV5BY2ViYzZmYzEtNzVlZC00ZWJmLWEwMWEtMGE3ZmY3ZjNlZTA1XkEyXkFqcGc@._V1_-18x10.jpg 18w\" sizes=\"auto, (max-width: 636px) 100vw, 636px\" \/>                                  <div class=\"overlay fill\"\n                      style=\"background-color: rgba(0,0,0,.15)\">\n                  <\/div>\n                                                              <\/div>\n              <div class=\"box-text text-left\" >\n                 <p><\/p>\n              <\/div>\n            <\/div>\n            <\/a>          <\/div>\n         <\/div><div class=\"gallery-col col\" >\n          <div class=\"col-inner\">\n            <a class=\"image-lightbox lightbox-gallery\" href=\"https:\/\/longplaymusicfilmfestival.com\/wp-content\/uploads\/2025\/11\/s-9d9c5356e8952c65f0e0267f7d765522daca98ed.jpg\" title=\"\">            <div class=\"box has-hover gallery-box box-overlay dark\">\n              <div class=\"box-image image-cover\" style=\"padding-top:100%;\">\n                <img loading=\"lazy\" decoding=\"async\" width=\"600\" height=\"337\" src=\"https:\/\/longplaymusicfilmfestival.com\/wp-content\/uploads\/2025\/11\/s-9d9c5356e8952c65f0e0267f7d765522daca98ed.jpg\" class=\"attachment-medium size-medium\" alt=\"\" ids=\"599,600,601,602,603,604\" type=\"slider\" image_height=\"100%\" srcset=\"https:\/\/longplaymusicfilmfestival.com\/wp-content\/uploads\/2025\/11\/s-9d9c5356e8952c65f0e0267f7d765522daca98ed.jpg 600w, https:\/\/longplaymusicfilmfestival.com\/wp-content\/uploads\/2025\/11\/s-9d9c5356e8952c65f0e0267f7d765522daca98ed-18x10.jpg 18w\" sizes=\"auto, (max-width: 600px) 100vw, 600px\" \/>                                  <div class=\"overlay fill\"\n                      style=\"background-color: rgba(0,0,0,.15)\">\n                  <\/div>\n                                                              <\/div>\n              <div class=\"box-text text-left\" >\n                 <p><\/p>\n              <\/div>\n            <\/div>\n            <\/a>          <\/div>\n         <\/div><\/div>","protected":false},"excerpt":{"rendered":"","protected":false},"author":1,"featured_media":0,"parent":0,"menu_order":0,"comment_status":"closed","ping_status":"closed","template":"","meta":{"footnotes":""},"class_list":["post-596","page","type-page","status-publish","hentry"],"yoast_head":"<!-- This site is optimized with the Yoast SEO plugin v25.4 - https:\/\/yoast.com\/wordpress\/plugins\/seo\/ -->\n<title>NEREDES\u0130N F\u0130RUZE - Long Play Music Films Festival<\/title>\n<meta name=\"robots\" content=\"index, follow, max-snippet:-1, max-image-preview:large, max-video-preview:-1\" \/>\n<link rel=\"canonical\" href=\"https:\/\/longplaymusicfilmfestival.com\/en\/neredesin-firuze\/\" \/>\n<meta property=\"og:locale\" content=\"en_US\" \/>\n<meta property=\"og:type\" content=\"article\" \/>\n<meta property=\"og:title\" content=\"NEREDES\u0130N F\u0130RUZE - Long Play Music Films Festival\" \/>\n<meta property=\"og:url\" content=\"https:\/\/longplaymusicfilmfestival.com\/en\/neredesin-firuze\/\" \/>\n<meta property=\"og:site_name\" content=\"Long Play Music Films Festival\" \/>\n<meta property=\"article:modified_time\" content=\"2025-11-10T13:23:30+00:00\" \/>\n<meta property=\"og:image\" content=\"https:\/\/longplaymusicfilmfestival.com\/wp-content\/uploads\/2025\/11\/long-play-music-films-festival-op-image.jpg\" \/>\n\t<meta property=\"og:image:width\" content=\"1280\" \/>\n\t<meta property=\"og:image:height\" content=\"720\" \/>\n\t<meta property=\"og:image:type\" content=\"image\/jpeg\" \/>\n<meta name=\"twitter:card\" content=\"summary_large_image\" \/>\n<meta name=\"twitter:site\" content=\"@lpmusicfilmfest\" \/>\n<script type=\"application\/ld+json\" class=\"yoast-schema-graph\">{\"@context\":\"https:\/\/schema.org\",\"@graph\":[{\"@type\":\"WebPage\",\"@id\":\"https:\/\/longplaymusicfilmfestival.com\/neredesin-firuze\/\",\"url\":\"https:\/\/longplaymusicfilmfestival.com\/neredesin-firuze\/\",\"name\":\"NEREDES\u0130N F\u0130RUZE - Long Play Music Films Festival\",\"isPartOf\":{\"@id\":\"https:\/\/longplaymusicfilmfestival.com\/#website\"},\"datePublished\":\"2025-11-10T13:20:25+00:00\",\"dateModified\":\"2025-11-10T13:23:30+00:00\",\"breadcrumb\":{\"@id\":\"https:\/\/longplaymusicfilmfestival.com\/neredesin-firuze\/#breadcrumb\"},\"inLanguage\":\"en-US\",\"potentialAction\":[{\"@type\":\"ReadAction\",\"target\":[\"https:\/\/longplaymusicfilmfestival.com\/neredesin-firuze\/\"]}]},{\"@type\":\"BreadcrumbList\",\"@id\":\"https:\/\/longplaymusicfilmfestival.com\/neredesin-firuze\/#breadcrumb\",\"itemListElement\":[{\"@type\":\"ListItem\",\"position\":1,\"name\":\"Anasayfa\",\"item\":\"https:\/\/longplaymusicfilmfestival.com\/\"},{\"@type\":\"ListItem\",\"position\":2,\"name\":\"NEREDES\u0130N F\u0130RUZE\"}]},{\"@type\":\"WebSite\",\"@id\":\"https:\/\/longplaymusicfilmfestival.com\/#website\",\"url\":\"https:\/\/longplaymusicfilmfestival.com\/\",\"name\":\"Long Play Music Films Festival\",\"description\":\"Long Play Music Films Festival\",\"publisher\":{\"@id\":\"https:\/\/longplaymusicfilmfestival.com\/#organization\"},\"potentialAction\":[{\"@type\":\"SearchAction\",\"target\":{\"@type\":\"EntryPoint\",\"urlTemplate\":\"https:\/\/longplaymusicfilmfestival.com\/?s={search_term_string}\"},\"query-input\":{\"@type\":\"PropertyValueSpecification\",\"valueRequired\":true,\"valueName\":\"search_term_string\"}}],\"inLanguage\":\"en-US\"},{\"@type\":\"Organization\",\"@id\":\"https:\/\/longplaymusicfilmfestival.com\/#organization\",\"name\":\"Long Play Music Films Festival\",\"url\":\"https:\/\/longplaymusicfilmfestival.com\/\",\"logo\":{\"@type\":\"ImageObject\",\"inLanguage\":\"en-US\",\"@id\":\"https:\/\/longplaymusicfilmfestival.com\/#\/schema\/logo\/image\/\",\"url\":\"https:\/\/longplaymusicfilmfestival.com\/wp-content\/uploads\/2025\/05\/long-play-music-films-festival-logo.png\",\"contentUrl\":\"https:\/\/longplaymusicfilmfestival.com\/wp-content\/uploads\/2025\/05\/long-play-music-films-festival-logo.png\",\"width\":998,\"height\":298,\"caption\":\"Long Play Music Films Festival\"},\"image\":{\"@id\":\"https:\/\/longplaymusicfilmfestival.com\/#\/schema\/logo\/image\/\"},\"sameAs\":[\"https:\/\/x.com\/lpmusicfilmfest\"]}]}<\/script>\n<!-- \/ Yoast SEO plugin. -->","yoast_head_json":{"title":"NEREDES\u0130N F\u0130RUZE - Long Play Music Films Festival","robots":{"index":"index","follow":"follow","max-snippet":"max-snippet:-1","max-image-preview":"max-image-preview:large","max-video-preview":"max-video-preview:-1"},"canonical":"https:\/\/longplaymusicfilmfestival.com\/en\/neredesin-firuze\/","og_locale":"en_US","og_type":"article","og_title":"NEREDES\u0130N F\u0130RUZE - Long Play Music Films Festival","og_url":"https:\/\/longplaymusicfilmfestival.com\/en\/neredesin-firuze\/","og_site_name":"Long Play Music Films Festival","article_modified_time":"2025-11-10T13:23:30+00:00","og_image":[{"width":1280,"height":720,"url":"https:\/\/longplaymusicfilmfestival.com\/wp-content\/uploads\/2025\/11\/long-play-music-films-festival-op-image.jpg","type":"image\/jpeg"}],"twitter_card":"summary_large_image","twitter_site":"@lpmusicfilmfest","schema":{"@context":"https:\/\/schema.org","@graph":[{"@type":"WebPage","@id":"https:\/\/longplaymusicfilmfestival.com\/neredesin-firuze\/","url":"https:\/\/longplaymusicfilmfestival.com\/neredesin-firuze\/","name":"NEREDES\u0130N F\u0130RUZE - Long Play Music Films Festival","isPartOf":{"@id":"https:\/\/longplaymusicfilmfestival.com\/#website"},"datePublished":"2025-11-10T13:20:25+00:00","dateModified":"2025-11-10T13:23:30+00:00","breadcrumb":{"@id":"https:\/\/longplaymusicfilmfestival.com\/neredesin-firuze\/#breadcrumb"},"inLanguage":"en-US","potentialAction":[{"@type":"ReadAction","target":["https:\/\/longplaymusicfilmfestival.com\/neredesin-firuze\/"]}]},{"@type":"BreadcrumbList","@id":"https:\/\/longplaymusicfilmfestival.com\/neredesin-firuze\/#breadcrumb","itemListElement":[{"@type":"ListItem","position":1,"name":"Anasayfa","item":"https:\/\/longplaymusicfilmfestival.com\/"},{"@type":"ListItem","position":2,"name":"NEREDES\u0130N F\u0130RUZE"}]},{"@type":"WebSite","@id":"https:\/\/longplaymusicfilmfestival.com\/#website","url":"https:\/\/longplaymusicfilmfestival.com\/","name":"Long Play Music Films Festival","description":"Long Play Music Films Festival","publisher":{"@id":"https:\/\/longplaymusicfilmfestival.com\/#organization"},"potentialAction":[{"@type":"SearchAction","target":{"@type":"EntryPoint","urlTemplate":"https:\/\/longplaymusicfilmfestival.com\/?s={search_term_string}"},"query-input":{"@type":"PropertyValueSpecification","valueRequired":true,"valueName":"search_term_string"}}],"inLanguage":"en-US"},{"@type":"Organization","@id":"https:\/\/longplaymusicfilmfestival.com\/#organization","name":"Long Play Music Films Festival","url":"https:\/\/longplaymusicfilmfestival.com\/","logo":{"@type":"ImageObject","inLanguage":"en-US","@id":"https:\/\/longplaymusicfilmfestival.com\/#\/schema\/logo\/image\/","url":"https:\/\/longplaymusicfilmfestival.com\/wp-content\/uploads\/2025\/05\/long-play-music-films-festival-logo.png","contentUrl":"https:\/\/longplaymusicfilmfestival.com\/wp-content\/uploads\/2025\/05\/long-play-music-films-festival-logo.png","width":998,"height":298,"caption":"Long Play Music Films Festival"},"image":{"@id":"https:\/\/longplaymusicfilmfestival.com\/#\/schema\/logo\/image\/"},"sameAs":["https:\/\/x.com\/lpmusicfilmfest"]}]}},"_links":{"self":[{"href":"https:\/\/longplaymusicfilmfestival.com\/en\/wp-json\/wp\/v2\/pages\/596","targetHints":{"allow":["GET"]}}],"collection":[{"href":"https:\/\/longplaymusicfilmfestival.com\/en\/wp-json\/wp\/v2\/pages"}],"about":[{"href":"https:\/\/longplaymusicfilmfestival.com\/en\/wp-json\/wp\/v2\/types\/page"}],"author":[{"embeddable":true,"href":"https:\/\/longplaymusicfilmfestival.com\/en\/wp-json\/wp\/v2\/users\/1"}],"replies":[{"embeddable":true,"href":"https:\/\/longplaymusicfilmfestival.com\/en\/wp-json\/wp\/v2\/comments?post=596"}],"version-history":[{"count":2,"href":"https:\/\/longplaymusicfilmfestival.com\/en\/wp-json\/wp\/v2\/pages\/596\/revisions"}],"predecessor-version":[{"id":606,"href":"https:\/\/longplaymusicfilmfestival.com\/en\/wp-json\/wp\/v2\/pages\/596\/revisions\/606"}],"wp:attachment":[{"href":"https:\/\/longplaymusicfilmfestival.com\/en\/wp-json\/wp\/v2\/media?parent=596"}],"curies":[{"name":"wp","href":"https:\/\/api.w.org\/{rel}","templated":true}]}}