{"id":578,"date":"2025-11-10T13:14:34","date_gmt":"2025-11-10T13:14:34","guid":{"rendered":"https:\/\/longplaymusicfilmfestival.com\/?page_id=578"},"modified":"2025-11-10T13:17:40","modified_gmt":"2025-11-10T13:17:40","slug":"istanbul-hatirasi-kopruyu-gecmek","status":"publish","type":"page","link":"https:\/\/longplaymusicfilmfestival.com\/en\/istanbul-hatirasi-kopruyu-gecmek\/","title":{"rendered":"\u0130STANBUL HATIRASI: K\u00d6PR\u00dcY\u00dc GE\u00c7MEK"},"content":{"rendered":"<div class=\"row\"  id=\"row-101883370\">\n\n\n\t<div id=\"col-2111031904\" class=\"col small-12 large-12\"  >\n\t\t\t\t<div class=\"col-inner\"  >\n\t\t\t\n\t\t\t\n\n\n\t\t<\/div>\n\t\t\t\t\t<\/div>\n\n\t\n\n<\/div>\n<div class=\"row\"  id=\"row-498575743\">\n\n\n\t<div id=\"col-1367710165\" class=\"col small-12 large-12\"  >\n\t\t\t\t<div class=\"col-inner\"  >\n\t\t\t\n\t\t\t\n\n<div class=\"container section-title-container\" ><h1 class=\"section-title section-title-center\"><b><\/b><span class=\"section-title-main\" style=\"color:rgb(0, 0, 0);\">\u0130STANBUL HATIRASI: K\u00d6PR\u00dcY\u00dc GE\u00c7MEK<\/span><b><\/b><\/h1><\/div>\n\n<div class=\"row\"  id=\"row-1637128069\">\n\n\n\t<div id=\"col-1659299173\" class=\"col medium-4 small-12 large-4\"  >\n\t\t\t\t<div class=\"col-inner\"  >\n\t\t\t\n\t\t\t\n\n\t<div class=\"img has-hover x md-x lg-x y md-y lg-y\" id=\"image_2093521140\">\n\t\t\t\t\t\t\t\t<div class=\"img-inner dark\" >\n\t\t\t<img loading=\"lazy\" decoding=\"async\" width=\"600\" height=\"800\" src=\"https:\/\/longplaymusicfilmfestival.com\/wp-content\/uploads\/2025\/11\/ISTANBUL-HATIRASI_-KOPRUYU-GECMEK-AFIS.webp\" class=\"attachment-large size-large\" alt=\"\" srcset=\"https:\/\/longplaymusicfilmfestival.com\/wp-content\/uploads\/2025\/11\/ISTANBUL-HATIRASI_-KOPRUYU-GECMEK-AFIS.webp 600w, https:\/\/longplaymusicfilmfestival.com\/wp-content\/uploads\/2025\/11\/ISTANBUL-HATIRASI_-KOPRUYU-GECMEK-AFIS-300x400.webp 300w, https:\/\/longplaymusicfilmfestival.com\/wp-content\/uploads\/2025\/11\/ISTANBUL-HATIRASI_-KOPRUYU-GECMEK-AFIS-9x12.webp 9w\" sizes=\"auto, (max-width: 600px) 100vw, 600px\" \/>\t\t\t\t\t\t\n\t\t\t\t\t<\/div>\n\t\t\t\t\t\t\t\t\n<style>\n#image_2093521140 {\n  width: 100%;\n}\n<\/style>\n\t<\/div>\n\t\n\n\n\t\t<\/div>\n\t\t\t\t\t<\/div>\n\n\t\n\n\t<div id=\"col-202976157\" class=\"col medium-8 small-12 large-8\"  >\n\t\t\t\t<div class=\"col-inner\"  >\n\t\t\t\n\t\t\t\n\n<p><strong>Year of Production<\/strong>: 2005<\/p>\n<p><strong>Country<\/strong>: GERMANY-T\u00dcRK\u0130YE<\/p>\n<p><strong>Project Type<\/strong>: DOCUMENTARY-MUSIC<\/p>\n<p><strong>Duration<\/strong>: 90m<\/p>\n<p><strong>Director<\/strong>: Fatih AKIN<\/p>\n<p><strong>Screenwriter<\/strong>: Fatih AKIN<\/p>\n<p><strong>Actors<\/strong>: Alexander HACKE, Ahmed ULU\u011e, Cem YEG\u00dcL, Mehmed ULU\u011e, Baba ZULA, Oryantal \u0130fadeler, Duman, Replikalar, Peyote HASAN, Erkin KORAY<\/p>\n\n\t\t<\/div>\n\t\t\t\t\t<\/div>\n\n\t\n\n<\/div>\n\n  \n    <div class=\"row large-columns-4 medium-columns-3 small-columns-2 slider row-slider slider-nav-reveal\"  data-flickity-options='{\"imagesLoaded\": true, \"groupCells\": \"100%\", \"dragThreshold\" : 5, \"cellAlign\": \"left\",\"wrapAround\": true,\"prevNextButtons\": true,\"percentPosition\": true,\"pageDots\": false, \"rightToLeft\": false, \"autoPlay\" : false}'>\n\n  <div class=\"gallery-col col\" >\n          <div class=\"col-inner\">\n            <a class=\"image-lightbox lightbox-gallery\" href=\"https:\/\/longplaymusicfilmfestival.com\/wp-content\/uploads\/2025\/11\/6d82bfac5f6abdd1ddaec3a8fd2907a5.jpg\" title=\"\">            <div class=\"box has-hover gallery-box box-overlay dark\">\n              <div class=\"box-image image-cover\" style=\"padding-top:100%;\">\n                <img loading=\"lazy\" decoding=\"async\" width=\"570\" height=\"400\" src=\"https:\/\/longplaymusicfilmfestival.com\/wp-content\/uploads\/2025\/11\/6d82bfac5f6abdd1ddaec3a8fd2907a5-570x400.jpg\" class=\"attachment-medium size-medium\" alt=\"\" ids=\"581,582,583,584,585,586,587,588\" type=\"slider\" image_height=\"100%\" srcset=\"https:\/\/longplaymusicfilmfestival.com\/wp-content\/uploads\/2025\/11\/6d82bfac5f6abdd1ddaec3a8fd2907a5-570x400.jpg 570w, https:\/\/longplaymusicfilmfestival.com\/wp-content\/uploads\/2025\/11\/6d82bfac5f6abdd1ddaec3a8fd2907a5-768x539.jpg 768w, https:\/\/longplaymusicfilmfestival.com\/wp-content\/uploads\/2025\/11\/6d82bfac5f6abdd1ddaec3a8fd2907a5-18x12.jpg 18w, https:\/\/longplaymusicfilmfestival.com\/wp-content\/uploads\/2025\/11\/6d82bfac5f6abdd1ddaec3a8fd2907a5.jpg 835w\" sizes=\"auto, (max-width: 570px) 100vw, 570px\" \/>                                  <div class=\"overlay fill\"\n                      style=\"background-color: rgba(0,0,0,.15)\">\n                  <\/div>\n                                                              <\/div>\n              <div class=\"box-text text-left\" >\n                 <p><\/p>\n              <\/div>\n            <\/div>\n            <\/a>          <\/div>\n         <\/div><div class=\"gallery-col col\" >\n          <div class=\"col-inner\">\n            <a class=\"image-lightbox lightbox-gallery\" href=\"https:\/\/longplaymusicfilmfestival.com\/wp-content\/uploads\/2025\/11\/429c94f4ea9e1389bee9cbbea3d29ecc.jpg\" title=\"\">            <div class=\"box has-hover gallery-box box-overlay dark\">\n              <div class=\"box-image image-cover\" style=\"padding-top:100%;\">\n                <img loading=\"lazy\" decoding=\"async\" width=\"570\" height=\"400\" src=\"https:\/\/longplaymusicfilmfestival.com\/wp-content\/uploads\/2025\/11\/429c94f4ea9e1389bee9cbbea3d29ecc-570x400.jpg\" class=\"attachment-medium size-medium\" alt=\"\" ids=\"581,582,583,584,585,586,587,588\" type=\"slider\" image_height=\"100%\" srcset=\"https:\/\/longplaymusicfilmfestival.com\/wp-content\/uploads\/2025\/11\/429c94f4ea9e1389bee9cbbea3d29ecc-570x400.jpg 570w, https:\/\/longplaymusicfilmfestival.com\/wp-content\/uploads\/2025\/11\/429c94f4ea9e1389bee9cbbea3d29ecc-768x539.jpg 768w, https:\/\/longplaymusicfilmfestival.com\/wp-content\/uploads\/2025\/11\/429c94f4ea9e1389bee9cbbea3d29ecc-18x12.jpg 18w, https:\/\/longplaymusicfilmfestival.com\/wp-content\/uploads\/2025\/11\/429c94f4ea9e1389bee9cbbea3d29ecc.jpg 835w\" sizes=\"auto, (max-width: 570px) 100vw, 570px\" \/>                                  <div class=\"overlay fill\"\n                      style=\"background-color: rgba(0,0,0,.15)\">\n                  <\/div>\n                                                              <\/div>\n              <div class=\"box-text text-left\" >\n                 <p><\/p>\n              <\/div>\n            <\/div>\n            <\/a>          <\/div>\n         <\/div><div class=\"gallery-col col\" >\n          <div class=\"col-inner\">\n            <a class=\"image-lightbox lightbox-gallery\" href=\"https:\/\/longplaymusicfilmfestival.com\/wp-content\/uploads\/2025\/11\/1715174354_STANBUL_HATIRASI___M__ZEYYEN_SENAR.jpg\" title=\"\">            <div class=\"box has-hover gallery-box box-overlay dark\">\n              <div class=\"box-image image-cover\" style=\"padding-top:100%;\">\n                <img loading=\"lazy\" decoding=\"async\" width=\"712\" height=\"400\" src=\"https:\/\/longplaymusicfilmfestival.com\/wp-content\/uploads\/2025\/11\/1715174354_STANBUL_HATIRASI___M__ZEYYEN_SENAR-712x400.jpg\" class=\"attachment-medium size-medium\" alt=\"\" ids=\"581,582,583,584,585,586,587,588\" type=\"slider\" image_height=\"100%\" srcset=\"https:\/\/longplaymusicfilmfestival.com\/wp-content\/uploads\/2025\/11\/1715174354_STANBUL_HATIRASI___M__ZEYYEN_SENAR-712x400.jpg 712w, https:\/\/longplaymusicfilmfestival.com\/wp-content\/uploads\/2025\/11\/1715174354_STANBUL_HATIRASI___M__ZEYYEN_SENAR-768x432.jpg 768w, https:\/\/longplaymusicfilmfestival.com\/wp-content\/uploads\/2025\/11\/1715174354_STANBUL_HATIRASI___M__ZEYYEN_SENAR-18x10.jpg 18w, https:\/\/longplaymusicfilmfestival.com\/wp-content\/uploads\/2025\/11\/1715174354_STANBUL_HATIRASI___M__ZEYYEN_SENAR.jpg 1080w\" sizes=\"auto, (max-width: 712px) 100vw, 712px\" \/>                                  <div class=\"overlay fill\"\n                      style=\"background-color: rgba(0,0,0,.15)\">\n                  <\/div>\n                                                              <\/div>\n              <div class=\"box-text text-left\" >\n                 <p><\/p>\n              <\/div>\n            <\/div>\n            <\/a>          <\/div>\n         <\/div><div class=\"gallery-col col\" >\n          <div class=\"col-inner\">\n            <a class=\"image-lightbox lightbox-gallery\" href=\"https:\/\/longplaymusicfilmfestival.com\/wp-content\/uploads\/2025\/11\/alexander-hacke--1067x800.jpeg\" title=\"\">            <div class=\"box has-hover gallery-box box-overlay dark\">\n              <div class=\"box-image image-cover\" style=\"padding-top:100%;\">\n                <img loading=\"lazy\" decoding=\"async\" width=\"533\" height=\"400\" src=\"https:\/\/longplaymusicfilmfestival.com\/wp-content\/uploads\/2025\/11\/alexander-hacke--533x400.jpeg\" class=\"attachment-medium size-medium\" alt=\"\" ids=\"581,582,583,584,585,586,587,588\" type=\"slider\" image_height=\"100%\" srcset=\"https:\/\/longplaymusicfilmfestival.com\/wp-content\/uploads\/2025\/11\/alexander-hacke--533x400.jpeg 533w, https:\/\/longplaymusicfilmfestival.com\/wp-content\/uploads\/2025\/11\/alexander-hacke--1067x800.jpeg 1067w, https:\/\/longplaymusicfilmfestival.com\/wp-content\/uploads\/2025\/11\/alexander-hacke--768x576.jpeg 768w, https:\/\/longplaymusicfilmfestival.com\/wp-content\/uploads\/2025\/11\/alexander-hacke--1536x1152.jpeg 1536w, https:\/\/longplaymusicfilmfestival.com\/wp-content\/uploads\/2025\/11\/alexander-hacke--16x12.jpeg 16w, https:\/\/longplaymusicfilmfestival.com\/wp-content\/uploads\/2025\/11\/alexander-hacke-.jpeg 2047w\" sizes=\"auto, (max-width: 533px) 100vw, 533px\" \/>                                  <div class=\"overlay fill\"\n                      style=\"background-color: rgba(0,0,0,.15)\">\n                  <\/div>\n                                                              <\/div>\n              <div class=\"box-text text-left\" >\n                 <p><\/p>\n              <\/div>\n            <\/div>\n            <\/a>          <\/div>\n         <\/div><div class=\"gallery-col col\" >\n          <div class=\"col-inner\">\n            <a class=\"image-lightbox lightbox-gallery\" href=\"https:\/\/longplaymusicfilmfestival.com\/wp-content\/uploads\/2025\/11\/fadd2320679e2a1776d52847393bf6bd.jpg\" title=\"\">            <div class=\"box has-hover gallery-box box-overlay dark\">\n              <div class=\"box-image image-cover\" style=\"padding-top:100%;\">\n                <img loading=\"lazy\" decoding=\"async\" width=\"570\" height=\"400\" src=\"https:\/\/longplaymusicfilmfestival.com\/wp-content\/uploads\/2025\/11\/fadd2320679e2a1776d52847393bf6bd-570x400.jpg\" class=\"attachment-medium size-medium\" alt=\"\" ids=\"581,582,583,584,585,586,587,588\" type=\"slider\" image_height=\"100%\" srcset=\"https:\/\/longplaymusicfilmfestival.com\/wp-content\/uploads\/2025\/11\/fadd2320679e2a1776d52847393bf6bd-570x400.jpg 570w, https:\/\/longplaymusicfilmfestival.com\/wp-content\/uploads\/2025\/11\/fadd2320679e2a1776d52847393bf6bd-768x539.jpg 768w, https:\/\/longplaymusicfilmfestival.com\/wp-content\/uploads\/2025\/11\/fadd2320679e2a1776d52847393bf6bd-18x12.jpg 18w, https:\/\/longplaymusicfilmfestival.com\/wp-content\/uploads\/2025\/11\/fadd2320679e2a1776d52847393bf6bd.jpg 835w\" sizes=\"auto, (max-width: 570px) 100vw, 570px\" \/>                                  <div class=\"overlay fill\"\n                      style=\"background-color: rgba(0,0,0,.15)\">\n                  <\/div>\n                                                              <\/div>\n              <div class=\"box-text text-left\" >\n                 <p><\/p>\n              <\/div>\n            <\/div>\n            <\/a>          <\/div>\n         <\/div><div class=\"gallery-col col\" >\n          <div class=\"col-inner\">\n            <a class=\"image-lightbox lightbox-gallery\" href=\"https:\/\/longplaymusicfilmfestival.com\/wp-content\/uploads\/2025\/11\/fatih-akin-istanbul-hatirasi-kopruyu-gecmek-filmi.webp\" title=\"\">            <div class=\"box has-hover gallery-box box-overlay dark\">\n              <div class=\"box-image image-cover\" style=\"padding-top:100%;\">\n                <img loading=\"lazy\" decoding=\"async\" width=\"500\" height=\"400\" src=\"https:\/\/longplaymusicfilmfestival.com\/wp-content\/uploads\/2025\/11\/fatih-akin-istanbul-hatirasi-kopruyu-gecmek-filmi-500x400.webp\" class=\"attachment-medium size-medium\" alt=\"\" ids=\"581,582,583,584,585,586,587,588\" type=\"slider\" image_height=\"100%\" srcset=\"https:\/\/longplaymusicfilmfestival.com\/wp-content\/uploads\/2025\/11\/fatih-akin-istanbul-hatirasi-kopruyu-gecmek-filmi-500x400.webp 500w, https:\/\/longplaymusicfilmfestival.com\/wp-content\/uploads\/2025\/11\/fatih-akin-istanbul-hatirasi-kopruyu-gecmek-filmi-768x614.webp 768w, https:\/\/longplaymusicfilmfestival.com\/wp-content\/uploads\/2025\/11\/fatih-akin-istanbul-hatirasi-kopruyu-gecmek-filmi-15x12.webp 15w, https:\/\/longplaymusicfilmfestival.com\/wp-content\/uploads\/2025\/11\/fatih-akin-istanbul-hatirasi-kopruyu-gecmek-filmi.webp 1000w\" sizes=\"auto, (max-width: 500px) 100vw, 500px\" \/>                                  <div class=\"overlay fill\"\n                      style=\"background-color: rgba(0,0,0,.15)\">\n                  <\/div>\n                                                              <\/div>\n              <div class=\"box-text text-left\" >\n                 <p><\/p>\n              <\/div>\n            <\/div>\n            <\/a>          <\/div>\n         <\/div><div class=\"gallery-col col\" >\n          <div class=\"col-inner\">\n            <a class=\"image-lightbox lightbox-gallery\" href=\"https:\/\/longplaymusicfilmfestival.com\/wp-content\/uploads\/2025\/11\/image-w1280-2.webp\" title=\"\">            <div class=\"box has-hover gallery-box box-overlay dark\">\n              <div class=\"box-image image-cover\" style=\"padding-top:100%;\">\n                <img loading=\"lazy\" decoding=\"async\" width=\"700\" height=\"394\" src=\"https:\/\/longplaymusicfilmfestival.com\/wp-content\/uploads\/2025\/11\/image-w1280-2.webp\" class=\"attachment-medium size-medium\" alt=\"\" ids=\"581,582,583,584,585,586,587,588\" type=\"slider\" image_height=\"100%\" srcset=\"https:\/\/longplaymusicfilmfestival.com\/wp-content\/uploads\/2025\/11\/image-w1280-2.webp 700w, https:\/\/longplaymusicfilmfestival.com\/wp-content\/uploads\/2025\/11\/image-w1280-2-18x10.webp 18w\" sizes=\"auto, (max-width: 700px) 100vw, 700px\" \/>                                  <div class=\"overlay fill\"\n                      style=\"background-color: rgba(0,0,0,.15)\">\n                  <\/div>\n                                                              <\/div>\n              <div class=\"box-text text-left\" >\n                 <p><\/p>\n              <\/div>\n            <\/div>\n            <\/a>          <\/div>\n         <\/div><div class=\"gallery-col col\" >\n          <div class=\"col-inner\">\n            <a class=\"image-lightbox lightbox-gallery\" href=\"https:\/\/longplaymusicfilmfestival.com\/wp-content\/uploads\/2025\/11\/IMG_2421.jpeg\" title=\"\">            <div class=\"box has-hover gallery-box box-overlay dark\">\n              <div class=\"box-image image-cover\" style=\"padding-top:100%;\">\n                <img loading=\"lazy\" decoding=\"async\" width=\"585\" height=\"400\" src=\"https:\/\/longplaymusicfilmfestival.com\/wp-content\/uploads\/2025\/11\/IMG_2421-585x400.jpeg\" class=\"attachment-medium size-medium\" alt=\"\" ids=\"581,582,583,584,585,586,587,588\" type=\"slider\" image_height=\"100%\" srcset=\"https:\/\/longplaymusicfilmfestival.com\/wp-content\/uploads\/2025\/11\/IMG_2421-585x400.jpeg 585w, https:\/\/longplaymusicfilmfestival.com\/wp-content\/uploads\/2025\/11\/IMG_2421-18x12.jpeg 18w, https:\/\/longplaymusicfilmfestival.com\/wp-content\/uploads\/2025\/11\/IMG_2421.jpeg 633w\" sizes=\"auto, (max-width: 585px) 100vw, 585px\" \/>                                  <div class=\"overlay fill\"\n                      style=\"background-color: rgba(0,0,0,.15)\">\n                  <\/div>\n                                                              <\/div>\n              <div class=\"box-text text-left\" >\n                 <p><\/p>\n              <\/div>\n            <\/div>\n            <\/a>          <\/div>\n         <\/div><\/div>\n\n\n\t\t<\/div>\n\t\t\t\t\t<\/div>\n\n\t\n\n<\/div>","protected":false},"excerpt":{"rendered":"","protected":false},"author":1,"featured_media":0,"parent":0,"menu_order":0,"comment_status":"closed","ping_status":"closed","template":"","meta":{"footnotes":""},"class_list":["post-578","page","type-page","status-publish","hentry"],"yoast_head":"<!-- This site is optimized with the Yoast SEO plugin v25.4 - https:\/\/yoast.com\/wordpress\/plugins\/seo\/ -->\n<title>\u0130STANBUL HATIRASI: K\u00d6PR\u00dcY\u00dc GE\u00c7MEK - Long Play Music Films Festival<\/title>\n<meta name=\"robots\" content=\"index, follow, max-snippet:-1, max-image-preview:large, max-video-preview:-1\" \/>\n<link rel=\"canonical\" href=\"https:\/\/longplaymusicfilmfestival.com\/en\/istanbul-hatirasi-kopruyu-gecmek\/\" \/>\n<meta property=\"og:locale\" content=\"en_US\" \/>\n<meta property=\"og:type\" content=\"article\" \/>\n<meta property=\"og:title\" content=\"\u0130STANBUL HATIRASI: K\u00d6PR\u00dcY\u00dc GE\u00c7MEK - Long Play Music Films Festival\" \/>\n<meta property=\"og:url\" content=\"https:\/\/longplaymusicfilmfestival.com\/en\/istanbul-hatirasi-kopruyu-gecmek\/\" \/>\n<meta property=\"og:site_name\" content=\"Long Play Music Films Festival\" \/>\n<meta property=\"article:modified_time\" content=\"2025-11-10T13:17:40+00:00\" \/>\n<meta property=\"og:image\" content=\"https:\/\/longplaymusicfilmfestival.com\/wp-content\/uploads\/2025\/11\/long-play-music-films-festival-op-image.jpg\" \/>\n\t<meta property=\"og:image:width\" content=\"1280\" \/>\n\t<meta property=\"og:image:height\" content=\"720\" \/>\n\t<meta property=\"og:image:type\" content=\"image\/jpeg\" \/>\n<meta name=\"twitter:card\" content=\"summary_large_image\" \/>\n<meta name=\"twitter:site\" content=\"@lpmusicfilmfest\" \/>\n<script type=\"application\/ld+json\" class=\"yoast-schema-graph\">{\"@context\":\"https:\/\/schema.org\",\"@graph\":[{\"@type\":\"WebPage\",\"@id\":\"https:\/\/longplaymusicfilmfestival.com\/istanbul-hatirasi-kopruyu-gecmek\/\",\"url\":\"https:\/\/longplaymusicfilmfestival.com\/istanbul-hatirasi-kopruyu-gecmek\/\",\"name\":\"\u0130STANBUL HATIRASI: K\u00d6PR\u00dcY\u00dc GE\u00c7MEK - Long Play Music Films Festival\",\"isPartOf\":{\"@id\":\"https:\/\/longplaymusicfilmfestival.com\/#website\"},\"datePublished\":\"2025-11-10T13:14:34+00:00\",\"dateModified\":\"2025-11-10T13:17:40+00:00\",\"breadcrumb\":{\"@id\":\"https:\/\/longplaymusicfilmfestival.com\/istanbul-hatirasi-kopruyu-gecmek\/#breadcrumb\"},\"inLanguage\":\"en-US\",\"potentialAction\":[{\"@type\":\"ReadAction\",\"target\":[\"https:\/\/longplaymusicfilmfestival.com\/istanbul-hatirasi-kopruyu-gecmek\/\"]}]},{\"@type\":\"BreadcrumbList\",\"@id\":\"https:\/\/longplaymusicfilmfestival.com\/istanbul-hatirasi-kopruyu-gecmek\/#breadcrumb\",\"itemListElement\":[{\"@type\":\"ListItem\",\"position\":1,\"name\":\"Anasayfa\",\"item\":\"https:\/\/longplaymusicfilmfestival.com\/\"},{\"@type\":\"ListItem\",\"position\":2,\"name\":\"\u0130STANBUL HATIRASI: K\u00d6PR\u00dcY\u00dc GE\u00c7MEK\"}]},{\"@type\":\"WebSite\",\"@id\":\"https:\/\/longplaymusicfilmfestival.com\/#website\",\"url\":\"https:\/\/longplaymusicfilmfestival.com\/\",\"name\":\"Long Play Music Films Festival\",\"description\":\"Long Play Music Films Festival\",\"publisher\":{\"@id\":\"https:\/\/longplaymusicfilmfestival.com\/#organization\"},\"potentialAction\":[{\"@type\":\"SearchAction\",\"target\":{\"@type\":\"EntryPoint\",\"urlTemplate\":\"https:\/\/longplaymusicfilmfestival.com\/?s={search_term_string}\"},\"query-input\":{\"@type\":\"PropertyValueSpecification\",\"valueRequired\":true,\"valueName\":\"search_term_string\"}}],\"inLanguage\":\"en-US\"},{\"@type\":\"Organization\",\"@id\":\"https:\/\/longplaymusicfilmfestival.com\/#organization\",\"name\":\"Long Play Music Films Festival\",\"url\":\"https:\/\/longplaymusicfilmfestival.com\/\",\"logo\":{\"@type\":\"ImageObject\",\"inLanguage\":\"en-US\",\"@id\":\"https:\/\/longplaymusicfilmfestival.com\/#\/schema\/logo\/image\/\",\"url\":\"https:\/\/longplaymusicfilmfestival.com\/wp-content\/uploads\/2025\/05\/long-play-music-films-festival-logo.png\",\"contentUrl\":\"https:\/\/longplaymusicfilmfestival.com\/wp-content\/uploads\/2025\/05\/long-play-music-films-festival-logo.png\",\"width\":998,\"height\":298,\"caption\":\"Long Play Music Films Festival\"},\"image\":{\"@id\":\"https:\/\/longplaymusicfilmfestival.com\/#\/schema\/logo\/image\/\"},\"sameAs\":[\"https:\/\/x.com\/lpmusicfilmfest\"]}]}<\/script>\n<!-- \/ Yoast SEO plugin. -->","yoast_head_json":{"title":"\u0130STANBUL HATIRASI: K\u00d6PR\u00dcY\u00dc GE\u00c7MEK - Long Play Music Films Festival","robots":{"index":"index","follow":"follow","max-snippet":"max-snippet:-1","max-image-preview":"max-image-preview:large","max-video-preview":"max-video-preview:-1"},"canonical":"https:\/\/longplaymusicfilmfestival.com\/en\/istanbul-hatirasi-kopruyu-gecmek\/","og_locale":"en_US","og_type":"article","og_title":"\u0130STANBUL HATIRASI: K\u00d6PR\u00dcY\u00dc GE\u00c7MEK - Long Play Music Films Festival","og_url":"https:\/\/longplaymusicfilmfestival.com\/en\/istanbul-hatirasi-kopruyu-gecmek\/","og_site_name":"Long Play Music Films Festival","article_modified_time":"2025-11-10T13:17:40+00:00","og_image":[{"width":1280,"height":720,"url":"https:\/\/longplaymusicfilmfestival.com\/wp-content\/uploads\/2025\/11\/long-play-music-films-festival-op-image.jpg","type":"image\/jpeg"}],"twitter_card":"summary_large_image","twitter_site":"@lpmusicfilmfest","schema":{"@context":"https:\/\/schema.org","@graph":[{"@type":"WebPage","@id":"https:\/\/longplaymusicfilmfestival.com\/istanbul-hatirasi-kopruyu-gecmek\/","url":"https:\/\/longplaymusicfilmfestival.com\/istanbul-hatirasi-kopruyu-gecmek\/","name":"\u0130STANBUL HATIRASI: K\u00d6PR\u00dcY\u00dc GE\u00c7MEK - Long Play Music Films Festival","isPartOf":{"@id":"https:\/\/longplaymusicfilmfestival.com\/#website"},"datePublished":"2025-11-10T13:14:34+00:00","dateModified":"2025-11-10T13:17:40+00:00","breadcrumb":{"@id":"https:\/\/longplaymusicfilmfestival.com\/istanbul-hatirasi-kopruyu-gecmek\/#breadcrumb"},"inLanguage":"en-US","potentialAction":[{"@type":"ReadAction","target":["https:\/\/longplaymusicfilmfestival.com\/istanbul-hatirasi-kopruyu-gecmek\/"]}]},{"@type":"BreadcrumbList","@id":"https:\/\/longplaymusicfilmfestival.com\/istanbul-hatirasi-kopruyu-gecmek\/#breadcrumb","itemListElement":[{"@type":"ListItem","position":1,"name":"Anasayfa","item":"https:\/\/longplaymusicfilmfestival.com\/"},{"@type":"ListItem","position":2,"name":"\u0130STANBUL HATIRASI: K\u00d6PR\u00dcY\u00dc GE\u00c7MEK"}]},{"@type":"WebSite","@id":"https:\/\/longplaymusicfilmfestival.com\/#website","url":"https:\/\/longplaymusicfilmfestival.com\/","name":"Long Play Music Films Festival","description":"Long Play Music Films Festival","publisher":{"@id":"https:\/\/longplaymusicfilmfestival.com\/#organization"},"potentialAction":[{"@type":"SearchAction","target":{"@type":"EntryPoint","urlTemplate":"https:\/\/longplaymusicfilmfestival.com\/?s={search_term_string}"},"query-input":{"@type":"PropertyValueSpecification","valueRequired":true,"valueName":"search_term_string"}}],"inLanguage":"en-US"},{"@type":"Organization","@id":"https:\/\/longplaymusicfilmfestival.com\/#organization","name":"Long Play Music Films Festival","url":"https:\/\/longplaymusicfilmfestival.com\/","logo":{"@type":"ImageObject","inLanguage":"en-US","@id":"https:\/\/longplaymusicfilmfestival.com\/#\/schema\/logo\/image\/","url":"https:\/\/longplaymusicfilmfestival.com\/wp-content\/uploads\/2025\/05\/long-play-music-films-festival-logo.png","contentUrl":"https:\/\/longplaymusicfilmfestival.com\/wp-content\/uploads\/2025\/05\/long-play-music-films-festival-logo.png","width":998,"height":298,"caption":"Long Play Music Films Festival"},"image":{"@id":"https:\/\/longplaymusicfilmfestival.com\/#\/schema\/logo\/image\/"},"sameAs":["https:\/\/x.com\/lpmusicfilmfest"]}]}},"_links":{"self":[{"href":"https:\/\/longplaymusicfilmfestival.com\/en\/wp-json\/wp\/v2\/pages\/578","targetHints":{"allow":["GET"]}}],"collection":[{"href":"https:\/\/longplaymusicfilmfestival.com\/en\/wp-json\/wp\/v2\/pages"}],"about":[{"href":"https:\/\/longplaymusicfilmfestival.com\/en\/wp-json\/wp\/v2\/types\/page"}],"author":[{"embeddable":true,"href":"https:\/\/longplaymusicfilmfestival.com\/en\/wp-json\/wp\/v2\/users\/1"}],"replies":[{"embeddable":true,"href":"https:\/\/longplaymusicfilmfestival.com\/en\/wp-json\/wp\/v2\/comments?post=578"}],"version-history":[{"count":2,"href":"https:\/\/longplaymusicfilmfestival.com\/en\/wp-json\/wp\/v2\/pages\/578\/revisions"}],"predecessor-version":[{"id":589,"href":"https:\/\/longplaymusicfilmfestival.com\/en\/wp-json\/wp\/v2\/pages\/578\/revisions\/589"}],"wp:attachment":[{"href":"https:\/\/longplaymusicfilmfestival.com\/en\/wp-json\/wp\/v2\/media?parent=578"}],"curies":[{"name":"wp","href":"https:\/\/api.w.org\/{rel}","templated":true}]}}