{"id":552,"date":"2025-11-10T12:56:21","date_gmt":"2025-11-10T12:56:21","guid":{"rendered":"https:\/\/longplaymusicfilmfestival.com\/?page_id=552"},"modified":"2025-11-10T14:11:23","modified_gmt":"2025-11-10T14:11:23","slug":"ask-mark-olum","status":"publish","type":"page","link":"https:\/\/longplaymusicfilmfestival.com\/en\/ask-mark-olum\/","title":{"rendered":"A\u015eK MARK \u00d6L\u00dcM"},"content":{"rendered":"<div class=\"row\"  id=\"row-693783661\">\n\n\n\t<div id=\"col-1344188276\" class=\"col small-12 large-12\"  >\n\t\t\t\t<div class=\"col-inner\"  >\n\t\t\t\n\t\t\t\n\n\n\t\t<\/div>\n\t\t\t\t\t<\/div>\n\n\t\n\n<\/div>\n<div class=\"container section-title-container\" ><h1 class=\"section-title section-title-center\"><b><\/b><span class=\"section-title-main\" style=\"color:rgb(0, 0, 0);\">A\u015eK MARK \u00d6L\u00dcM<\/span><b><\/b><\/h1><\/div>\n\n<div class=\"row\"  id=\"row-2065116123\">\n\n\n\t<div id=\"col-765462819\" class=\"col medium-4 small-12 large-4\"  >\n\t\t\t\t<div class=\"col-inner\"  >\n\t\t\t\n\t\t\t\n\n\t<div class=\"img has-hover x md-x lg-x y md-y lg-y\" id=\"image_1530299161\">\n\t\t\t\t\t\t\t\t<div class=\"img-inner dark\" >\n\t\t\t<img loading=\"lazy\" decoding=\"async\" width=\"549\" height=\"800\" src=\"https:\/\/longplaymusicfilmfestival.com\/wp-content\/uploads\/2025\/11\/ASK-MARK-OLUM-AFIS-1-549x800.webp\" class=\"attachment-large size-large\" alt=\"\" srcset=\"https:\/\/longplaymusicfilmfestival.com\/wp-content\/uploads\/2025\/11\/ASK-MARK-OLUM-AFIS-1-549x800.webp 549w, https:\/\/longplaymusicfilmfestival.com\/wp-content\/uploads\/2025\/11\/ASK-MARK-OLUM-AFIS-1-274x400.webp 274w, https:\/\/longplaymusicfilmfestival.com\/wp-content\/uploads\/2025\/11\/ASK-MARK-OLUM-AFIS-1-768x1120.webp 768w, https:\/\/longplaymusicfilmfestival.com\/wp-content\/uploads\/2025\/11\/ASK-MARK-OLUM-AFIS-1-8x12.webp 8w, https:\/\/longplaymusicfilmfestival.com\/wp-content\/uploads\/2025\/11\/ASK-MARK-OLUM-AFIS-1.webp 823w\" sizes=\"auto, (max-width: 549px) 100vw, 549px\" \/>\t\t\t\t\t\t\n\t\t\t\t\t<\/div>\n\t\t\t\t\t\t\t\t\n<style>\n#image_1530299161 {\n  width: 100%;\n}\n<\/style>\n\t<\/div>\n\t\n\n\n\t\t<\/div>\n\t\t\t\t\t<\/div>\n\n\t\n\n\t<div id=\"col-1928463461\" class=\"col medium-8 small-12 large-8\"  >\n\t\t\t\t<div class=\"col-inner\"  >\n\t\t\t\n\t\t\t\n\n<p><strong>Year of Production<\/strong>: 2022<\/p>\n<p><strong>Country<\/strong>: GERMANY<\/p>\n<p><strong>Duration<\/strong>: 96dk<\/p>\n<p><strong>Director<\/strong>: Cem KAYA<\/p>\n<p><strong>Screenwriter<\/strong>: Cem KAYA, Mehmet Akif B\u00dcY\u00dcKATALAY<\/p>\n<p><strong>Actors<\/strong>: Alper AGA, Orhan AMURO\u011eLU, \u0130mran AYATA, Ali Ekber AYDO\u011eAN, Boe B, \u00d6m\u00fcr BORAL,\u00dcmit \u00c7A\u011eLAR\u2026<\/p>\n\n\t\t<\/div>\n\t\t\t\t\t<\/div>\n\n\t\n\n<\/div>\n\n  \n    <div class=\"row large-columns-4 medium-columns-3 small-columns-2 slider row-slider slider-nav-reveal\"  data-flickity-options='{\"imagesLoaded\": true, \"groupCells\": \"100%\", \"dragThreshold\" : 5, \"cellAlign\": \"left\",\"wrapAround\": true,\"prevNextButtons\": true,\"percentPosition\": true,\"pageDots\": false, \"rightToLeft\": false, \"autoPlay\" : false}'>\n\n  <div class=\"gallery-col col\" >\n          <div class=\"col-inner\">\n            <a class=\"image-lightbox lightbox-gallery\" href=\"https:\/\/longplaymusicfilmfestival.com\/wp-content\/uploads\/2025\/11\/image-w1280.webp\" title=\"\">            <div class=\"box has-hover gallery-box box-overlay dark\">\n              <div class=\"box-image image-cover\" style=\"padding-top:100%;\">\n                <img loading=\"lazy\" decoding=\"async\" width=\"711\" height=\"400\" src=\"https:\/\/longplaymusicfilmfestival.com\/wp-content\/uploads\/2025\/11\/image-w1280-711x400.webp\" class=\"attachment-medium size-medium\" alt=\"\" ids=\"554,555,556,557,558,559,560\" type=\"slider\" image_height=\"100%\" srcset=\"https:\/\/longplaymusicfilmfestival.com\/wp-content\/uploads\/2025\/11\/image-w1280-711x400.webp 711w, https:\/\/longplaymusicfilmfestival.com\/wp-content\/uploads\/2025\/11\/image-w1280-768x432.webp 768w, https:\/\/longplaymusicfilmfestival.com\/wp-content\/uploads\/2025\/11\/image-w1280-18x10.webp 18w, https:\/\/longplaymusicfilmfestival.com\/wp-content\/uploads\/2025\/11\/image-w1280.webp 800w\" sizes=\"auto, (max-width: 711px) 100vw, 711px\" \/>                                  <div class=\"overlay fill\"\n                      style=\"background-color: rgba(0,0,0,.15)\">\n                  <\/div>\n                                                              <\/div>\n              <div class=\"box-text text-left\" >\n                 <p><\/p>\n              <\/div>\n            <\/div>\n            <\/a>          <\/div>\n         <\/div><div class=\"gallery-col col\" >\n          <div class=\"col-inner\">\n            <a class=\"image-lightbox lightbox-gallery\" href=\"https:\/\/longplaymusicfilmfestival.com\/wp-content\/uploads\/2025\/11\/ask-mark-ve-olum-740x321-1.jpg\" title=\"\">            <div class=\"box has-hover gallery-box box-overlay dark\">\n              <div class=\"box-image image-cover\" style=\"padding-top:100%;\">\n                <img loading=\"lazy\" decoding=\"async\" width=\"740\" height=\"321\" src=\"https:\/\/longplaymusicfilmfestival.com\/wp-content\/uploads\/2025\/11\/ask-mark-ve-olum-740x321-1.jpg\" class=\"attachment-medium size-medium\" alt=\"\" ids=\"554,555,556,557,558,559,560\" type=\"slider\" image_height=\"100%\" srcset=\"https:\/\/longplaymusicfilmfestival.com\/wp-content\/uploads\/2025\/11\/ask-mark-ve-olum-740x321-1.jpg 740w, https:\/\/longplaymusicfilmfestival.com\/wp-content\/uploads\/2025\/11\/ask-mark-ve-olum-740x321-1-18x8.jpg 18w\" sizes=\"auto, (max-width: 740px) 100vw, 740px\" \/>                                  <div class=\"overlay fill\"\n                      style=\"background-color: rgba(0,0,0,.15)\">\n                  <\/div>\n                                                              <\/div>\n              <div class=\"box-text text-left\" >\n                 <p><\/p>\n              <\/div>\n            <\/div>\n            <\/a>          <\/div>\n         <\/div><div class=\"gallery-col col\" >\n          <div class=\"col-inner\">\n            <a class=\"image-lightbox lightbox-gallery\" href=\"https:\/\/longplaymusicfilmfestival.com\/wp-content\/uploads\/2025\/11\/ask-mark-olum-1400x676.jpg\" title=\"\">            <div class=\"box has-hover gallery-box box-overlay dark\">\n              <div class=\"box-image image-cover\" style=\"padding-top:100%;\">\n                <img loading=\"lazy\" decoding=\"async\" width=\"800\" height=\"386\" src=\"https:\/\/longplaymusicfilmfestival.com\/wp-content\/uploads\/2025\/11\/ask-mark-olum-800x386.jpg\" class=\"attachment-medium size-medium\" alt=\"\" ids=\"554,555,556,557,558,559,560\" type=\"slider\" image_height=\"100%\" srcset=\"https:\/\/longplaymusicfilmfestival.com\/wp-content\/uploads\/2025\/11\/ask-mark-olum-800x386.jpg 800w, https:\/\/longplaymusicfilmfestival.com\/wp-content\/uploads\/2025\/11\/ask-mark-olum-1400x676.jpg 1400w, https:\/\/longplaymusicfilmfestival.com\/wp-content\/uploads\/2025\/11\/ask-mark-olum-768x371.jpg 768w, https:\/\/longplaymusicfilmfestival.com\/wp-content\/uploads\/2025\/11\/ask-mark-olum-1536x741.jpg 1536w, https:\/\/longplaymusicfilmfestival.com\/wp-content\/uploads\/2025\/11\/ask-mark-olum-18x9.jpg 18w, https:\/\/longplaymusicfilmfestival.com\/wp-content\/uploads\/2025\/11\/ask-mark-olum.jpg 1600w\" sizes=\"auto, (max-width: 800px) 100vw, 800px\" \/>                                  <div class=\"overlay fill\"\n                      style=\"background-color: rgba(0,0,0,.15)\">\n                  <\/div>\n                                                              <\/div>\n              <div class=\"box-text text-left\" >\n                 <p><\/p>\n              <\/div>\n            <\/div>\n            <\/a>          <\/div>\n         <\/div><div class=\"gallery-col col\" >\n          <div class=\"col-inner\">\n            <a class=\"image-lightbox lightbox-gallery\" href=\"https:\/\/longplaymusicfilmfestival.com\/wp-content\/uploads\/2025\/11\/6352524286b2445be0a70c8a.webp\" title=\"\">            <div class=\"box has-hover gallery-box box-overlay dark\">\n              <div class=\"box-image image-cover\" style=\"padding-top:100%;\">\n                <img loading=\"lazy\" decoding=\"async\" width=\"713\" height=\"400\" src=\"https:\/\/longplaymusicfilmfestival.com\/wp-content\/uploads\/2025\/11\/6352524286b2445be0a70c8a-713x400.webp\" class=\"attachment-medium size-medium\" alt=\"\" ids=\"554,555,556,557,558,559,560\" type=\"slider\" image_height=\"100%\" srcset=\"https:\/\/longplaymusicfilmfestival.com\/wp-content\/uploads\/2025\/11\/6352524286b2445be0a70c8a-713x400.webp 713w, https:\/\/longplaymusicfilmfestival.com\/wp-content\/uploads\/2025\/11\/6352524286b2445be0a70c8a-18x10.webp 18w, https:\/\/longplaymusicfilmfestival.com\/wp-content\/uploads\/2025\/11\/6352524286b2445be0a70c8a.webp 731w\" sizes=\"auto, (max-width: 713px) 100vw, 713px\" \/>                                  <div class=\"overlay fill\"\n                      style=\"background-color: rgba(0,0,0,.15)\">\n                  <\/div>\n                                                              <\/div>\n              <div class=\"box-text text-left\" >\n                 <p><\/p>\n              <\/div>\n            <\/div>\n            <\/a>          <\/div>\n         <\/div><div class=\"gallery-col col\" >\n          <div class=\"col-inner\">\n            <a class=\"image-lightbox lightbox-gallery\" href=\"https:\/\/longplaymusicfilmfestival.com\/wp-content\/uploads\/2025\/11\/2016143-57131961.png\" title=\"\">            <div class=\"box has-hover gallery-box box-overlay dark\">\n              <div class=\"box-image image-cover\" style=\"padding-top:100%;\">\n                <img loading=\"lazy\" decoding=\"async\" width=\"711\" height=\"400\" src=\"https:\/\/longplaymusicfilmfestival.com\/wp-content\/uploads\/2025\/11\/2016143-57131961-711x400.png\" class=\"attachment-medium size-medium\" alt=\"\" ids=\"554,555,556,557,558,559,560\" type=\"slider\" image_height=\"100%\" srcset=\"https:\/\/longplaymusicfilmfestival.com\/wp-content\/uploads\/2025\/11\/2016143-57131961-711x400.png 711w, https:\/\/longplaymusicfilmfestival.com\/wp-content\/uploads\/2025\/11\/2016143-57131961-768x432.png 768w, https:\/\/longplaymusicfilmfestival.com\/wp-content\/uploads\/2025\/11\/2016143-57131961-18x10.png 18w, https:\/\/longplaymusicfilmfestival.com\/wp-content\/uploads\/2025\/11\/2016143-57131961.png 1200w\" sizes=\"auto, (max-width: 711px) 100vw, 711px\" \/>                                  <div class=\"overlay fill\"\n                      style=\"background-color: rgba(0,0,0,.15)\">\n                  <\/div>\n                                                              <\/div>\n              <div class=\"box-text text-left\" >\n                 <p><\/p>\n              <\/div>\n            <\/div>\n            <\/a>          <\/div>\n         <\/div><div class=\"gallery-col col\" >\n          <div class=\"col-inner\">\n            <a class=\"image-lightbox lightbox-gallery\" href=\"https:\/\/longplaymusicfilmfestival.com\/wp-content\/uploads\/2025\/11\/2016143-57113618.jpg\" title=\"\">            <div class=\"box has-hover gallery-box box-overlay dark\">\n              <div class=\"box-image image-cover\" style=\"padding-top:100%;\">\n                <img loading=\"lazy\" decoding=\"async\" width=\"800\" height=\"386\" src=\"https:\/\/longplaymusicfilmfestival.com\/wp-content\/uploads\/2025\/11\/2016143-57113618-800x386.jpg\" class=\"attachment-medium size-medium\" alt=\"\" ids=\"554,555,556,557,558,559,560\" type=\"slider\" image_height=\"100%\" srcset=\"https:\/\/longplaymusicfilmfestival.com\/wp-content\/uploads\/2025\/11\/2016143-57113618-800x386.jpg 800w, https:\/\/longplaymusicfilmfestival.com\/wp-content\/uploads\/2025\/11\/2016143-57113618-768x371.jpg 768w, https:\/\/longplaymusicfilmfestival.com\/wp-content\/uploads\/2025\/11\/2016143-57113618-18x9.jpg 18w, https:\/\/longplaymusicfilmfestival.com\/wp-content\/uploads\/2025\/11\/2016143-57113618.jpg 1200w\" sizes=\"auto, (max-width: 800px) 100vw, 800px\" \/>                                  <div class=\"overlay fill\"\n                      style=\"background-color: rgba(0,0,0,.15)\">\n                  <\/div>\n                                                              <\/div>\n              <div class=\"box-text text-left\" >\n                 <p><\/p>\n              <\/div>\n            <\/div>\n            <\/a>          <\/div>\n         <\/div><div class=\"gallery-col col\" >\n          <div class=\"col-inner\">\n            <a class=\"image-lightbox lightbox-gallery\" href=\"https:\/\/longplaymusicfilmfestival.com\/wp-content\/uploads\/2025\/11\/2016143-57112601.jpg\" title=\"\">            <div class=\"box has-hover gallery-box box-overlay dark\">\n              <div class=\"box-image image-cover\" style=\"padding-top:100%;\">\n                <img loading=\"lazy\" decoding=\"async\" width=\"711\" height=\"400\" src=\"https:\/\/longplaymusicfilmfestival.com\/wp-content\/uploads\/2025\/11\/2016143-57112601-711x400.jpg\" class=\"attachment-medium size-medium\" alt=\"\" ids=\"554,555,556,557,558,559,560\" type=\"slider\" image_height=\"100%\" srcset=\"https:\/\/longplaymusicfilmfestival.com\/wp-content\/uploads\/2025\/11\/2016143-57112601-711x400.jpg 711w, https:\/\/longplaymusicfilmfestival.com\/wp-content\/uploads\/2025\/11\/2016143-57112601-768x432.jpg 768w, https:\/\/longplaymusicfilmfestival.com\/wp-content\/uploads\/2025\/11\/2016143-57112601-18x10.jpg 18w, https:\/\/longplaymusicfilmfestival.com\/wp-content\/uploads\/2025\/11\/2016143-57112601.jpg 1200w\" sizes=\"auto, (max-width: 711px) 100vw, 711px\" \/>                                  <div class=\"overlay fill\"\n                      style=\"background-color: rgba(0,0,0,.15)\">\n                  <\/div>\n                                                              <\/div>\n              <div class=\"box-text text-left\" >\n                 <p><\/p>\n              <\/div>\n            <\/div>\n            <\/a>          <\/div>\n         <\/div><\/div>","protected":false},"excerpt":{"rendered":"","protected":false},"author":1,"featured_media":0,"parent":0,"menu_order":0,"comment_status":"closed","ping_status":"closed","template":"","meta":{"footnotes":""},"class_list":["post-552","page","type-page","status-publish","hentry"],"yoast_head":"<!-- This site is optimized with the Yoast SEO plugin v25.4 - https:\/\/yoast.com\/wordpress\/plugins\/seo\/ -->\n<title>A\u015eK MARK \u00d6L\u00dcM - Long Play Music Films Festival<\/title>\n<meta name=\"robots\" content=\"index, follow, max-snippet:-1, max-image-preview:large, max-video-preview:-1\" \/>\n<link rel=\"canonical\" href=\"https:\/\/longplaymusicfilmfestival.com\/en\/ask-mark-olum\/\" \/>\n<meta property=\"og:locale\" content=\"en_US\" \/>\n<meta property=\"og:type\" content=\"article\" \/>\n<meta property=\"og:title\" content=\"A\u015eK MARK \u00d6L\u00dcM - Long Play Music Films Festival\" \/>\n<meta property=\"og:url\" content=\"https:\/\/longplaymusicfilmfestival.com\/en\/ask-mark-olum\/\" \/>\n<meta property=\"og:site_name\" content=\"Long Play Music Films Festival\" \/>\n<meta property=\"article:modified_time\" content=\"2025-11-10T14:11:23+00:00\" \/>\n<meta property=\"og:image\" content=\"https:\/\/longplaymusicfilmfestival.com\/wp-content\/uploads\/2025\/11\/long-play-music-films-festival-op-image.jpg\" \/>\n\t<meta property=\"og:image:width\" content=\"1280\" \/>\n\t<meta property=\"og:image:height\" content=\"720\" \/>\n\t<meta property=\"og:image:type\" content=\"image\/jpeg\" \/>\n<meta name=\"twitter:card\" content=\"summary_large_image\" \/>\n<meta name=\"twitter:site\" content=\"@lpmusicfilmfest\" \/>\n<script type=\"application\/ld+json\" class=\"yoast-schema-graph\">{\"@context\":\"https:\/\/schema.org\",\"@graph\":[{\"@type\":\"WebPage\",\"@id\":\"https:\/\/longplaymusicfilmfestival.com\/ask-mark-olum\/\",\"url\":\"https:\/\/longplaymusicfilmfestival.com\/ask-mark-olum\/\",\"name\":\"A\u015eK MARK \u00d6L\u00dcM - Long Play Music Films Festival\",\"isPartOf\":{\"@id\":\"https:\/\/longplaymusicfilmfestival.com\/#website\"},\"datePublished\":\"2025-11-10T12:56:21+00:00\",\"dateModified\":\"2025-11-10T14:11:23+00:00\",\"breadcrumb\":{\"@id\":\"https:\/\/longplaymusicfilmfestival.com\/ask-mark-olum\/#breadcrumb\"},\"inLanguage\":\"en-US\",\"potentialAction\":[{\"@type\":\"ReadAction\",\"target\":[\"https:\/\/longplaymusicfilmfestival.com\/ask-mark-olum\/\"]}]},{\"@type\":\"BreadcrumbList\",\"@id\":\"https:\/\/longplaymusicfilmfestival.com\/ask-mark-olum\/#breadcrumb\",\"itemListElement\":[{\"@type\":\"ListItem\",\"position\":1,\"name\":\"Anasayfa\",\"item\":\"https:\/\/longplaymusicfilmfestival.com\/\"},{\"@type\":\"ListItem\",\"position\":2,\"name\":\"A\u015eK MARK \u00d6L\u00dcM\"}]},{\"@type\":\"WebSite\",\"@id\":\"https:\/\/longplaymusicfilmfestival.com\/#website\",\"url\":\"https:\/\/longplaymusicfilmfestival.com\/\",\"name\":\"Long Play Music Films Festival\",\"description\":\"Long Play Music Films Festival\",\"publisher\":{\"@id\":\"https:\/\/longplaymusicfilmfestival.com\/#organization\"},\"potentialAction\":[{\"@type\":\"SearchAction\",\"target\":{\"@type\":\"EntryPoint\",\"urlTemplate\":\"https:\/\/longplaymusicfilmfestival.com\/?s={search_term_string}\"},\"query-input\":{\"@type\":\"PropertyValueSpecification\",\"valueRequired\":true,\"valueName\":\"search_term_string\"}}],\"inLanguage\":\"en-US\"},{\"@type\":\"Organization\",\"@id\":\"https:\/\/longplaymusicfilmfestival.com\/#organization\",\"name\":\"Long Play Music Films Festival\",\"url\":\"https:\/\/longplaymusicfilmfestival.com\/\",\"logo\":{\"@type\":\"ImageObject\",\"inLanguage\":\"en-US\",\"@id\":\"https:\/\/longplaymusicfilmfestival.com\/#\/schema\/logo\/image\/\",\"url\":\"https:\/\/longplaymusicfilmfestival.com\/wp-content\/uploads\/2025\/05\/long-play-music-films-festival-logo.png\",\"contentUrl\":\"https:\/\/longplaymusicfilmfestival.com\/wp-content\/uploads\/2025\/05\/long-play-music-films-festival-logo.png\",\"width\":998,\"height\":298,\"caption\":\"Long Play Music Films Festival\"},\"image\":{\"@id\":\"https:\/\/longplaymusicfilmfestival.com\/#\/schema\/logo\/image\/\"},\"sameAs\":[\"https:\/\/x.com\/lpmusicfilmfest\"]}]}<\/script>\n<!-- \/ Yoast SEO plugin. -->","yoast_head_json":{"title":"A\u015eK MARK \u00d6L\u00dcM - Long Play Music Films Festival","robots":{"index":"index","follow":"follow","max-snippet":"max-snippet:-1","max-image-preview":"max-image-preview:large","max-video-preview":"max-video-preview:-1"},"canonical":"https:\/\/longplaymusicfilmfestival.com\/en\/ask-mark-olum\/","og_locale":"en_US","og_type":"article","og_title":"A\u015eK MARK \u00d6L\u00dcM - Long Play Music Films Festival","og_url":"https:\/\/longplaymusicfilmfestival.com\/en\/ask-mark-olum\/","og_site_name":"Long Play Music Films Festival","article_modified_time":"2025-11-10T14:11:23+00:00","og_image":[{"width":1280,"height":720,"url":"https:\/\/longplaymusicfilmfestival.com\/wp-content\/uploads\/2025\/11\/long-play-music-films-festival-op-image.jpg","type":"image\/jpeg"}],"twitter_card":"summary_large_image","twitter_site":"@lpmusicfilmfest","schema":{"@context":"https:\/\/schema.org","@graph":[{"@type":"WebPage","@id":"https:\/\/longplaymusicfilmfestival.com\/ask-mark-olum\/","url":"https:\/\/longplaymusicfilmfestival.com\/ask-mark-olum\/","name":"A\u015eK MARK \u00d6L\u00dcM - Long Play Music Films Festival","isPartOf":{"@id":"https:\/\/longplaymusicfilmfestival.com\/#website"},"datePublished":"2025-11-10T12:56:21+00:00","dateModified":"2025-11-10T14:11:23+00:00","breadcrumb":{"@id":"https:\/\/longplaymusicfilmfestival.com\/ask-mark-olum\/#breadcrumb"},"inLanguage":"en-US","potentialAction":[{"@type":"ReadAction","target":["https:\/\/longplaymusicfilmfestival.com\/ask-mark-olum\/"]}]},{"@type":"BreadcrumbList","@id":"https:\/\/longplaymusicfilmfestival.com\/ask-mark-olum\/#breadcrumb","itemListElement":[{"@type":"ListItem","position":1,"name":"Anasayfa","item":"https:\/\/longplaymusicfilmfestival.com\/"},{"@type":"ListItem","position":2,"name":"A\u015eK MARK \u00d6L\u00dcM"}]},{"@type":"WebSite","@id":"https:\/\/longplaymusicfilmfestival.com\/#website","url":"https:\/\/longplaymusicfilmfestival.com\/","name":"Long Play Music Films Festival","description":"Long Play Music Films Festival","publisher":{"@id":"https:\/\/longplaymusicfilmfestival.com\/#organization"},"potentialAction":[{"@type":"SearchAction","target":{"@type":"EntryPoint","urlTemplate":"https:\/\/longplaymusicfilmfestival.com\/?s={search_term_string}"},"query-input":{"@type":"PropertyValueSpecification","valueRequired":true,"valueName":"search_term_string"}}],"inLanguage":"en-US"},{"@type":"Organization","@id":"https:\/\/longplaymusicfilmfestival.com\/#organization","name":"Long Play Music Films Festival","url":"https:\/\/longplaymusicfilmfestival.com\/","logo":{"@type":"ImageObject","inLanguage":"en-US","@id":"https:\/\/longplaymusicfilmfestival.com\/#\/schema\/logo\/image\/","url":"https:\/\/longplaymusicfilmfestival.com\/wp-content\/uploads\/2025\/05\/long-play-music-films-festival-logo.png","contentUrl":"https:\/\/longplaymusicfilmfestival.com\/wp-content\/uploads\/2025\/05\/long-play-music-films-festival-logo.png","width":998,"height":298,"caption":"Long Play Music Films Festival"},"image":{"@id":"https:\/\/longplaymusicfilmfestival.com\/#\/schema\/logo\/image\/"},"sameAs":["https:\/\/x.com\/lpmusicfilmfest"]}]}},"_links":{"self":[{"href":"https:\/\/longplaymusicfilmfestival.com\/en\/wp-json\/wp\/v2\/pages\/552","targetHints":{"allow":["GET"]}}],"collection":[{"href":"https:\/\/longplaymusicfilmfestival.com\/en\/wp-json\/wp\/v2\/pages"}],"about":[{"href":"https:\/\/longplaymusicfilmfestival.com\/en\/wp-json\/wp\/v2\/types\/page"}],"author":[{"embeddable":true,"href":"https:\/\/longplaymusicfilmfestival.com\/en\/wp-json\/wp\/v2\/users\/1"}],"replies":[{"embeddable":true,"href":"https:\/\/longplaymusicfilmfestival.com\/en\/wp-json\/wp\/v2\/comments?post=552"}],"version-history":[{"count":3,"href":"https:\/\/longplaymusicfilmfestival.com\/en\/wp-json\/wp\/v2\/pages\/552\/revisions"}],"predecessor-version":[{"id":624,"href":"https:\/\/longplaymusicfilmfestival.com\/en\/wp-json\/wp\/v2\/pages\/552\/revisions\/624"}],"wp:attachment":[{"href":"https:\/\/longplaymusicfilmfestival.com\/en\/wp-json\/wp\/v2\/media?parent=552"}],"curies":[{"name":"wp","href":"https:\/\/api.w.org\/{rel}","templated":true}]}}