{"id":488,"date":"2025-10-31T21:09:59","date_gmt":"2025-10-31T21:09:59","guid":{"rendered":"https:\/\/longplaymusicfilmfestival.com\/?page_id=488"},"modified":"2025-10-31T21:11:14","modified_gmt":"2025-10-31T21:11:14","slug":"bir-orkestranin-izinde","status":"publish","type":"page","link":"https:\/\/longplaymusicfilmfestival.com\/en\/bir-orkestranin-izinde\/","title":{"rendered":"B\u0130R ORKESTRANIN \u0130Z\u0130NDE"},"content":{"rendered":"<div class=\"row\"  id=\"row-1850575572\">\n\n\n\t<div id=\"col-89540654\" class=\"col small-12 large-12\"  >\n\t\t\t\t<div class=\"col-inner\"  >\n\t\t\t\n\t\t\t\n\n\n\t\t<\/div>\n\t\t\t\t\t<\/div>\n\n\t\n\n<\/div>\n<div class=\"container section-title-container\" ><h1 class=\"section-title section-title-center\"><b><\/b><span class=\"section-title-main\" style=\"color:rgb(0, 0, 0);\">B\u0130R ORKESTRANIN \u0130Z\u0130NDE<\/span><b><\/b><\/h1><\/div>\n\n<div class=\"row\"  id=\"row-713559995\">\n\n\n\t<div id=\"col-1167662277\" class=\"col medium-4 small-12 large-4\"  >\n\t\t\t\t<div class=\"col-inner\"  >\n\t\t\t\n\t\t\t\n\n\t<div class=\"img has-hover x md-x lg-x y md-y lg-y\" id=\"image_675372908\">\n\t\t\t\t\t\t\t\t<div class=\"img-inner dark\" >\n\t\t\t<img loading=\"lazy\" decoding=\"async\" width=\"593\" height=\"800\" src=\"https:\/\/longplaymusicfilmfestival.com\/wp-content\/uploads\/2025\/10\/BIR-ORKESTRANIN-IZINDE-AFIS-1-593x800.jpg\" class=\"attachment-large size-large\" alt=\"\" srcset=\"https:\/\/longplaymusicfilmfestival.com\/wp-content\/uploads\/2025\/10\/BIR-ORKESTRANIN-IZINDE-AFIS-1-593x800.jpg 593w, https:\/\/longplaymusicfilmfestival.com\/wp-content\/uploads\/2025\/10\/BIR-ORKESTRANIN-IZINDE-AFIS-1-296x400.jpg 296w, https:\/\/longplaymusicfilmfestival.com\/wp-content\/uploads\/2025\/10\/BIR-ORKESTRANIN-IZINDE-AFIS-1-768x1037.jpg 768w, https:\/\/longplaymusicfilmfestival.com\/wp-content\/uploads\/2025\/10\/BIR-ORKESTRANIN-IZINDE-AFIS-1-1138x1536.jpg 1138w, https:\/\/longplaymusicfilmfestival.com\/wp-content\/uploads\/2025\/10\/BIR-ORKESTRANIN-IZINDE-AFIS-1-1517x2048.jpg 1517w, https:\/\/longplaymusicfilmfestival.com\/wp-content\/uploads\/2025\/10\/BIR-ORKESTRANIN-IZINDE-AFIS-1-9x12.jpg 9w, https:\/\/longplaymusicfilmfestival.com\/wp-content\/uploads\/2025\/10\/BIR-ORKESTRANIN-IZINDE-AFIS-1-scaled.jpg 1896w\" sizes=\"auto, (max-width: 593px) 100vw, 593px\" \/>\t\t\t\t\t\t\n\t\t\t\t\t<\/div>\n\t\t\t\t\t\t\t\t\n<style>\n#image_675372908 {\n  width: 100%;\n}\n<\/style>\n\t<\/div>\n\t\n\n\n\t\t<\/div>\n\t\t\t\t\t<\/div>\n\n\t\n\n\t<div id=\"col-2089316606\" class=\"col medium-8 small-12 large-8\"  >\n\t\t\t\t<div class=\"col-inner\"  >\n\t\t\t\n\t\t\t\n\n<p data-start=\"77\" data-end=\"121\"><strong data-start=\"77\" data-end=\"90\">Director:<\/strong> Musa Ak, Hasan Basri \u00d6zdemir<\/p>\n<p data-start=\"123\" data-end=\"166\"><strong data-start=\"123\" data-end=\"135\">Screenwriter:<\/strong> Musa Ak, Hasan Basri \u00d6zdemir<\/p>\n<p data-start=\"168\" data-end=\"190\"><strong data-start=\"168\" data-end=\"183\">Year of Production:<\/strong> 2024<\/p>\n<p data-start=\"192\" data-end=\"213\"><strong data-start=\"192\" data-end=\"201\">Duration:<\/strong> 72 minutes<\/p>\n<p data-start=\"215\" data-end=\"234\"><strong data-start=\"215\" data-end=\"223\">Genre:<\/strong> Documentary<\/p>\n<p data-start=\"236\" data-end=\"255\"><strong data-start=\"236\" data-end=\"245\">Country:<\/strong> T\u00fcrkiye<\/p>\n<p data-start=\"257\" data-end=\"562\"><strong data-start=\"257\" data-end=\"266\">Synopsis:<\/strong> The story of the reunion of Ero\u011flu Girls Orchestra, Turkey\u2019s first and only orchestra founded by girls in 1968, by one of Turkey\u2019s leading guitarists and arrangers, Cenk Ero\u011flu.<\/p>\n\n\t\t<\/div>\n\t\t\t\t\t<\/div>\n\n\t\n\n<\/div>","protected":false},"excerpt":{"rendered":"","protected":false},"author":1,"featured_media":0,"parent":0,"menu_order":0,"comment_status":"closed","ping_status":"closed","template":"","meta":{"footnotes":""},"class_list":["post-488","page","type-page","status-publish","hentry"],"yoast_head":"<!-- This site is optimized with the Yoast SEO plugin v25.4 - https:\/\/yoast.com\/wordpress\/plugins\/seo\/ -->\n<title>B\u0130R ORKESTRANIN \u0130Z\u0130NDE - Long Play Music Films Festival<\/title>\n<meta name=\"robots\" content=\"index, follow, max-snippet:-1, max-image-preview:large, max-video-preview:-1\" \/>\n<link rel=\"canonical\" href=\"https:\/\/longplaymusicfilmfestival.com\/en\/bir-orkestranin-izinde\/\" \/>\n<meta property=\"og:locale\" content=\"en_US\" \/>\n<meta property=\"og:type\" content=\"article\" \/>\n<meta property=\"og:title\" content=\"B\u0130R ORKESTRANIN \u0130Z\u0130NDE - Long Play Music Films Festival\" \/>\n<meta property=\"og:url\" content=\"https:\/\/longplaymusicfilmfestival.com\/en\/bir-orkestranin-izinde\/\" \/>\n<meta property=\"og:site_name\" content=\"Long Play Music Films Festival\" \/>\n<meta property=\"article:modified_time\" content=\"2025-10-31T21:11:14+00:00\" \/>\n<meta property=\"og:image\" content=\"https:\/\/longplaymusicfilmfestival.com\/wp-content\/uploads\/2025\/11\/long-play-music-films-festival-op-image.jpg\" \/>\n\t<meta property=\"og:image:width\" content=\"1280\" \/>\n\t<meta property=\"og:image:height\" content=\"720\" \/>\n\t<meta property=\"og:image:type\" content=\"image\/jpeg\" \/>\n<meta name=\"twitter:card\" content=\"summary_large_image\" \/>\n<meta name=\"twitter:site\" content=\"@lpmusicfilmfest\" \/>\n<script type=\"application\/ld+json\" class=\"yoast-schema-graph\">{\"@context\":\"https:\/\/schema.org\",\"@graph\":[{\"@type\":\"WebPage\",\"@id\":\"https:\/\/longplaymusicfilmfestival.com\/bir-orkestranin-izinde\/\",\"url\":\"https:\/\/longplaymusicfilmfestival.com\/bir-orkestranin-izinde\/\",\"name\":\"B\u0130R ORKESTRANIN \u0130Z\u0130NDE - Long Play Music Films Festival\",\"isPartOf\":{\"@id\":\"https:\/\/longplaymusicfilmfestival.com\/#website\"},\"datePublished\":\"2025-10-31T21:09:59+00:00\",\"dateModified\":\"2025-10-31T21:11:14+00:00\",\"breadcrumb\":{\"@id\":\"https:\/\/longplaymusicfilmfestival.com\/bir-orkestranin-izinde\/#breadcrumb\"},\"inLanguage\":\"en-US\",\"potentialAction\":[{\"@type\":\"ReadAction\",\"target\":[\"https:\/\/longplaymusicfilmfestival.com\/bir-orkestranin-izinde\/\"]}]},{\"@type\":\"BreadcrumbList\",\"@id\":\"https:\/\/longplaymusicfilmfestival.com\/bir-orkestranin-izinde\/#breadcrumb\",\"itemListElement\":[{\"@type\":\"ListItem\",\"position\":1,\"name\":\"Anasayfa\",\"item\":\"https:\/\/longplaymusicfilmfestival.com\/\"},{\"@type\":\"ListItem\",\"position\":2,\"name\":\"B\u0130R ORKESTRANIN \u0130Z\u0130NDE\"}]},{\"@type\":\"WebSite\",\"@id\":\"https:\/\/longplaymusicfilmfestival.com\/#website\",\"url\":\"https:\/\/longplaymusicfilmfestival.com\/\",\"name\":\"Long Play Music Films Festival\",\"description\":\"Long Play Music Films Festival\",\"publisher\":{\"@id\":\"https:\/\/longplaymusicfilmfestival.com\/#organization\"},\"potentialAction\":[{\"@type\":\"SearchAction\",\"target\":{\"@type\":\"EntryPoint\",\"urlTemplate\":\"https:\/\/longplaymusicfilmfestival.com\/?s={search_term_string}\"},\"query-input\":{\"@type\":\"PropertyValueSpecification\",\"valueRequired\":true,\"valueName\":\"search_term_string\"}}],\"inLanguage\":\"en-US\"},{\"@type\":\"Organization\",\"@id\":\"https:\/\/longplaymusicfilmfestival.com\/#organization\",\"name\":\"Long Play Music Films Festival\",\"url\":\"https:\/\/longplaymusicfilmfestival.com\/\",\"logo\":{\"@type\":\"ImageObject\",\"inLanguage\":\"en-US\",\"@id\":\"https:\/\/longplaymusicfilmfestival.com\/#\/schema\/logo\/image\/\",\"url\":\"https:\/\/longplaymusicfilmfestival.com\/wp-content\/uploads\/2025\/05\/long-play-music-films-festival-logo.png\",\"contentUrl\":\"https:\/\/longplaymusicfilmfestival.com\/wp-content\/uploads\/2025\/05\/long-play-music-films-festival-logo.png\",\"width\":998,\"height\":298,\"caption\":\"Long Play Music Films Festival\"},\"image\":{\"@id\":\"https:\/\/longplaymusicfilmfestival.com\/#\/schema\/logo\/image\/\"},\"sameAs\":[\"https:\/\/x.com\/lpmusicfilmfest\"]}]}<\/script>\n<!-- \/ Yoast SEO plugin. -->","yoast_head_json":{"title":"B\u0130R ORKESTRANIN \u0130Z\u0130NDE - Long Play Music Films Festival","robots":{"index":"index","follow":"follow","max-snippet":"max-snippet:-1","max-image-preview":"max-image-preview:large","max-video-preview":"max-video-preview:-1"},"canonical":"https:\/\/longplaymusicfilmfestival.com\/en\/bir-orkestranin-izinde\/","og_locale":"en_US","og_type":"article","og_title":"B\u0130R ORKESTRANIN \u0130Z\u0130NDE - Long Play Music Films Festival","og_url":"https:\/\/longplaymusicfilmfestival.com\/en\/bir-orkestranin-izinde\/","og_site_name":"Long Play Music Films Festival","article_modified_time":"2025-10-31T21:11:14+00:00","og_image":[{"width":1280,"height":720,"url":"https:\/\/longplaymusicfilmfestival.com\/wp-content\/uploads\/2025\/11\/long-play-music-films-festival-op-image.jpg","type":"image\/jpeg"}],"twitter_card":"summary_large_image","twitter_site":"@lpmusicfilmfest","schema":{"@context":"https:\/\/schema.org","@graph":[{"@type":"WebPage","@id":"https:\/\/longplaymusicfilmfestival.com\/bir-orkestranin-izinde\/","url":"https:\/\/longplaymusicfilmfestival.com\/bir-orkestranin-izinde\/","name":"B\u0130R ORKESTRANIN \u0130Z\u0130NDE - Long Play Music Films Festival","isPartOf":{"@id":"https:\/\/longplaymusicfilmfestival.com\/#website"},"datePublished":"2025-10-31T21:09:59+00:00","dateModified":"2025-10-31T21:11:14+00:00","breadcrumb":{"@id":"https:\/\/longplaymusicfilmfestival.com\/bir-orkestranin-izinde\/#breadcrumb"},"inLanguage":"en-US","potentialAction":[{"@type":"ReadAction","target":["https:\/\/longplaymusicfilmfestival.com\/bir-orkestranin-izinde\/"]}]},{"@type":"BreadcrumbList","@id":"https:\/\/longplaymusicfilmfestival.com\/bir-orkestranin-izinde\/#breadcrumb","itemListElement":[{"@type":"ListItem","position":1,"name":"Anasayfa","item":"https:\/\/longplaymusicfilmfestival.com\/"},{"@type":"ListItem","position":2,"name":"B\u0130R ORKESTRANIN \u0130Z\u0130NDE"}]},{"@type":"WebSite","@id":"https:\/\/longplaymusicfilmfestival.com\/#website","url":"https:\/\/longplaymusicfilmfestival.com\/","name":"Long Play Music Films Festival","description":"Long Play Music Films Festival","publisher":{"@id":"https:\/\/longplaymusicfilmfestival.com\/#organization"},"potentialAction":[{"@type":"SearchAction","target":{"@type":"EntryPoint","urlTemplate":"https:\/\/longplaymusicfilmfestival.com\/?s={search_term_string}"},"query-input":{"@type":"PropertyValueSpecification","valueRequired":true,"valueName":"search_term_string"}}],"inLanguage":"en-US"},{"@type":"Organization","@id":"https:\/\/longplaymusicfilmfestival.com\/#organization","name":"Long Play Music Films Festival","url":"https:\/\/longplaymusicfilmfestival.com\/","logo":{"@type":"ImageObject","inLanguage":"en-US","@id":"https:\/\/longplaymusicfilmfestival.com\/#\/schema\/logo\/image\/","url":"https:\/\/longplaymusicfilmfestival.com\/wp-content\/uploads\/2025\/05\/long-play-music-films-festival-logo.png","contentUrl":"https:\/\/longplaymusicfilmfestival.com\/wp-content\/uploads\/2025\/05\/long-play-music-films-festival-logo.png","width":998,"height":298,"caption":"Long Play Music Films Festival"},"image":{"@id":"https:\/\/longplaymusicfilmfestival.com\/#\/schema\/logo\/image\/"},"sameAs":["https:\/\/x.com\/lpmusicfilmfest"]}]}},"_links":{"self":[{"href":"https:\/\/longplaymusicfilmfestival.com\/en\/wp-json\/wp\/v2\/pages\/488","targetHints":{"allow":["GET"]}}],"collection":[{"href":"https:\/\/longplaymusicfilmfestival.com\/en\/wp-json\/wp\/v2\/pages"}],"about":[{"href":"https:\/\/longplaymusicfilmfestival.com\/en\/wp-json\/wp\/v2\/types\/page"}],"author":[{"embeddable":true,"href":"https:\/\/longplaymusicfilmfestival.com\/en\/wp-json\/wp\/v2\/users\/1"}],"replies":[{"embeddable":true,"href":"https:\/\/longplaymusicfilmfestival.com\/en\/wp-json\/wp\/v2\/comments?post=488"}],"version-history":[{"count":2,"href":"https:\/\/longplaymusicfilmfestival.com\/en\/wp-json\/wp\/v2\/pages\/488\/revisions"}],"predecessor-version":[{"id":491,"href":"https:\/\/longplaymusicfilmfestival.com\/en\/wp-json\/wp\/v2\/pages\/488\/revisions\/491"}],"wp:attachment":[{"href":"https:\/\/longplaymusicfilmfestival.com\/en\/wp-json\/wp\/v2\/media?parent=488"}],"curies":[{"name":"wp","href":"https:\/\/api.w.org\/{rel}","templated":true}]}}