{"id":476,"date":"2025-10-31T21:03:15","date_gmt":"2025-10-31T21:03:15","guid":{"rendered":"https:\/\/longplaymusicfilmfestival.com\/?page_id=476"},"modified":"2025-10-31T21:05:38","modified_gmt":"2025-10-31T21:05:38","slug":"bakirkoy-underground","status":"publish","type":"page","link":"https:\/\/longplaymusicfilmfestival.com\/en\/bakirkoy-underground\/","title":{"rendered":"BAKIRK\u00d6Y UNDERGROUND"},"content":{"rendered":"<div class=\"row\"  id=\"row-1093288748\">\n\n\n\t<div id=\"col-1915171667\" class=\"col small-12 large-12\"  >\n\t\t\t\t<div class=\"col-inner\"  >\n\t\t\t\n\t\t\t\n\n\n\t\t<\/div>\n\t\t\t\t\t<\/div>\n\n\t\n\n<\/div>\n<div class=\"container section-title-container\" ><h1 class=\"section-title section-title-center\"><b><\/b><span class=\"section-title-main\" style=\"color:rgb(0, 0, 0);\">BAKIRK\u00d6Y UNDERGROUND<\/span><b><\/b><\/h1><\/div>\n\n<div class=\"row\"  id=\"row-1805455389\">\n\n\n\t<div id=\"col-558789912\" class=\"col medium-4 small-12 large-4\"  >\n\t\t\t\t<div class=\"col-inner\"  >\n\t\t\t\n\t\t\t\n\n\t<div class=\"img has-hover x md-x lg-x y md-y lg-y\" id=\"image_284565175\">\n\t\t\t\t\t\t\t\t<div class=\"img-inner dark\" >\n\t\t\t<img loading=\"lazy\" decoding=\"async\" width=\"450\" height=\"800\" src=\"https:\/\/longplaymusicfilmfestival.com\/wp-content\/uploads\/2025\/10\/BAKIRKOY-UNDERGROUND-AFIS.jpg\" class=\"attachment-large size-large\" alt=\"\" srcset=\"https:\/\/longplaymusicfilmfestival.com\/wp-content\/uploads\/2025\/10\/BAKIRKOY-UNDERGROUND-AFIS.jpg 450w, https:\/\/longplaymusicfilmfestival.com\/wp-content\/uploads\/2025\/10\/BAKIRKOY-UNDERGROUND-AFIS-225x400.jpg 225w, https:\/\/longplaymusicfilmfestival.com\/wp-content\/uploads\/2025\/10\/BAKIRKOY-UNDERGROUND-AFIS-7x12.jpg 7w\" sizes=\"auto, (max-width: 450px) 100vw, 450px\" \/>\t\t\t\t\t\t\n\t\t\t\t\t<\/div>\n\t\t\t\t\t\t\t\t\n<style>\n#image_284565175 {\n  width: 100%;\n}\n<\/style>\n\t<\/div>\n\t\n\n\n\t\t<\/div>\n\t\t\t\t\t<\/div>\n\n\t\n\n\t<div id=\"col-421291735\" class=\"col medium-8 small-12 large-8\"  >\n\t\t\t\t<div class=\"col-inner\"  >\n\t\t\t\n\t\t\t\n\n<div><strong>Director:<\/strong> Berkay \u015eat\u0131r<\/div>\n<div>\u00a0<\/div>\n<div><strong>Screenwriter:<\/strong> Berkay \u015eat\u0131r<\/div>\n<div>\u00a0<\/div>\n<div><strong>Actors:<\/strong> Ba\u015fak K\u00f6ksal, Ozan \u00c7am, F\u0131rat Can Y\u0131lmaz, Ali Cem \u00d6zt\u00fcrk, Cemal \u00c7imen, Ey\u00fcp S\u00fcmen, Arda Ya\u015far<\/div>\n<div>\u00a0<\/div>\n<div><strong>Year of Production:<\/strong> 2022<\/div>\n<div>\u00a0<\/div>\n<div><strong>Duration:<\/strong> 30 minutes 5 seconds<\/div>\n<div>\u00a0<\/div>\n<div><strong>Genre:<\/strong> Documentary<\/div>\n<div>\u00a0<\/div>\n<div><strong>Country:<\/strong> T\u00fcrkiye<\/div>\n<div>\u00a0<\/div>\n<div><strong>Synopsis:<\/strong> A personal journey into kaleidoscopic history of a \u201cplace of salvation\u201d , Bak\u0131rk\u00f6y. Berkay \u015eat\u0131r uses his own memories and neighborhood to draw the spectator into musical growth by looking at the changing texture of a musical identity with unique archival footage and photos from 90\u2019s and 2000\u2019s.<\/div>\n\n\t\t<\/div>\n\t\t\t\t\t<\/div>\n\n\t\n\n<\/div>","protected":false},"excerpt":{"rendered":"","protected":false},"author":1,"featured_media":0,"parent":0,"menu_order":0,"comment_status":"closed","ping_status":"closed","template":"","meta":{"footnotes":""},"class_list":["post-476","page","type-page","status-publish","hentry"],"yoast_head":"<!-- This site is optimized with the Yoast SEO plugin v25.4 - https:\/\/yoast.com\/wordpress\/plugins\/seo\/ -->\n<title>BAKIRK\u00d6Y UNDERGROUND - Long Play Music Films Festival<\/title>\n<meta name=\"robots\" content=\"index, follow, max-snippet:-1, max-image-preview:large, max-video-preview:-1\" \/>\n<link rel=\"canonical\" href=\"https:\/\/longplaymusicfilmfestival.com\/en\/bakirkoy-underground\/\" \/>\n<meta property=\"og:locale\" content=\"en_US\" \/>\n<meta property=\"og:type\" content=\"article\" \/>\n<meta property=\"og:title\" content=\"BAKIRK\u00d6Y UNDERGROUND - Long Play Music Films Festival\" \/>\n<meta property=\"og:url\" content=\"https:\/\/longplaymusicfilmfestival.com\/en\/bakirkoy-underground\/\" \/>\n<meta property=\"og:site_name\" content=\"Long Play Music Films Festival\" \/>\n<meta property=\"article:modified_time\" content=\"2025-10-31T21:05:38+00:00\" \/>\n<meta property=\"og:image\" content=\"https:\/\/longplaymusicfilmfestival.com\/wp-content\/uploads\/2025\/11\/long-play-music-films-festival-op-image.jpg\" \/>\n\t<meta property=\"og:image:width\" content=\"1280\" \/>\n\t<meta property=\"og:image:height\" content=\"720\" \/>\n\t<meta property=\"og:image:type\" content=\"image\/jpeg\" \/>\n<meta name=\"twitter:card\" content=\"summary_large_image\" \/>\n<meta name=\"twitter:site\" content=\"@lpmusicfilmfest\" \/>\n<script type=\"application\/ld+json\" class=\"yoast-schema-graph\">{\"@context\":\"https:\/\/schema.org\",\"@graph\":[{\"@type\":\"WebPage\",\"@id\":\"https:\/\/longplaymusicfilmfestival.com\/bakirkoy-underground\/\",\"url\":\"https:\/\/longplaymusicfilmfestival.com\/bakirkoy-underground\/\",\"name\":\"BAKIRK\u00d6Y UNDERGROUND - Long Play Music Films Festival\",\"isPartOf\":{\"@id\":\"https:\/\/longplaymusicfilmfestival.com\/#website\"},\"datePublished\":\"2025-10-31T21:03:15+00:00\",\"dateModified\":\"2025-10-31T21:05:38+00:00\",\"breadcrumb\":{\"@id\":\"https:\/\/longplaymusicfilmfestival.com\/bakirkoy-underground\/#breadcrumb\"},\"inLanguage\":\"en-US\",\"potentialAction\":[{\"@type\":\"ReadAction\",\"target\":[\"https:\/\/longplaymusicfilmfestival.com\/bakirkoy-underground\/\"]}]},{\"@type\":\"BreadcrumbList\",\"@id\":\"https:\/\/longplaymusicfilmfestival.com\/bakirkoy-underground\/#breadcrumb\",\"itemListElement\":[{\"@type\":\"ListItem\",\"position\":1,\"name\":\"Anasayfa\",\"item\":\"https:\/\/longplaymusicfilmfestival.com\/\"},{\"@type\":\"ListItem\",\"position\":2,\"name\":\"BAKIRK\u00d6Y UNDERGROUND\"}]},{\"@type\":\"WebSite\",\"@id\":\"https:\/\/longplaymusicfilmfestival.com\/#website\",\"url\":\"https:\/\/longplaymusicfilmfestival.com\/\",\"name\":\"Long Play Music Films Festival\",\"description\":\"Long Play Music Films Festival\",\"publisher\":{\"@id\":\"https:\/\/longplaymusicfilmfestival.com\/#organization\"},\"potentialAction\":[{\"@type\":\"SearchAction\",\"target\":{\"@type\":\"EntryPoint\",\"urlTemplate\":\"https:\/\/longplaymusicfilmfestival.com\/?s={search_term_string}\"},\"query-input\":{\"@type\":\"PropertyValueSpecification\",\"valueRequired\":true,\"valueName\":\"search_term_string\"}}],\"inLanguage\":\"en-US\"},{\"@type\":\"Organization\",\"@id\":\"https:\/\/longplaymusicfilmfestival.com\/#organization\",\"name\":\"Long Play Music Films Festival\",\"url\":\"https:\/\/longplaymusicfilmfestival.com\/\",\"logo\":{\"@type\":\"ImageObject\",\"inLanguage\":\"en-US\",\"@id\":\"https:\/\/longplaymusicfilmfestival.com\/#\/schema\/logo\/image\/\",\"url\":\"https:\/\/longplaymusicfilmfestival.com\/wp-content\/uploads\/2025\/05\/long-play-music-films-festival-logo.png\",\"contentUrl\":\"https:\/\/longplaymusicfilmfestival.com\/wp-content\/uploads\/2025\/05\/long-play-music-films-festival-logo.png\",\"width\":998,\"height\":298,\"caption\":\"Long Play Music Films Festival\"},\"image\":{\"@id\":\"https:\/\/longplaymusicfilmfestival.com\/#\/schema\/logo\/image\/\"},\"sameAs\":[\"https:\/\/x.com\/lpmusicfilmfest\"]}]}<\/script>\n<!-- \/ Yoast SEO plugin. -->","yoast_head_json":{"title":"BAKIRK\u00d6Y UNDERGROUND - Long Play Music Films Festival","robots":{"index":"index","follow":"follow","max-snippet":"max-snippet:-1","max-image-preview":"max-image-preview:large","max-video-preview":"max-video-preview:-1"},"canonical":"https:\/\/longplaymusicfilmfestival.com\/en\/bakirkoy-underground\/","og_locale":"en_US","og_type":"article","og_title":"BAKIRK\u00d6Y UNDERGROUND - Long Play Music Films Festival","og_url":"https:\/\/longplaymusicfilmfestival.com\/en\/bakirkoy-underground\/","og_site_name":"Long Play Music Films Festival","article_modified_time":"2025-10-31T21:05:38+00:00","og_image":[{"width":1280,"height":720,"url":"https:\/\/longplaymusicfilmfestival.com\/wp-content\/uploads\/2025\/11\/long-play-music-films-festival-op-image.jpg","type":"image\/jpeg"}],"twitter_card":"summary_large_image","twitter_site":"@lpmusicfilmfest","schema":{"@context":"https:\/\/schema.org","@graph":[{"@type":"WebPage","@id":"https:\/\/longplaymusicfilmfestival.com\/bakirkoy-underground\/","url":"https:\/\/longplaymusicfilmfestival.com\/bakirkoy-underground\/","name":"BAKIRK\u00d6Y UNDERGROUND - Long Play Music Films Festival","isPartOf":{"@id":"https:\/\/longplaymusicfilmfestival.com\/#website"},"datePublished":"2025-10-31T21:03:15+00:00","dateModified":"2025-10-31T21:05:38+00:00","breadcrumb":{"@id":"https:\/\/longplaymusicfilmfestival.com\/bakirkoy-underground\/#breadcrumb"},"inLanguage":"en-US","potentialAction":[{"@type":"ReadAction","target":["https:\/\/longplaymusicfilmfestival.com\/bakirkoy-underground\/"]}]},{"@type":"BreadcrumbList","@id":"https:\/\/longplaymusicfilmfestival.com\/bakirkoy-underground\/#breadcrumb","itemListElement":[{"@type":"ListItem","position":1,"name":"Anasayfa","item":"https:\/\/longplaymusicfilmfestival.com\/"},{"@type":"ListItem","position":2,"name":"BAKIRK\u00d6Y UNDERGROUND"}]},{"@type":"WebSite","@id":"https:\/\/longplaymusicfilmfestival.com\/#website","url":"https:\/\/longplaymusicfilmfestival.com\/","name":"Long Play Music Films Festival","description":"Long Play Music Films Festival","publisher":{"@id":"https:\/\/longplaymusicfilmfestival.com\/#organization"},"potentialAction":[{"@type":"SearchAction","target":{"@type":"EntryPoint","urlTemplate":"https:\/\/longplaymusicfilmfestival.com\/?s={search_term_string}"},"query-input":{"@type":"PropertyValueSpecification","valueRequired":true,"valueName":"search_term_string"}}],"inLanguage":"en-US"},{"@type":"Organization","@id":"https:\/\/longplaymusicfilmfestival.com\/#organization","name":"Long Play Music Films Festival","url":"https:\/\/longplaymusicfilmfestival.com\/","logo":{"@type":"ImageObject","inLanguage":"en-US","@id":"https:\/\/longplaymusicfilmfestival.com\/#\/schema\/logo\/image\/","url":"https:\/\/longplaymusicfilmfestival.com\/wp-content\/uploads\/2025\/05\/long-play-music-films-festival-logo.png","contentUrl":"https:\/\/longplaymusicfilmfestival.com\/wp-content\/uploads\/2025\/05\/long-play-music-films-festival-logo.png","width":998,"height":298,"caption":"Long Play Music Films Festival"},"image":{"@id":"https:\/\/longplaymusicfilmfestival.com\/#\/schema\/logo\/image\/"},"sameAs":["https:\/\/x.com\/lpmusicfilmfest"]}]}},"_links":{"self":[{"href":"https:\/\/longplaymusicfilmfestival.com\/en\/wp-json\/wp\/v2\/pages\/476","targetHints":{"allow":["GET"]}}],"collection":[{"href":"https:\/\/longplaymusicfilmfestival.com\/en\/wp-json\/wp\/v2\/pages"}],"about":[{"href":"https:\/\/longplaymusicfilmfestival.com\/en\/wp-json\/wp\/v2\/types\/page"}],"author":[{"embeddable":true,"href":"https:\/\/longplaymusicfilmfestival.com\/en\/wp-json\/wp\/v2\/users\/1"}],"replies":[{"embeddable":true,"href":"https:\/\/longplaymusicfilmfestival.com\/en\/wp-json\/wp\/v2\/comments?post=476"}],"version-history":[{"count":2,"href":"https:\/\/longplaymusicfilmfestival.com\/en\/wp-json\/wp\/v2\/pages\/476\/revisions"}],"predecessor-version":[{"id":479,"href":"https:\/\/longplaymusicfilmfestival.com\/en\/wp-json\/wp\/v2\/pages\/476\/revisions\/479"}],"wp:attachment":[{"href":"https:\/\/longplaymusicfilmfestival.com\/en\/wp-json\/wp\/v2\/media?parent=476"}],"curies":[{"name":"wp","href":"https:\/\/api.w.org\/{rel}","templated":true}]}}