{"id":471,"date":"2025-10-31T20:58:55","date_gmt":"2025-10-31T20:58:55","guid":{"rendered":"https:\/\/longplaymusicfilmfestival.com\/?page_id=471"},"modified":"2025-10-31T21:45:50","modified_gmt":"2025-10-31T21:45:50","slug":"asiri-kisisel-belgesel","status":"publish","type":"page","link":"https:\/\/longplaymusicfilmfestival.com\/en\/asiri-kisisel-belgesel\/","title":{"rendered":"A\u015eIRI K\u0130\u015e\u0130SEL BELGESEL"},"content":{"rendered":"<div class=\"row\"  id=\"row-617011992\">\n\n\n\t<div id=\"col-1418188444\" class=\"col small-12 large-12\"  >\n\t\t\t\t<div class=\"col-inner\"  >\n\t\t\t\n\t\t\t\n\n\n\t\t<\/div>\n\t\t\t\t\t<\/div>\n\n\t\n\n<\/div>\n<div class=\"row\"  id=\"row-36795719\">\n\n\n\t<div id=\"col-1954633327\" class=\"col small-12 large-12\"  >\n\t\t\t\t<div class=\"col-inner\"  >\n\t\t\t\n\t\t\t\n\n<div class=\"container section-title-container\" ><h1 class=\"section-title section-title-center\"><b><\/b><span class=\"section-title-main\" style=\"color:rgb(0, 0, 0);\">A\u015eIRI K\u0130\u015e\u0130SEL BELGESEL<\/span><b><\/b><\/h1><\/div>\n\n<div class=\"row\"  id=\"row-1280001731\">\n\n\n\t<div id=\"col-1119367436\" class=\"col medium-4 small-12 large-4\"  >\n\t\t\t\t<div class=\"col-inner\"  >\n\t\t\t\n\t\t\t\n\n\t<div class=\"img has-hover x md-x lg-x y md-y lg-y\" id=\"image_1427254828\">\n\t\t\t\t\t\t\t\t<div class=\"img-inner dark\" >\n\t\t\t<img loading=\"lazy\" decoding=\"async\" width=\"540\" height=\"800\" src=\"https:\/\/longplaymusicfilmfestival.com\/wp-content\/uploads\/2025\/10\/ASIRI-KISISEL-BELGESEL-AFIS-540x800.jpg\" class=\"attachment-large size-large\" alt=\"\" srcset=\"https:\/\/longplaymusicfilmfestival.com\/wp-content\/uploads\/2025\/10\/ASIRI-KISISEL-BELGESEL-AFIS-540x800.jpg 540w, https:\/\/longplaymusicfilmfestival.com\/wp-content\/uploads\/2025\/10\/ASIRI-KISISEL-BELGESEL-AFIS-270x400.jpg 270w, https:\/\/longplaymusicfilmfestival.com\/wp-content\/uploads\/2025\/10\/ASIRI-KISISEL-BELGESEL-AFIS-768x1138.jpg 768w, https:\/\/longplaymusicfilmfestival.com\/wp-content\/uploads\/2025\/10\/ASIRI-KISISEL-BELGESEL-AFIS-1037x1536.jpg 1037w, https:\/\/longplaymusicfilmfestival.com\/wp-content\/uploads\/2025\/10\/ASIRI-KISISEL-BELGESEL-AFIS-1382x2048.jpg 1382w, https:\/\/longplaymusicfilmfestival.com\/wp-content\/uploads\/2025\/10\/ASIRI-KISISEL-BELGESEL-AFIS-8x12.jpg 8w, https:\/\/longplaymusicfilmfestival.com\/wp-content\/uploads\/2025\/10\/ASIRI-KISISEL-BELGESEL-AFIS-scaled.jpg 1728w\" sizes=\"auto, (max-width: 540px) 100vw, 540px\" \/>\t\t\t\t\t\t\n\t\t\t\t\t<\/div>\n\t\t\t\t\t\t\t\t\n<style>\n#image_1427254828 {\n  width: 100%;\n}\n<\/style>\n\t<\/div>\n\t\n\n\n\t\t<\/div>\n\t\t\t\t\t<\/div>\n\n\t\n\n\t<div id=\"col-577803746\" class=\"col medium-8 small-12 large-8\"  >\n\t\t\t\t<div class=\"col-inner\"  >\n\t\t\t\n\t\t\t\n\n<div><strong>Director:<\/strong> O\u011fulcan Atayol<\/div>\n<div>\u00a0<\/div>\n<div><strong>Screenwriter:<\/strong> O\u011fulcan Atayol<\/div>\n<div>\u00a0<\/div>\n<div><strong>Actors:<\/strong> Nil\u00fcfes Akdo\u011fu, Turgut Alp Beko\u011flu, Mauro Battisti, Tolga Bilgin, Alp \u00d6zday\u0131, Alpay \u00c7ift\u00e7i, Alp Varol<\/div>\n<div>\u00a0<\/div>\n<div><strong>Year of Production:<\/strong> 2024<\/div>\n<div>\u00a0<\/div>\n<div><strong>Duration:<\/strong> 103 minutes 24 seconds<\/div>\n<div>\u00a0<\/div>\n<div><strong>Genre:<\/strong> Documentary<\/div>\n<div>\u00a0<\/div>\n<div><strong>Country:<\/strong> T\u00fcrkiye<\/div>\n<div>\u00a0<\/div>\n<div><strong data-start=\"305\" data-end=\"314\">Synopsis:<\/strong> The recording process of musician Nil\u00fcfer Akdo\u011fu's Turkish-language jazz album Aristo'ya \u0130nat. The film presents the musical explorations during the creation of an album to the viewer in all their fragility. It is also a record of special moments where elements from world jazz history are discussed through lived experiences, moments where joy never fades despite the setbacks.<\/div>\n\n\n\t\t<\/div>\n\t\t\t\t\t<\/div>\n\n\t\n\n<\/div>\n\n\t\t<\/div>\n\t\t\t\t\t<\/div>\n\n\t\n\n<\/div>","protected":false},"excerpt":{"rendered":"","protected":false},"author":1,"featured_media":0,"parent":0,"menu_order":0,"comment_status":"closed","ping_status":"closed","template":"","meta":{"footnotes":""},"class_list":["post-471","page","type-page","status-publish","hentry"],"yoast_head":"<!-- This site is optimized with the Yoast SEO plugin v25.4 - https:\/\/yoast.com\/wordpress\/plugins\/seo\/ -->\n<title>A\u015eIRI K\u0130\u015e\u0130SEL BELGESEL - Long Play Music Films Festival<\/title>\n<meta name=\"robots\" content=\"index, follow, max-snippet:-1, max-image-preview:large, max-video-preview:-1\" \/>\n<link rel=\"canonical\" href=\"https:\/\/longplaymusicfilmfestival.com\/en\/asiri-kisisel-belgesel\/\" \/>\n<meta property=\"og:locale\" content=\"en_US\" \/>\n<meta property=\"og:type\" content=\"article\" \/>\n<meta property=\"og:title\" content=\"A\u015eIRI K\u0130\u015e\u0130SEL BELGESEL - Long Play Music Films Festival\" \/>\n<meta property=\"og:url\" content=\"https:\/\/longplaymusicfilmfestival.com\/en\/asiri-kisisel-belgesel\/\" \/>\n<meta property=\"og:site_name\" content=\"Long Play Music Films Festival\" \/>\n<meta property=\"article:modified_time\" content=\"2025-10-31T21:45:50+00:00\" \/>\n<meta property=\"og:image\" content=\"https:\/\/longplaymusicfilmfestival.com\/wp-content\/uploads\/2025\/11\/long-play-music-films-festival-op-image.jpg\" \/>\n\t<meta property=\"og:image:width\" content=\"1280\" \/>\n\t<meta property=\"og:image:height\" content=\"720\" \/>\n\t<meta property=\"og:image:type\" content=\"image\/jpeg\" \/>\n<meta name=\"twitter:card\" content=\"summary_large_image\" \/>\n<meta name=\"twitter:site\" content=\"@lpmusicfilmfest\" \/>\n<script type=\"application\/ld+json\" class=\"yoast-schema-graph\">{\"@context\":\"https:\/\/schema.org\",\"@graph\":[{\"@type\":\"WebPage\",\"@id\":\"https:\/\/longplaymusicfilmfestival.com\/asiri-kisisel-belgesel\/\",\"url\":\"https:\/\/longplaymusicfilmfestival.com\/asiri-kisisel-belgesel\/\",\"name\":\"A\u015eIRI K\u0130\u015e\u0130SEL BELGESEL - Long Play Music Films Festival\",\"isPartOf\":{\"@id\":\"https:\/\/longplaymusicfilmfestival.com\/#website\"},\"datePublished\":\"2025-10-31T20:58:55+00:00\",\"dateModified\":\"2025-10-31T21:45:50+00:00\",\"breadcrumb\":{\"@id\":\"https:\/\/longplaymusicfilmfestival.com\/asiri-kisisel-belgesel\/#breadcrumb\"},\"inLanguage\":\"en-US\",\"potentialAction\":[{\"@type\":\"ReadAction\",\"target\":[\"https:\/\/longplaymusicfilmfestival.com\/asiri-kisisel-belgesel\/\"]}]},{\"@type\":\"BreadcrumbList\",\"@id\":\"https:\/\/longplaymusicfilmfestival.com\/asiri-kisisel-belgesel\/#breadcrumb\",\"itemListElement\":[{\"@type\":\"ListItem\",\"position\":1,\"name\":\"Anasayfa\",\"item\":\"https:\/\/longplaymusicfilmfestival.com\/\"},{\"@type\":\"ListItem\",\"position\":2,\"name\":\"A\u015eIRI K\u0130\u015e\u0130SEL BELGESEL\"}]},{\"@type\":\"WebSite\",\"@id\":\"https:\/\/longplaymusicfilmfestival.com\/#website\",\"url\":\"https:\/\/longplaymusicfilmfestival.com\/\",\"name\":\"Long Play Music Films Festival\",\"description\":\"Long Play Music Films Festival\",\"publisher\":{\"@id\":\"https:\/\/longplaymusicfilmfestival.com\/#organization\"},\"potentialAction\":[{\"@type\":\"SearchAction\",\"target\":{\"@type\":\"EntryPoint\",\"urlTemplate\":\"https:\/\/longplaymusicfilmfestival.com\/?s={search_term_string}\"},\"query-input\":{\"@type\":\"PropertyValueSpecification\",\"valueRequired\":true,\"valueName\":\"search_term_string\"}}],\"inLanguage\":\"en-US\"},{\"@type\":\"Organization\",\"@id\":\"https:\/\/longplaymusicfilmfestival.com\/#organization\",\"name\":\"Long Play Music Films Festival\",\"url\":\"https:\/\/longplaymusicfilmfestival.com\/\",\"logo\":{\"@type\":\"ImageObject\",\"inLanguage\":\"en-US\",\"@id\":\"https:\/\/longplaymusicfilmfestival.com\/#\/schema\/logo\/image\/\",\"url\":\"https:\/\/longplaymusicfilmfestival.com\/wp-content\/uploads\/2025\/05\/long-play-music-films-festival-logo.png\",\"contentUrl\":\"https:\/\/longplaymusicfilmfestival.com\/wp-content\/uploads\/2025\/05\/long-play-music-films-festival-logo.png\",\"width\":998,\"height\":298,\"caption\":\"Long Play Music Films Festival\"},\"image\":{\"@id\":\"https:\/\/longplaymusicfilmfestival.com\/#\/schema\/logo\/image\/\"},\"sameAs\":[\"https:\/\/x.com\/lpmusicfilmfest\"]}]}<\/script>\n<!-- \/ Yoast SEO plugin. -->","yoast_head_json":{"title":"A\u015eIRI K\u0130\u015e\u0130SEL BELGESEL - Long Play Music Films Festival","robots":{"index":"index","follow":"follow","max-snippet":"max-snippet:-1","max-image-preview":"max-image-preview:large","max-video-preview":"max-video-preview:-1"},"canonical":"https:\/\/longplaymusicfilmfestival.com\/en\/asiri-kisisel-belgesel\/","og_locale":"en_US","og_type":"article","og_title":"A\u015eIRI K\u0130\u015e\u0130SEL BELGESEL - Long Play Music Films Festival","og_url":"https:\/\/longplaymusicfilmfestival.com\/en\/asiri-kisisel-belgesel\/","og_site_name":"Long Play Music Films Festival","article_modified_time":"2025-10-31T21:45:50+00:00","og_image":[{"width":1280,"height":720,"url":"https:\/\/longplaymusicfilmfestival.com\/wp-content\/uploads\/2025\/11\/long-play-music-films-festival-op-image.jpg","type":"image\/jpeg"}],"twitter_card":"summary_large_image","twitter_site":"@lpmusicfilmfest","schema":{"@context":"https:\/\/schema.org","@graph":[{"@type":"WebPage","@id":"https:\/\/longplaymusicfilmfestival.com\/asiri-kisisel-belgesel\/","url":"https:\/\/longplaymusicfilmfestival.com\/asiri-kisisel-belgesel\/","name":"A\u015eIRI K\u0130\u015e\u0130SEL BELGESEL - Long Play Music Films Festival","isPartOf":{"@id":"https:\/\/longplaymusicfilmfestival.com\/#website"},"datePublished":"2025-10-31T20:58:55+00:00","dateModified":"2025-10-31T21:45:50+00:00","breadcrumb":{"@id":"https:\/\/longplaymusicfilmfestival.com\/asiri-kisisel-belgesel\/#breadcrumb"},"inLanguage":"en-US","potentialAction":[{"@type":"ReadAction","target":["https:\/\/longplaymusicfilmfestival.com\/asiri-kisisel-belgesel\/"]}]},{"@type":"BreadcrumbList","@id":"https:\/\/longplaymusicfilmfestival.com\/asiri-kisisel-belgesel\/#breadcrumb","itemListElement":[{"@type":"ListItem","position":1,"name":"Anasayfa","item":"https:\/\/longplaymusicfilmfestival.com\/"},{"@type":"ListItem","position":2,"name":"A\u015eIRI K\u0130\u015e\u0130SEL BELGESEL"}]},{"@type":"WebSite","@id":"https:\/\/longplaymusicfilmfestival.com\/#website","url":"https:\/\/longplaymusicfilmfestival.com\/","name":"Long Play Music Films Festival","description":"Long Play Music Films Festival","publisher":{"@id":"https:\/\/longplaymusicfilmfestival.com\/#organization"},"potentialAction":[{"@type":"SearchAction","target":{"@type":"EntryPoint","urlTemplate":"https:\/\/longplaymusicfilmfestival.com\/?s={search_term_string}"},"query-input":{"@type":"PropertyValueSpecification","valueRequired":true,"valueName":"search_term_string"}}],"inLanguage":"en-US"},{"@type":"Organization","@id":"https:\/\/longplaymusicfilmfestival.com\/#organization","name":"Long Play Music Films Festival","url":"https:\/\/longplaymusicfilmfestival.com\/","logo":{"@type":"ImageObject","inLanguage":"en-US","@id":"https:\/\/longplaymusicfilmfestival.com\/#\/schema\/logo\/image\/","url":"https:\/\/longplaymusicfilmfestival.com\/wp-content\/uploads\/2025\/05\/long-play-music-films-festival-logo.png","contentUrl":"https:\/\/longplaymusicfilmfestival.com\/wp-content\/uploads\/2025\/05\/long-play-music-films-festival-logo.png","width":998,"height":298,"caption":"Long Play Music Films Festival"},"image":{"@id":"https:\/\/longplaymusicfilmfestival.com\/#\/schema\/logo\/image\/"},"sameAs":["https:\/\/x.com\/lpmusicfilmfest"]}]}},"_links":{"self":[{"href":"https:\/\/longplaymusicfilmfestival.com\/en\/wp-json\/wp\/v2\/pages\/471","targetHints":{"allow":["GET"]}}],"collection":[{"href":"https:\/\/longplaymusicfilmfestival.com\/en\/wp-json\/wp\/v2\/pages"}],"about":[{"href":"https:\/\/longplaymusicfilmfestival.com\/en\/wp-json\/wp\/v2\/types\/page"}],"author":[{"embeddable":true,"href":"https:\/\/longplaymusicfilmfestival.com\/en\/wp-json\/wp\/v2\/users\/1"}],"replies":[{"embeddable":true,"href":"https:\/\/longplaymusicfilmfestival.com\/en\/wp-json\/wp\/v2\/comments?post=471"}],"version-history":[{"count":4,"href":"https:\/\/longplaymusicfilmfestival.com\/en\/wp-json\/wp\/v2\/pages\/471\/revisions"}],"predecessor-version":[{"id":510,"href":"https:\/\/longplaymusicfilmfestival.com\/en\/wp-json\/wp\/v2\/pages\/471\/revisions\/510"}],"wp:attachment":[{"href":"https:\/\/longplaymusicfilmfestival.com\/en\/wp-json\/wp\/v2\/media?parent=471"}],"curies":[{"name":"wp","href":"https:\/\/api.w.org\/{rel}","templated":true}]}}