{"id":296,"date":"2025-04-27T19:58:27","date_gmt":"2025-04-27T19:58:27","guid":{"rendered":"https:\/\/longplaymusicfilmfestival.com\/?page_id=296"},"modified":"2025-11-04T12:09:52","modified_gmt":"2025-11-04T12:09:52","slug":"filmler","status":"publish","type":"page","link":"https:\/\/longplaymusicfilmfestival.com\/en\/filmler\/","title":{"rendered":"Movies"},"content":{"rendered":"<div class=\"row\"  id=\"row-309633760\">\n\n\n\t<div id=\"col-893185955\" class=\"col small-12 large-12\"  >\n\t\t\t\t<div class=\"col-inner\"  >\n\t\t\t\n\t\t\t\n\n\n\t\t<\/div>\n\t\t\t\t\t<\/div>\n\n\t\n\n<\/div>\n<div class=\"row\"  id=\"row-1841599798\">\n\n\n\t<div id=\"col-1781492459\" class=\"col small-12 large-12\"  >\n\t\t\t\t<div class=\"col-inner\"  >\n\t\t\t\n\t\t\t\n\n<div class=\"container section-title-container\" ><h1 class=\"section-title section-title-center\"><b><\/b><span class=\"section-title-main\" style=\"color:rgb(0, 0, 0);\">FINALISTS<\/span><b><\/b><\/h1><\/div>\n\n<div class=\"row\"  id=\"row-1687151656\">\n\n\n\t<div id=\"col-1450506026\" class=\"col medium-4 small-12 large-4\"  >\n\t\t\t\t<div class=\"col-inner text-center\"  >\n\t\t\t\n\t\t\t\n\n\t<div class=\"img has-hover x md-x lg-x y md-y lg-y\" id=\"image_209484501\">\n\t\t<a class=\"\" href=\"https:\/\/longplaymusicfilmfestival.com\/en\/bir-orkestranin-izinde\/\"  >\t\t\t\t\t\t<div class=\"img-inner dark\" >\n\t\t\t<img loading=\"lazy\" decoding=\"async\" width=\"593\" height=\"800\" src=\"https:\/\/longplaymusicfilmfestival.com\/wp-content\/uploads\/2025\/10\/BIR-ORKESTRANIN-IZINDE-AFIS-1-593x800.jpg\" class=\"attachment-large size-large\" alt=\"\" srcset=\"https:\/\/longplaymusicfilmfestival.com\/wp-content\/uploads\/2025\/10\/BIR-ORKESTRANIN-IZINDE-AFIS-1-593x800.jpg 593w, https:\/\/longplaymusicfilmfestival.com\/wp-content\/uploads\/2025\/10\/BIR-ORKESTRANIN-IZINDE-AFIS-1-296x400.jpg 296w, https:\/\/longplaymusicfilmfestival.com\/wp-content\/uploads\/2025\/10\/BIR-ORKESTRANIN-IZINDE-AFIS-1-768x1037.jpg 768w, https:\/\/longplaymusicfilmfestival.com\/wp-content\/uploads\/2025\/10\/BIR-ORKESTRANIN-IZINDE-AFIS-1-1138x1536.jpg 1138w, https:\/\/longplaymusicfilmfestival.com\/wp-content\/uploads\/2025\/10\/BIR-ORKESTRANIN-IZINDE-AFIS-1-1517x2048.jpg 1517w, https:\/\/longplaymusicfilmfestival.com\/wp-content\/uploads\/2025\/10\/BIR-ORKESTRANIN-IZINDE-AFIS-1-9x12.jpg 9w, https:\/\/longplaymusicfilmfestival.com\/wp-content\/uploads\/2025\/10\/BIR-ORKESTRANIN-IZINDE-AFIS-1-scaled.jpg 1896w\" sizes=\"auto, (max-width: 593px) 100vw, 593px\" \/>\t\t\t\t\t\t\n\t\t\t\t\t<\/div>\n\t\t\t\t\t\t<\/a>\t\t\n<style>\n#image_209484501 {\n  width: 98%;\n}\n<\/style>\n\t<\/div>\n\t\n\n\t<div id=\"text-2444575056\" class=\"text\">\n\t\t\n\n<h1 style=\"text-align: center;\"><a href=\"https:\/\/longplaymusicfilmfestival.com\/en\/bir-orkestranin-izinde\/\">B\u0130R ORKESTRANIN \u0130Z\u0130NDE<\/a><\/h1>\n<h3 style=\"text-align: center;\">MUSA AK\/HASAN BASR\u0130 \u00d6ZDEM\u0130R<\/h3>\n<p style=\"text-align: center;\">DIRECTOR<\/p>\n<h3 style=\"text-align: center;\">T\u00dcRK\u0130YE<\/h3>\n<p style=\"text-align: center;\">COUNTRY<\/p>\n\t\t\n<style>\n#text-2444575056 {\n  text-align: center;\n  color: rgb(0, 0, 0);\n}\n#text-2444575056 > * {\n  color: rgb(0, 0, 0);\n}\n<\/style>\n\t<\/div>\n\t\n\n\t\t<\/div>\n\t\t\t\t\t<\/div>\n\n\t\n\n\t<div id=\"col-882410921\" class=\"col medium-4 small-12 large-4\"  >\n\t\t\t\t<div class=\"col-inner text-center\"  >\n\t\t\t\n\t\t\t\n\n\t<div class=\"img has-hover x md-x lg-x y md-y lg-y\" id=\"image_1759562509\">\n\t\t<a class=\"\" href=\"https:\/\/longplaymusicfilmfestival.com\/en\/asiri-kisisel-belgesel\/\"  >\t\t\t\t\t\t<div class=\"img-inner dark\" >\n\t\t\t<img loading=\"lazy\" decoding=\"async\" width=\"286\" height=\"400\" src=\"https:\/\/longplaymusicfilmfestival.com\/wp-content\/uploads\/2025\/10\/The-last-sticker-1-286x400.jpg\" class=\"attachment-medium size-medium\" alt=\"\" srcset=\"https:\/\/longplaymusicfilmfestival.com\/wp-content\/uploads\/2025\/10\/The-last-sticker-1-286x400.jpg 286w, https:\/\/longplaymusicfilmfestival.com\/wp-content\/uploads\/2025\/10\/The-last-sticker-1-9x12.jpg 9w, https:\/\/longplaymusicfilmfestival.com\/wp-content\/uploads\/2025\/10\/The-last-sticker-1.jpg 571w\" sizes=\"auto, (max-width: 286px) 100vw, 286px\" \/>\t\t\t\t\t\t\n\t\t\t\t\t<\/div>\n\t\t\t\t\t\t<\/a>\t\t\n<style>\n#image_1759562509 {\n  width: 95%;\n}\n<\/style>\n\t<\/div>\n\t\n\n\t<div id=\"text-4020834960\" class=\"text\">\n\t\t\n\n<h1 style=\"text-align: center;\"><a href=\"https:\/\/longplaymusicfilmfestival.com\/en\/asiri-kisisel-belgesel\/\">A\u015eIRI K\u0130\u015e\u0130SEL BELGESEL<\/a><\/h1>\n<h3 style=\"text-align: center;\">O\u011eULCAN ATAYOL<\/h3>\n<p style=\"text-align: center;\">DIRECTOR<\/p>\n<h3 style=\"text-align: center;\">T\u00dcRK\u0130YE<\/h3>\n<p style=\"text-align: center;\">COUNTRY<\/p>\n\t\t\n<style>\n#text-4020834960 {\n  text-align: center;\n  color: rgb(0, 0, 0);\n}\n#text-4020834960 > * {\n  color: rgb(0, 0, 0);\n}\n<\/style>\n\t<\/div>\n\t\n\n\t\t<\/div>\n\t\t\t\t\t<\/div>\n\n\t\n\n\t<div id=\"col-458226129\" class=\"col medium-4 small-12 large-4\"  >\n\t\t\t\t<div class=\"col-inner text-center\"  >\n\t\t\t\n\t\t\t\n\n\t<div class=\"img has-hover x md-x lg-x y md-y lg-y\" id=\"image_581860736\">\n\t\t<a class=\"\" href=\"https:\/\/longplaymusicfilmfestival.com\/en\/recife-tem-um-coracao\/\"  >\t\t\t\t\t\t<div class=\"img-inner dark\" >\n\t\t\t<img loading=\"lazy\" decoding=\"async\" width=\"566\" height=\"800\" src=\"https:\/\/longplaymusicfilmfestival.com\/wp-content\/uploads\/2025\/10\/Recife-Tem-Um-Coracao-AFIS-1.jpg\" class=\"attachment-large size-large\" alt=\"\" srcset=\"https:\/\/longplaymusicfilmfestival.com\/wp-content\/uploads\/2025\/10\/Recife-Tem-Um-Coracao-AFIS-1.jpg 566w, https:\/\/longplaymusicfilmfestival.com\/wp-content\/uploads\/2025\/10\/Recife-Tem-Um-Coracao-AFIS-1-283x400.jpg 283w, https:\/\/longplaymusicfilmfestival.com\/wp-content\/uploads\/2025\/10\/Recife-Tem-Um-Coracao-AFIS-1-8x12.jpg 8w\" sizes=\"auto, (max-width: 566px) 100vw, 566px\" \/>\t\t\t\t\t\t\n\t\t\t\t\t<\/div>\n\t\t\t\t\t\t<\/a>\t\t\n<style>\n#image_581860736 {\n  width: 94%;\n}\n<\/style>\n\t<\/div>\n\t\n\n\t<div id=\"text-3022292731\" class=\"text\">\n\t\t\n\n<h1 style=\"text-align: center;\"><a href=\"https:\/\/longplaymusicfilmfestival.com\/en\/recife-tem-um-coracao\/\">RECIFE TEM UM CORA\u00c7\u00c3O<\/a><\/h1>\n<h3 style=\"text-align: center;\">RODRIGO SENA<\/h3>\n<p style=\"text-align: center;\">DIRECTOR<\/p>\n<h3 style=\"text-align: center;\">BRAZIL<\/h3>\n<p style=\"text-align: center;\">COUNTRY<\/p>\n\t\t\n<style>\n#text-3022292731 {\n  text-align: center;\n  color: rgb(0, 0, 0);\n}\n#text-3022292731 > * {\n  color: rgb(0, 0, 0);\n}\n<\/style>\n\t<\/div>\n\t\n\n\t\t<\/div>\n\t\t\t\t\t<\/div>\n\n\t\n\n\t<div id=\"col-1351203849\" class=\"col medium-4 small-12 large-4\"  >\n\t\t\t\t<div class=\"col-inner text-center\"  >\n\t\t\t\n\t\t\t\n\n\t<div class=\"img has-hover x md-x lg-x y md-y lg-y\" id=\"image_1458250697\">\n\t\t<a class=\"\" href=\"https:\/\/longplaymusicfilmfestival.com\/en\/the-rhythm-of-balance\/\"  >\t\t\t\t\t\t<div class=\"img-inner dark\" >\n\t\t\t<img loading=\"lazy\" decoding=\"async\" width=\"566\" height=\"800\" src=\"https:\/\/longplaymusicfilmfestival.com\/wp-content\/uploads\/2025\/10\/Rhythm-Of-Balance-AFIS.jpg\" class=\"attachment-large size-large\" alt=\"\" srcset=\"https:\/\/longplaymusicfilmfestival.com\/wp-content\/uploads\/2025\/10\/Rhythm-Of-Balance-AFIS.jpg 566w, https:\/\/longplaymusicfilmfestival.com\/wp-content\/uploads\/2025\/10\/Rhythm-Of-Balance-AFIS-283x400.jpg 283w, https:\/\/longplaymusicfilmfestival.com\/wp-content\/uploads\/2025\/10\/Rhythm-Of-Balance-AFIS-8x12.jpg 8w\" sizes=\"auto, (max-width: 566px) 100vw, 566px\" \/>\t\t\t\t\t\t\n\t\t\t\t\t<\/div>\n\t\t\t\t\t\t<\/a>\t\t\n<style>\n#image_1458250697 {\n  width: 94%;\n}\n<\/style>\n\t<\/div>\n\t\n\n\t<div id=\"text-824157418\" class=\"text\">\n\t\t\n\n<h1 style=\"text-align: center;\"><a href=\"https:\/\/longplaymusicfilmfestival.com\/en\/the-rhythm-of-balance\/\">THE RHYTM OF BALANCE<\/a><\/h1>\n<h3 style=\"text-align: center;\">MUSTAFA MEN<\/h3>\n<p style=\"text-align: center;\">DIRECTOR<\/p>\n<h3 style=\"text-align: center;\">T\u00dcRK\u0130YE<\/h3>\n<p style=\"text-align: center;\">COUNTRY<\/p>\n\t\t\n<style>\n#text-824157418 {\n  text-align: center;\n  color: rgb(0, 0, 0);\n}\n#text-824157418 > * {\n  color: rgb(0, 0, 0);\n}\n<\/style>\n\t<\/div>\n\t\n\n\t\t<\/div>\n\t\t\t\t\t<\/div>\n\n\t\n\n\t<div id=\"col-2069461763\" class=\"col medium-4 small-12 large-4\"  >\n\t\t\t\t<div class=\"col-inner text-center\"  >\n\t\t\t\n\t\t\t\n\n\t<div class=\"img has-hover x md-x lg-x y md-y lg-y\" id=\"image_1928236897\">\n\t\t<a class=\"\" href=\"https:\/\/longplaymusicfilmfestival.com\/en\/balkancisco\/\"  >\t\t\t\t\t\t<div class=\"img-inner dark\" >\n\t\t\t<img loading=\"lazy\" decoding=\"async\" width=\"602\" height=\"800\" src=\"https:\/\/longplaymusicfilmfestival.com\/wp-content\/uploads\/2025\/10\/BALKANCISCO-AFIS-1-602x800.jpg\" class=\"attachment-large size-large\" alt=\"\" srcset=\"https:\/\/longplaymusicfilmfestival.com\/wp-content\/uploads\/2025\/10\/BALKANCISCO-AFIS-1-602x800.jpg 602w, https:\/\/longplaymusicfilmfestival.com\/wp-content\/uploads\/2025\/10\/BALKANCISCO-AFIS-1-301x400.jpg 301w, https:\/\/longplaymusicfilmfestival.com\/wp-content\/uploads\/2025\/10\/BALKANCISCO-AFIS-1-768x1021.jpg 768w, https:\/\/longplaymusicfilmfestival.com\/wp-content\/uploads\/2025\/10\/BALKANCISCO-AFIS-1-1156x1536.jpg 1156w, https:\/\/longplaymusicfilmfestival.com\/wp-content\/uploads\/2025\/10\/BALKANCISCO-AFIS-1-1541x2048.jpg 1541w, https:\/\/longplaymusicfilmfestival.com\/wp-content\/uploads\/2025\/10\/BALKANCISCO-AFIS-1-9x12.jpg 9w, https:\/\/longplaymusicfilmfestival.com\/wp-content\/uploads\/2025\/10\/BALKANCISCO-AFIS-1.jpg 1920w\" sizes=\"auto, (max-width: 602px) 100vw, 602px\" \/>\t\t\t\t\t\t\n\t\t\t\t\t<\/div>\n\t\t\t\t\t\t<\/a>\t\t\n<style>\n#image_1928236897 {\n  width: 100%;\n}\n<\/style>\n\t<\/div>\n\t\n\n\t<div id=\"text-263958936\" class=\"text\">\n\t\t\n\n<h1 style=\"text-align: center;\"><a href=\"https:\/\/longplaymusicfilmfestival.com\/en\/balkancisco\/\">BALKANCISCO<\/a><\/h1>\n<h3 style=\"text-align: center;\">TU\u011eRUL SARIKAYA<\/h3>\n<p style=\"text-align: center;\">DIRECTOR<\/p>\n<h3 style=\"text-align: center;\">T\u00dcRK\u0130YE<\/h3>\n<p style=\"text-align: center;\">COUNTRY<\/p>\n\t\t\n<style>\n#text-263958936 {\n  text-align: center;\n  color: rgb(0, 0, 0);\n}\n#text-263958936 > * {\n  color: rgb(0, 0, 0);\n}\n<\/style>\n\t<\/div>\n\t\n\n\t\t<\/div>\n\t\t\t\t\t<\/div>\n\n\t\n\n\t<div id=\"col-5552633\" class=\"col medium-4 small-12 large-4\"  >\n\t\t\t\t<div class=\"col-inner text-center\"  >\n\t\t\t\n\t\t\t\n\n\t<div class=\"img has-hover x md-x lg-x y md-y lg-y\" id=\"image_617240950\">\n\t\t<a class=\"\" href=\"https:\/\/longplaymusicfilmfestival.com\/en\/bakirkoy-underground\/\"  >\t\t\t\t\t\t<div class=\"img-inner dark\" >\n\t\t\t<img loading=\"lazy\" decoding=\"async\" width=\"450\" height=\"800\" src=\"https:\/\/longplaymusicfilmfestival.com\/wp-content\/uploads\/2025\/10\/BAKIRKOY-UNDERGROUND-AFIS.jpg\" class=\"attachment-large size-large\" alt=\"\" srcset=\"https:\/\/longplaymusicfilmfestival.com\/wp-content\/uploads\/2025\/10\/BAKIRKOY-UNDERGROUND-AFIS.jpg 450w, https:\/\/longplaymusicfilmfestival.com\/wp-content\/uploads\/2025\/10\/BAKIRKOY-UNDERGROUND-AFIS-225x400.jpg 225w, https:\/\/longplaymusicfilmfestival.com\/wp-content\/uploads\/2025\/10\/BAKIRKOY-UNDERGROUND-AFIS-7x12.jpg 7w\" sizes=\"auto, (max-width: 450px) 100vw, 450px\" \/>\t\t\t\t\t\t\n\t\t\t\t\t<\/div>\n\t\t\t\t\t\t<\/a>\t\t\n<style>\n#image_617240950 {\n  width: 74%;\n}\n<\/style>\n\t<\/div>\n\t\n\n\t<div id=\"text-3507930429\" class=\"text\">\n\t\t\n\n<h1 style=\"text-align: center;\"><a href=\"https:\/\/longplaymusicfilmfestival.com\/en\/bakirkoy-underground\/\">BAKIRK\u00d6Y UNDERGROUND<\/a><\/h1>\n<h3 style=\"text-align: center;\">BERKAY \u015eATIR<\/h3>\n<p style=\"text-align: center;\">DIRECTOR<\/p>\n<h3 style=\"text-align: center;\">T\u00dcRK\u0130YE<\/h3>\n<p style=\"text-align: center;\">COUNTRY<\/p>\n\t\t\n<style>\n#text-3507930429 {\n  text-align: center;\n  color: rgb(0, 0, 0);\n}\n#text-3507930429 > * {\n  color: rgb(0, 0, 0);\n}\n<\/style>\n\t<\/div>\n\t\n\n\t\t<\/div>\n\t\t\t\t\t<\/div>\n\n\t\n\n\t<div id=\"col-326013823\" class=\"col medium-4 small-12 large-4\"  >\n\t\t\t\t<div class=\"col-inner text-center\"  >\n\t\t\t\n\t\t\t\n\n\t<div class=\"img has-hover x md-x lg-x y md-y lg-y\" id=\"image_2025123387\">\n\t\t<a class=\"\" href=\"https:\/\/longplaymusicfilmfestival.com\/en\/return-of-the-creeps\/\"  >\t\t\t\t\t\t<div class=\"img-inner dark\" >\n\t\t\t<img loading=\"lazy\" decoding=\"async\" width=\"566\" height=\"800\" src=\"https:\/\/longplaymusicfilmfestival.com\/wp-content\/uploads\/2025\/10\/RETURN-OF-THE-CREEPS-AFIS-EN-566x800.jpg\" class=\"attachment-large size-large\" alt=\"\" srcset=\"https:\/\/longplaymusicfilmfestival.com\/wp-content\/uploads\/2025\/10\/RETURN-OF-THE-CREEPS-AFIS-EN-566x800.jpg 566w, https:\/\/longplaymusicfilmfestival.com\/wp-content\/uploads\/2025\/10\/RETURN-OF-THE-CREEPS-AFIS-EN-283x400.jpg 283w, https:\/\/longplaymusicfilmfestival.com\/wp-content\/uploads\/2025\/10\/RETURN-OF-THE-CREEPS-AFIS-EN-768x1086.jpg 768w, https:\/\/longplaymusicfilmfestival.com\/wp-content\/uploads\/2025\/10\/RETURN-OF-THE-CREEPS-AFIS-EN-1086x1536.jpg 1086w, https:\/\/longplaymusicfilmfestival.com\/wp-content\/uploads\/2025\/10\/RETURN-OF-THE-CREEPS-AFIS-EN-1448x2048.jpg 1448w, https:\/\/longplaymusicfilmfestival.com\/wp-content\/uploads\/2025\/10\/RETURN-OF-THE-CREEPS-AFIS-EN-8x12.jpg 8w, https:\/\/longplaymusicfilmfestival.com\/wp-content\/uploads\/2025\/10\/RETURN-OF-THE-CREEPS-AFIS-EN.jpg 1754w\" sizes=\"auto, (max-width: 566px) 100vw, 566px\" \/>\t\t\t\t\t\t\n\t\t\t\t\t<\/div>\n\t\t\t\t\t\t<\/a>\t\t\n<style>\n#image_2025123387 {\n  width: 94%;\n}\n<\/style>\n\t<\/div>\n\t\n\n\t<div id=\"text-1918693084\" class=\"text\">\n\t\t\n\n<h1 style=\"text-align: center;\"><a href=\"https:\/\/longplaymusicfilmfestival.com\/en\/return-of-the-creeps\/\" data-wplink-edit=\"true\">RETURN OF THE CREEPS<\/a><\/h1>\n<h3 style=\"text-align: center;\">NIKOS CHANTZIS<\/h3>\n<p style=\"text-align: center;\">DIRECTOR<\/p>\n<h3 style=\"text-align: center;\">GREECE<\/h3>\n<p style=\"text-align: center;\">COUNTRY<\/p>\n\t\t\n<style>\n#text-1918693084 {\n  text-align: center;\n  color: rgb(0, 0, 0);\n}\n#text-1918693084 > * {\n  color: rgb(0, 0, 0);\n}\n<\/style>\n\t<\/div>\n\t\n\n\t\t<\/div>\n\t\t\t\t\t<\/div>\n\n\t\n\n\t<div id=\"col-1154905036\" class=\"col medium-4 small-12 large-4\"  >\n\t\t\t\t<div class=\"col-inner text-center\"  >\n\t\t\t\n\t\t\t\n\n\t<div class=\"img has-hover x md-x lg-x y md-y lg-y\" id=\"image_119646376\">\n\t\t<a class=\"\" href=\"https:\/\/longplaymusicfilmfestival.com\/en\/bartok-nyomaban\/\"  >\t\t\t\t\t\t<div class=\"img-inner dark\" >\n\t\t\t<img loading=\"lazy\" decoding=\"async\" width=\"574\" height=\"800\" src=\"https:\/\/longplaymusicfilmfestival.com\/wp-content\/uploads\/2025\/10\/BARTOK-NYOMABAN-AFIS_page-0001-574x800.jpg\" class=\"attachment-large size-large\" alt=\"\" srcset=\"https:\/\/longplaymusicfilmfestival.com\/wp-content\/uploads\/2025\/10\/BARTOK-NYOMABAN-AFIS_page-0001-574x800.jpg 574w, https:\/\/longplaymusicfilmfestival.com\/wp-content\/uploads\/2025\/10\/BARTOK-NYOMABAN-AFIS_page-0001-287x400.jpg 287w, https:\/\/longplaymusicfilmfestival.com\/wp-content\/uploads\/2025\/10\/BARTOK-NYOMABAN-AFIS_page-0001-768x1070.jpg 768w, https:\/\/longplaymusicfilmfestival.com\/wp-content\/uploads\/2025\/10\/BARTOK-NYOMABAN-AFIS_page-0001-1103x1536.jpg 1103w, https:\/\/longplaymusicfilmfestival.com\/wp-content\/uploads\/2025\/10\/BARTOK-NYOMABAN-AFIS_page-0001-1470x2048.jpg 1470w, https:\/\/longplaymusicfilmfestival.com\/wp-content\/uploads\/2025\/10\/BARTOK-NYOMABAN-AFIS_page-0001-9x12.jpg 9w, https:\/\/longplaymusicfilmfestival.com\/wp-content\/uploads\/2025\/10\/BARTOK-NYOMABAN-AFIS_page-0001-scaled.jpg 1838w\" sizes=\"auto, (max-width: 574px) 100vw, 574px\" \/>\t\t\t\t\t\t\n\t\t\t\t\t<\/div>\n\t\t\t\t\t\t<\/a>\t\t\n<style>\n#image_119646376 {\n  width: 96%;\n}\n<\/style>\n\t<\/div>\n\t\n\n\t<div id=\"text-589447661\" class=\"text\">\n\t\t\n\n<h1 style=\"text-align: center;\"><a href=\"https:\/\/longplaymusicfilmfestival.com\/en\/bartok-nyomaban\/\">BART\u00d3K NYOM\u00c1BAN<\/a><\/h1>\n<h3 style=\"text-align: center;\">K\u00c1LM\u00c1N K\u00c1ZSM\u00c9R<\/h3>\n<p style=\"text-align: center;\">DIRECTOR<\/p>\n<h3 style=\"text-align: center;\">HUNGARY<\/h3>\n<p style=\"text-align: center;\">COUNTRY<\/p>\n\t\t\n<style>\n#text-589447661 {\n  text-align: center;\n  color: rgb(0, 0, 0);\n}\n#text-589447661 > * {\n  color: rgb(0, 0, 0);\n}\n<\/style>\n\t<\/div>\n\t\n\n\t\t<\/div>\n\t\t\t\t\t<\/div>\n\n\t\n\n<\/div>\n\n\t\t<\/div>\n\t\t\t\t\t<\/div>\n\n\t\n\n<\/div>","protected":false},"excerpt":{"rendered":"","protected":false},"author":1,"featured_media":0,"parent":0,"menu_order":0,"comment_status":"closed","ping_status":"closed","template":"","meta":{"footnotes":""},"class_list":["post-296","page","type-page","status-publish","hentry"],"yoast_head":"<!-- This site is optimized with the Yoast SEO plugin v25.4 - https:\/\/yoast.com\/wordpress\/plugins\/seo\/ -->\n<title>Filmler - Long Play Music Films Festival<\/title>\n<meta name=\"robots\" content=\"index, follow, max-snippet:-1, max-image-preview:large, max-video-preview:-1\" \/>\n<link rel=\"canonical\" href=\"https:\/\/longplaymusicfilmfestival.com\/en\/filmler\/\" \/>\n<meta property=\"og:locale\" content=\"en_US\" \/>\n<meta property=\"og:type\" content=\"article\" \/>\n<meta property=\"og:title\" content=\"Filmler - Long Play Music Films Festival\" \/>\n<meta property=\"og:url\" content=\"https:\/\/longplaymusicfilmfestival.com\/en\/filmler\/\" \/>\n<meta property=\"og:site_name\" content=\"Long Play Music Films Festival\" \/>\n<meta property=\"article:modified_time\" content=\"2025-11-04T12:09:52+00:00\" \/>\n<meta property=\"og:image\" content=\"https:\/\/longplaymusicfilmfestival.com\/wp-content\/uploads\/2025\/11\/long-play-music-films-festival-op-image.jpg\" \/>\n\t<meta property=\"og:image:width\" content=\"1280\" \/>\n\t<meta property=\"og:image:height\" content=\"720\" \/>\n\t<meta property=\"og:image:type\" content=\"image\/jpeg\" \/>\n<meta name=\"twitter:card\" content=\"summary_large_image\" \/>\n<meta name=\"twitter:site\" content=\"@lpmusicfilmfest\" \/>\n<meta name=\"twitter:label1\" content=\"Est. reading time\" \/>\n\t<meta name=\"twitter:data1\" content=\"2 minutes\" \/>\n<script type=\"application\/ld+json\" class=\"yoast-schema-graph\">{\"@context\":\"https:\/\/schema.org\",\"@graph\":[{\"@type\":\"WebPage\",\"@id\":\"https:\/\/longplaymusicfilmfestival.com\/filmler\/\",\"url\":\"https:\/\/longplaymusicfilmfestival.com\/filmler\/\",\"name\":\"Filmler - Long Play Music Films Festival\",\"isPartOf\":{\"@id\":\"https:\/\/longplaymusicfilmfestival.com\/#website\"},\"datePublished\":\"2025-04-27T19:58:27+00:00\",\"dateModified\":\"2025-11-04T12:09:52+00:00\",\"breadcrumb\":{\"@id\":\"https:\/\/longplaymusicfilmfestival.com\/filmler\/#breadcrumb\"},\"inLanguage\":\"en-US\",\"potentialAction\":[{\"@type\":\"ReadAction\",\"target\":[\"https:\/\/longplaymusicfilmfestival.com\/filmler\/\"]}]},{\"@type\":\"BreadcrumbList\",\"@id\":\"https:\/\/longplaymusicfilmfestival.com\/filmler\/#breadcrumb\",\"itemListElement\":[{\"@type\":\"ListItem\",\"position\":1,\"name\":\"Anasayfa\",\"item\":\"https:\/\/longplaymusicfilmfestival.com\/\"},{\"@type\":\"ListItem\",\"position\":2,\"name\":\"Filmler\"}]},{\"@type\":\"WebSite\",\"@id\":\"https:\/\/longplaymusicfilmfestival.com\/#website\",\"url\":\"https:\/\/longplaymusicfilmfestival.com\/\",\"name\":\"Long Play Music Films Festival\",\"description\":\"Long Play Music Films Festival\",\"publisher\":{\"@id\":\"https:\/\/longplaymusicfilmfestival.com\/#organization\"},\"potentialAction\":[{\"@type\":\"SearchAction\",\"target\":{\"@type\":\"EntryPoint\",\"urlTemplate\":\"https:\/\/longplaymusicfilmfestival.com\/?s={search_term_string}\"},\"query-input\":{\"@type\":\"PropertyValueSpecification\",\"valueRequired\":true,\"valueName\":\"search_term_string\"}}],\"inLanguage\":\"en-US\"},{\"@type\":\"Organization\",\"@id\":\"https:\/\/longplaymusicfilmfestival.com\/#organization\",\"name\":\"Long Play Music Films Festival\",\"url\":\"https:\/\/longplaymusicfilmfestival.com\/\",\"logo\":{\"@type\":\"ImageObject\",\"inLanguage\":\"en-US\",\"@id\":\"https:\/\/longplaymusicfilmfestival.com\/#\/schema\/logo\/image\/\",\"url\":\"https:\/\/longplaymusicfilmfestival.com\/wp-content\/uploads\/2025\/05\/long-play-music-films-festival-logo.png\",\"contentUrl\":\"https:\/\/longplaymusicfilmfestival.com\/wp-content\/uploads\/2025\/05\/long-play-music-films-festival-logo.png\",\"width\":998,\"height\":298,\"caption\":\"Long Play Music Films Festival\"},\"image\":{\"@id\":\"https:\/\/longplaymusicfilmfestival.com\/#\/schema\/logo\/image\/\"},\"sameAs\":[\"https:\/\/x.com\/lpmusicfilmfest\"]}]}<\/script>\n<!-- \/ Yoast SEO plugin. -->","yoast_head_json":{"title":"Filmler - Long Play Music Films Festival","robots":{"index":"index","follow":"follow","max-snippet":"max-snippet:-1","max-image-preview":"max-image-preview:large","max-video-preview":"max-video-preview:-1"},"canonical":"https:\/\/longplaymusicfilmfestival.com\/en\/filmler\/","og_locale":"en_US","og_type":"article","og_title":"Filmler - Long Play Music Films Festival","og_url":"https:\/\/longplaymusicfilmfestival.com\/en\/filmler\/","og_site_name":"Long Play Music Films Festival","article_modified_time":"2025-11-04T12:09:52+00:00","og_image":[{"width":1280,"height":720,"url":"https:\/\/longplaymusicfilmfestival.com\/wp-content\/uploads\/2025\/11\/long-play-music-films-festival-op-image.jpg","type":"image\/jpeg"}],"twitter_card":"summary_large_image","twitter_site":"@lpmusicfilmfest","twitter_misc":{"Est. reading time":"2 minutes"},"schema":{"@context":"https:\/\/schema.org","@graph":[{"@type":"WebPage","@id":"https:\/\/longplaymusicfilmfestival.com\/filmler\/","url":"https:\/\/longplaymusicfilmfestival.com\/filmler\/","name":"Filmler - Long Play Music Films Festival","isPartOf":{"@id":"https:\/\/longplaymusicfilmfestival.com\/#website"},"datePublished":"2025-04-27T19:58:27+00:00","dateModified":"2025-11-04T12:09:52+00:00","breadcrumb":{"@id":"https:\/\/longplaymusicfilmfestival.com\/filmler\/#breadcrumb"},"inLanguage":"en-US","potentialAction":[{"@type":"ReadAction","target":["https:\/\/longplaymusicfilmfestival.com\/filmler\/"]}]},{"@type":"BreadcrumbList","@id":"https:\/\/longplaymusicfilmfestival.com\/filmler\/#breadcrumb","itemListElement":[{"@type":"ListItem","position":1,"name":"Anasayfa","item":"https:\/\/longplaymusicfilmfestival.com\/"},{"@type":"ListItem","position":2,"name":"Filmler"}]},{"@type":"WebSite","@id":"https:\/\/longplaymusicfilmfestival.com\/#website","url":"https:\/\/longplaymusicfilmfestival.com\/","name":"Long Play Music Films Festival","description":"Long Play Music Films Festival","publisher":{"@id":"https:\/\/longplaymusicfilmfestival.com\/#organization"},"potentialAction":[{"@type":"SearchAction","target":{"@type":"EntryPoint","urlTemplate":"https:\/\/longplaymusicfilmfestival.com\/?s={search_term_string}"},"query-input":{"@type":"PropertyValueSpecification","valueRequired":true,"valueName":"search_term_string"}}],"inLanguage":"en-US"},{"@type":"Organization","@id":"https:\/\/longplaymusicfilmfestival.com\/#organization","name":"Long Play Music Films Festival","url":"https:\/\/longplaymusicfilmfestival.com\/","logo":{"@type":"ImageObject","inLanguage":"en-US","@id":"https:\/\/longplaymusicfilmfestival.com\/#\/schema\/logo\/image\/","url":"https:\/\/longplaymusicfilmfestival.com\/wp-content\/uploads\/2025\/05\/long-play-music-films-festival-logo.png","contentUrl":"https:\/\/longplaymusicfilmfestival.com\/wp-content\/uploads\/2025\/05\/long-play-music-films-festival-logo.png","width":998,"height":298,"caption":"Long Play Music Films Festival"},"image":{"@id":"https:\/\/longplaymusicfilmfestival.com\/#\/schema\/logo\/image\/"},"sameAs":["https:\/\/x.com\/lpmusicfilmfest"]}]}},"_links":{"self":[{"href":"https:\/\/longplaymusicfilmfestival.com\/en\/wp-json\/wp\/v2\/pages\/296","targetHints":{"allow":["GET"]}}],"collection":[{"href":"https:\/\/longplaymusicfilmfestival.com\/en\/wp-json\/wp\/v2\/pages"}],"about":[{"href":"https:\/\/longplaymusicfilmfestival.com\/en\/wp-json\/wp\/v2\/types\/page"}],"author":[{"embeddable":true,"href":"https:\/\/longplaymusicfilmfestival.com\/en\/wp-json\/wp\/v2\/users\/1"}],"replies":[{"embeddable":true,"href":"https:\/\/longplaymusicfilmfestival.com\/en\/wp-json\/wp\/v2\/comments?post=296"}],"version-history":[{"count":23,"href":"https:\/\/longplaymusicfilmfestival.com\/en\/wp-json\/wp\/v2\/pages\/296\/revisions"}],"predecessor-version":[{"id":517,"href":"https:\/\/longplaymusicfilmfestival.com\/en\/wp-json\/wp\/v2\/pages\/296\/revisions\/517"}],"wp:attachment":[{"href":"https:\/\/longplaymusicfilmfestival.com\/en\/wp-json\/wp\/v2\/media?parent=296"}],"curies":[{"name":"wp","href":"https:\/\/api.w.org\/{rel}","templated":true}]}}