{"id":279,"date":"2025-04-27T19:56:27","date_gmt":"2025-04-27T19:56:27","guid":{"rendered":"https:\/\/longplaymusicfilmfestival.com\/?page_id=279"},"modified":"2025-11-19T12:04:28","modified_gmt":"2025-11-19T12:04:28","slug":"ekip","status":"publish","type":"page","link":"https:\/\/longplaymusicfilmfestival.com\/en\/ekip\/","title":{"rendered":"Team"},"content":{"rendered":"<div class=\"container section-title-container\" ><h3 class=\"section-title section-title-center\"><b><\/b><span class=\"section-title-main\" >TEAM<\/span><b><\/b><\/h3><\/div>\n\n<div class=\"row\"  id=\"row-86621555\">\n\n\n\t<div id=\"col-1916743498\" class=\"col small-12 large-12\"  >\n\t\t\t\t<div class=\"col-inner\"  >\n\t\t\t\n\t\t\t\n\n\t<div id=\"text-2513714360\" class=\"text\">\n\t\t\n\n<p style=\"text-align: center;margin-bottom:10px;\">Founder - Festival Director<\/p>\n<h3 style=\"text-align: center;\">G\u00f6k\u00e7e Kaan Demirk\u0131ran<\/h3>\n\t\t\n<style>\n#text-2513714360 {\n  font-size: 0.9rem;\n  line-height: 0.75;\n}\n<\/style>\n\t<\/div>\n\t\n\n\t\t<\/div>\n\t\t\t\t\t<\/div>\n\n\t\n\n\t<div id=\"col-1152590082\" class=\"col small-12 large-12\"  >\n\t\t\t\t<div class=\"col-inner\"  >\n\t\t\t\n\t\t\t\n\n\t<div id=\"text-2441566255\" class=\"text\">\n\t\t\n\n<p style=\"text-align: center; margin-bottom: 10px;\">Coordination and Communication Officer<\/p>\n<h3 style=\"text-align: center;\">Buse Ketenci<\/h3>\n\t\t\n<style>\n#text-2441566255 {\n  font-size: 0.9rem;\n  line-height: 0.75;\n}\n<\/style>\n\t<\/div>\n\t\n\n\t\t<\/div>\n\t\t\t\t\t<\/div>\n\n\t\n\n\t<div id=\"col-1402412431\" class=\"col small-12 large-12\"  >\n\t\t\t\t<div class=\"col-inner\"  >\n\t\t\t\n\t\t\t\n\n\t<div id=\"text-2430830817\" class=\"text\">\n\t\t\n\n<p style=\"text-align: center;margin-bottom:10px;\">Festival Advisor<\/p>\n<h3 style=\"text-align: center;\">Serkan Fidan<\/h3>\n\t\t\n<style>\n#text-2430830817 {\n  font-size: 0.9rem;\n  line-height: 0.75;\n}\n<\/style>\n\t<\/div>\n\t\n\n\t\t<\/div>\n\t\t\t\t\t<\/div>\n\n\t\n\n\t<div id=\"col-1723497539\" class=\"col small-12 large-12\"  >\n\t\t\t\t<div class=\"col-inner\"  >\n\t\t\t\n\t\t\t\n\n\t<div id=\"text-651032402\" class=\"text\">\n\t\t\n\n<p style=\"text-align: center;margin-bottom:10px;\">Web Design<\/p>\n<h3 style=\"text-align: center;\">Furkan Y\u0131lmaz<\/h3>\n\t\t\n<style>\n#text-651032402 {\n  font-size: 0.9rem;\n  line-height: 0.75;\n}\n<\/style>\n\t<\/div>\n\t\n\n\t\t<\/div>\n\t\t\t\t\t<\/div>\n\n\t\n\n\t<div id=\"col-872727436\" class=\"col small-12 large-12\"  >\n\t\t\t\t<div class=\"col-inner\"  >\n\t\t\t\n\t\t\t\n\n\t<div id=\"text-3585366964\" class=\"text\">\n\t\t\n\n<p style=\"text-align: center;margin-bottom:10px;\">Press Advisor<\/p>\n<h3 style=\"text-align: center;\">Gizem Ert\u00fcrk<\/h3>\n\t\t\n<style>\n#text-3585366964 {\n  font-size: 0.9rem;\n  line-height: 0.75;\n}\n<\/style>\n\t<\/div>\n\t\n\n\t\t<\/div>\n\t\t\t\t\t<\/div>\n\n\t\n\n\t<div id=\"col-560507769\" class=\"col small-12 large-12\"  >\n\t\t\t\t<div class=\"col-inner\"  >\n\t\t\t\n\t\t\t\n\n\t<div id=\"text-372718653\" class=\"text\">\n\t\t\n\n<p style=\"text-align: center;margin-bottom:10px;\">Graphic Design and Implementation<\/p>\n<h3 style=\"text-align: center;\">\u00c7a\u011fla Polat<\/h3>\n\n\t\t\n<style>\n#text-372718653 {\n  font-size: 0.9rem;\n  line-height: 0.75;\n}\n<\/style>\n\t<\/div>\n\t\n\n\t\t<\/div>\n\t\t\t\t\t<\/div>\n\n\t\n\n<\/div>","protected":false},"excerpt":{"rendered":"","protected":false},"author":1,"featured_media":0,"parent":0,"menu_order":0,"comment_status":"closed","ping_status":"closed","template":"","meta":{"footnotes":""},"class_list":["post-279","page","type-page","status-publish","hentry"],"yoast_head":"<!-- This site is optimized with the Yoast SEO plugin v25.4 - https:\/\/yoast.com\/wordpress\/plugins\/seo\/ -->\n<title>Ekip - Long Play Music Films Festival<\/title>\n<meta name=\"robots\" content=\"index, follow, max-snippet:-1, max-image-preview:large, max-video-preview:-1\" \/>\n<link rel=\"canonical\" href=\"https:\/\/longplaymusicfilmfestival.com\/en\/ekip\/\" \/>\n<meta property=\"og:locale\" content=\"en_US\" \/>\n<meta property=\"og:type\" content=\"article\" \/>\n<meta property=\"og:title\" content=\"Ekip - Long Play Music Films Festival\" \/>\n<meta property=\"og:url\" content=\"https:\/\/longplaymusicfilmfestival.com\/en\/ekip\/\" \/>\n<meta property=\"og:site_name\" content=\"Long Play Music Films Festival\" \/>\n<meta property=\"article:modified_time\" content=\"2025-11-19T12:04:28+00:00\" \/>\n<meta property=\"og:image\" content=\"https:\/\/longplaymusicfilmfestival.com\/wp-content\/uploads\/2025\/11\/long-play-music-films-festival-op-image.jpg\" \/>\n\t<meta property=\"og:image:width\" content=\"1280\" \/>\n\t<meta property=\"og:image:height\" content=\"720\" \/>\n\t<meta property=\"og:image:type\" content=\"image\/jpeg\" \/>\n<meta name=\"twitter:card\" content=\"summary_large_image\" \/>\n<meta name=\"twitter:site\" content=\"@lpmusicfilmfest\" \/>\n<meta name=\"twitter:label1\" content=\"Est. reading time\" \/>\n\t<meta name=\"twitter:data1\" content=\"1 minute\" \/>\n<script type=\"application\/ld+json\" class=\"yoast-schema-graph\">{\"@context\":\"https:\/\/schema.org\",\"@graph\":[{\"@type\":\"WebPage\",\"@id\":\"https:\/\/longplaymusicfilmfestival.com\/ekip\/\",\"url\":\"https:\/\/longplaymusicfilmfestival.com\/ekip\/\",\"name\":\"Ekip - Long Play Music Films Festival\",\"isPartOf\":{\"@id\":\"https:\/\/longplaymusicfilmfestival.com\/#website\"},\"datePublished\":\"2025-04-27T19:56:27+00:00\",\"dateModified\":\"2025-11-19T12:04:28+00:00\",\"breadcrumb\":{\"@id\":\"https:\/\/longplaymusicfilmfestival.com\/ekip\/#breadcrumb\"},\"inLanguage\":\"en-US\",\"potentialAction\":[{\"@type\":\"ReadAction\",\"target\":[\"https:\/\/longplaymusicfilmfestival.com\/ekip\/\"]}]},{\"@type\":\"BreadcrumbList\",\"@id\":\"https:\/\/longplaymusicfilmfestival.com\/ekip\/#breadcrumb\",\"itemListElement\":[{\"@type\":\"ListItem\",\"position\":1,\"name\":\"Anasayfa\",\"item\":\"https:\/\/longplaymusicfilmfestival.com\/\"},{\"@type\":\"ListItem\",\"position\":2,\"name\":\"Ekip\"}]},{\"@type\":\"WebSite\",\"@id\":\"https:\/\/longplaymusicfilmfestival.com\/#website\",\"url\":\"https:\/\/longplaymusicfilmfestival.com\/\",\"name\":\"Long Play Music Films Festival\",\"description\":\"Long Play Music Films Festival\",\"publisher\":{\"@id\":\"https:\/\/longplaymusicfilmfestival.com\/#organization\"},\"potentialAction\":[{\"@type\":\"SearchAction\",\"target\":{\"@type\":\"EntryPoint\",\"urlTemplate\":\"https:\/\/longplaymusicfilmfestival.com\/?s={search_term_string}\"},\"query-input\":{\"@type\":\"PropertyValueSpecification\",\"valueRequired\":true,\"valueName\":\"search_term_string\"}}],\"inLanguage\":\"en-US\"},{\"@type\":\"Organization\",\"@id\":\"https:\/\/longplaymusicfilmfestival.com\/#organization\",\"name\":\"Long Play Music Films Festival\",\"url\":\"https:\/\/longplaymusicfilmfestival.com\/\",\"logo\":{\"@type\":\"ImageObject\",\"inLanguage\":\"en-US\",\"@id\":\"https:\/\/longplaymusicfilmfestival.com\/#\/schema\/logo\/image\/\",\"url\":\"https:\/\/longplaymusicfilmfestival.com\/wp-content\/uploads\/2025\/05\/long-play-music-films-festival-logo.png\",\"contentUrl\":\"https:\/\/longplaymusicfilmfestival.com\/wp-content\/uploads\/2025\/05\/long-play-music-films-festival-logo.png\",\"width\":998,\"height\":298,\"caption\":\"Long Play Music Films Festival\"},\"image\":{\"@id\":\"https:\/\/longplaymusicfilmfestival.com\/#\/schema\/logo\/image\/\"},\"sameAs\":[\"https:\/\/x.com\/lpmusicfilmfest\"]}]}<\/script>\n<!-- \/ Yoast SEO plugin. -->","yoast_head_json":{"title":"Ekip - Long Play Music Films Festival","robots":{"index":"index","follow":"follow","max-snippet":"max-snippet:-1","max-image-preview":"max-image-preview:large","max-video-preview":"max-video-preview:-1"},"canonical":"https:\/\/longplaymusicfilmfestival.com\/en\/ekip\/","og_locale":"en_US","og_type":"article","og_title":"Ekip - Long Play Music Films Festival","og_url":"https:\/\/longplaymusicfilmfestival.com\/en\/ekip\/","og_site_name":"Long Play Music Films Festival","article_modified_time":"2025-11-19T12:04:28+00:00","og_image":[{"width":1280,"height":720,"url":"https:\/\/longplaymusicfilmfestival.com\/wp-content\/uploads\/2025\/11\/long-play-music-films-festival-op-image.jpg","type":"image\/jpeg"}],"twitter_card":"summary_large_image","twitter_site":"@lpmusicfilmfest","twitter_misc":{"Est. reading time":"1 minute"},"schema":{"@context":"https:\/\/schema.org","@graph":[{"@type":"WebPage","@id":"https:\/\/longplaymusicfilmfestival.com\/ekip\/","url":"https:\/\/longplaymusicfilmfestival.com\/ekip\/","name":"Ekip - Long Play Music Films Festival","isPartOf":{"@id":"https:\/\/longplaymusicfilmfestival.com\/#website"},"datePublished":"2025-04-27T19:56:27+00:00","dateModified":"2025-11-19T12:04:28+00:00","breadcrumb":{"@id":"https:\/\/longplaymusicfilmfestival.com\/ekip\/#breadcrumb"},"inLanguage":"en-US","potentialAction":[{"@type":"ReadAction","target":["https:\/\/longplaymusicfilmfestival.com\/ekip\/"]}]},{"@type":"BreadcrumbList","@id":"https:\/\/longplaymusicfilmfestival.com\/ekip\/#breadcrumb","itemListElement":[{"@type":"ListItem","position":1,"name":"Anasayfa","item":"https:\/\/longplaymusicfilmfestival.com\/"},{"@type":"ListItem","position":2,"name":"Ekip"}]},{"@type":"WebSite","@id":"https:\/\/longplaymusicfilmfestival.com\/#website","url":"https:\/\/longplaymusicfilmfestival.com\/","name":"Long Play Music Films Festival","description":"Long Play Music Films Festival","publisher":{"@id":"https:\/\/longplaymusicfilmfestival.com\/#organization"},"potentialAction":[{"@type":"SearchAction","target":{"@type":"EntryPoint","urlTemplate":"https:\/\/longplaymusicfilmfestival.com\/?s={search_term_string}"},"query-input":{"@type":"PropertyValueSpecification","valueRequired":true,"valueName":"search_term_string"}}],"inLanguage":"en-US"},{"@type":"Organization","@id":"https:\/\/longplaymusicfilmfestival.com\/#organization","name":"Long Play Music Films Festival","url":"https:\/\/longplaymusicfilmfestival.com\/","logo":{"@type":"ImageObject","inLanguage":"en-US","@id":"https:\/\/longplaymusicfilmfestival.com\/#\/schema\/logo\/image\/","url":"https:\/\/longplaymusicfilmfestival.com\/wp-content\/uploads\/2025\/05\/long-play-music-films-festival-logo.png","contentUrl":"https:\/\/longplaymusicfilmfestival.com\/wp-content\/uploads\/2025\/05\/long-play-music-films-festival-logo.png","width":998,"height":298,"caption":"Long Play Music Films Festival"},"image":{"@id":"https:\/\/longplaymusicfilmfestival.com\/#\/schema\/logo\/image\/"},"sameAs":["https:\/\/x.com\/lpmusicfilmfest"]}]}},"_links":{"self":[{"href":"https:\/\/longplaymusicfilmfestival.com\/en\/wp-json\/wp\/v2\/pages\/279","targetHints":{"allow":["GET"]}}],"collection":[{"href":"https:\/\/longplaymusicfilmfestival.com\/en\/wp-json\/wp\/v2\/pages"}],"about":[{"href":"https:\/\/longplaymusicfilmfestival.com\/en\/wp-json\/wp\/v2\/types\/page"}],"author":[{"embeddable":true,"href":"https:\/\/longplaymusicfilmfestival.com\/en\/wp-json\/wp\/v2\/users\/1"}],"replies":[{"embeddable":true,"href":"https:\/\/longplaymusicfilmfestival.com\/en\/wp-json\/wp\/v2\/comments?post=279"}],"version-history":[{"count":6,"href":"https:\/\/longplaymusicfilmfestival.com\/en\/wp-json\/wp\/v2\/pages\/279\/revisions"}],"predecessor-version":[{"id":679,"href":"https:\/\/longplaymusicfilmfestival.com\/en\/wp-json\/wp\/v2\/pages\/279\/revisions\/679"}],"wp:attachment":[{"href":"https:\/\/longplaymusicfilmfestival.com\/en\/wp-json\/wp\/v2\/media?parent=279"}],"curies":[{"name":"wp","href":"https:\/\/api.w.org\/{rel}","templated":true}]}}